{"id":6884,"date":"2025-11-13T15:52:20","date_gmt":"2025-11-13T13:52:20","guid":{"rendered":"https:\/\/posmaster.lv\/produkts\/atslegu-maja-ar-urbumiem\/"},"modified":"2025-12-17T15:18:57","modified_gmt":"2025-12-17T13:18:57","slug":"key-holder-with-holes","status":"publish","type":"product","link":"https:\/\/posmaster.lv\/en\/produkts\/key-holder-with-holes\/","title":{"rendered":"Key Holder House"},"content":{"rendered":"<p>A transparent acrylic key holder with a stylish roof-shaped design, created for convenient and tidy key storage. The holes located at the top of the roof serve as insertion points for keys, allowing multiple keys to be organized at once. Perfect for use at home, in the office, or in public spaces where clear and aesthetic key organization is required.<\/p>\n","protected":false},"excerpt":{"rendered":"<p>Akrila atsl\u0113gu m\u0101ja ar urbumiem, kas paredz\u0113ti \u0113rtai atsl\u0113gu ievieto\u0161anai un organiz\u0113\u0161anai.<\/p>\n","protected":false},"featured_media":6848,"comment_status":"open","ping_status":"closed","template":"","meta":{"_acf_changed":false},"product_brand":[],"product_cat":[186,195,216],"product_tag":[],"class_list":{"0":"post-6884","1":"product","2":"type-product","3":"status-publish","4":"has-post-thumbnail","6":"product_cat-organic-glass-products","7":"product_cat-organisers","8":"product_cat-organisers-en","9":"pa_nozares-exhibitions","10":"pa_nozares-for-home-and-hobbies","11":"pa_nozares-horeca","13":"first","14":"onbackorder","15":"taxable","16":"shipping-taxable","17":"purchasable","18":"product-type-simple"},"acf":[],"yoast_head":"<!-- This site is optimized with the Yoast SEO plugin v25.8 - https:\/\/yoast.com\/wordpress\/plugins\/seo\/ -->\n<title>Key Holder House - Posmaster.lv<\/title>\n<meta name=\"description\" content=\"A functional acrylic key holder with holes for inserting keys \u2014 a stylish solution for neat storage.\" \/>\n<meta name=\"robots\" content=\"index, follow, max-snippet:-1, max-image-preview:large, max-video-preview:-1\" \/>\n<link rel=\"canonical\" href=\"https:\/\/posmaster.lv\/en\/produkts\/key-holder-with-holes\/\" \/>\n<meta property=\"og:locale\" content=\"en_US\" \/>\n<meta property=\"og:type\" content=\"article\" \/>\n<meta property=\"og:title\" content=\"Key Holder House - Posmaster.lv\" \/>\n<meta property=\"og:description\" content=\"A functional acrylic key holder with holes for inserting keys \u2014 a stylish solution for neat storage.\" \/>\n<meta property=\"og:url\" content=\"https:\/\/posmaster.lv\/en\/produkts\/key-holder-with-holes\/\" \/>\n<meta property=\"og:site_name\" content=\"Posmaster.lv\" \/>\n<meta property=\"article:modified_time\" content=\"2025-12-17T13:18:57+00:00\" \/>\n<meta property=\"og:image\" content=\"https:\/\/posmaster.lv\/wp-content\/uploads\/2025\/11\/KEY_HOUSE_03.png\" \/>\n\t<meta property=\"og:image:width\" content=\"1731\" \/>\n\t<meta property=\"og:image:height\" content=\"1731\" \/>\n\t<meta property=\"og:image:type\" content=\"image\/png\" \/>\n<meta name=\"twitter:card\" content=\"summary_large_image\" \/>\n<meta name=\"twitter:label1\" content=\"Est. reading time\" \/>\n\t<meta name=\"twitter:data1\" content=\"1 minute\" \/>\n<script type=\"application\/ld+json\" class=\"yoast-schema-graph\">{\"@context\":\"https:\/\/schema.org\",\"@graph\":[{\"@type\":\"WebPage\",\"@id\":\"https:\/\/posmaster.lv\/en\/produkts\/key-holder-with-holes\/\",\"url\":\"https:\/\/posmaster.lv\/en\/produkts\/key-holder-with-holes\/\",\"name\":\"Key Holder House - Posmaster.lv\",\"isPartOf\":{\"@id\":\"https:\/\/posmaster.lv\/en\/#website\"},\"primaryImageOfPage\":{\"@id\":\"https:\/\/posmaster.lv\/en\/produkts\/key-holder-with-holes\/#primaryimage\"},\"image\":{\"@id\":\"https:\/\/posmaster.lv\/en\/produkts\/key-holder-with-holes\/#primaryimage\"},\"thumbnailUrl\":\"https:\/\/posmaster.lv\/wp-content\/uploads\/2025\/11\/KEY_HOUSE_03.png\",\"datePublished\":\"2025-11-13T13:52:20+00:00\",\"dateModified\":\"2025-12-17T13:18:57+00:00\",\"description\":\"A functional acrylic key holder with holes for inserting keys \u2014 a stylish solution for neat storage.\",\"breadcrumb\":{\"@id\":\"https:\/\/posmaster.lv\/en\/produkts\/key-holder-with-holes\/#breadcrumb\"},\"inLanguage\":\"en-US\",\"potentialAction\":[{\"@type\":\"ReadAction\",\"target\":[\"https:\/\/posmaster.lv\/en\/produkts\/key-holder-with-holes\/\"]}]},{\"@type\":\"ImageObject\",\"inLanguage\":\"en-US\",\"@id\":\"https:\/\/posmaster.lv\/en\/produkts\/key-holder-with-holes\/#primaryimage\",\"url\":\"https:\/\/posmaster.lv\/wp-content\/uploads\/2025\/11\/KEY_HOUSE_03.png\",\"contentUrl\":\"https:\/\/posmaster.lv\/wp-content\/uploads\/2025\/11\/KEY_HOUSE_03.png\",\"width\":1731,\"height\":1731},{\"@type\":\"BreadcrumbList\",\"@id\":\"https:\/\/posmaster.lv\/en\/produkts\/key-holder-with-holes\/#breadcrumb\",\"itemListElement\":[{\"@type\":\"ListItem\",\"position\":1,\"name\":\"S\u0101kums\",\"item\":\"https:\/\/posmaster.lv\/en\/\"},{\"@type\":\"ListItem\",\"position\":2,\"name\":\"Shop\",\"item\":\"https:\/\/posmaster.lv\/en\/shop-eng\/\"},{\"@type\":\"ListItem\",\"position\":3,\"name\":\"Key Holder House\"}]},{\"@type\":\"WebSite\",\"@id\":\"https:\/\/posmaster.lv\/en\/#website\",\"url\":\"https:\/\/posmaster.lv\/en\/\",\"name\":\"Posmaster.lv\",\"description\":\"CNC grie\u0161ana, l\u0101zergrie\u0161ana, plastmasas izstr\u0101djumi u.c.\",\"publisher\":{\"@id\":\"https:\/\/posmaster.lv\/en\/#organization\"},\"potentialAction\":[{\"@type\":\"SearchAction\",\"target\":{\"@type\":\"EntryPoint\",\"urlTemplate\":\"https:\/\/posmaster.lv\/en\/?s={search_term_string}\"},\"query-input\":{\"@type\":\"PropertyValueSpecification\",\"valueRequired\":true,\"valueName\":\"search_term_string\"}}],\"inLanguage\":\"en-US\"},{\"@type\":\"Organization\",\"@id\":\"https:\/\/posmaster.lv\/en\/#organization\",\"name\":\"Posmaster.lv\",\"url\":\"https:\/\/posmaster.lv\/en\/\",\"logo\":{\"@type\":\"ImageObject\",\"inLanguage\":\"en-US\",\"@id\":\"https:\/\/posmaster.lv\/en\/#\/schema\/logo\/image\/\",\"url\":\"https:\/\/posmaster.lv\/wp-content\/uploads\/2025\/05\/Vector.svg\",\"contentUrl\":\"https:\/\/posmaster.lv\/wp-content\/uploads\/2025\/05\/Vector.svg\",\"width\":1,\"height\":1,\"caption\":\"Posmaster.lv\"},\"image\":{\"@id\":\"https:\/\/posmaster.lv\/en\/#\/schema\/logo\/image\/\"}}]}<\/script>\n<!-- \/ Yoast SEO plugin. -->","yoast_head_json":{"title":"Key Holder House - Posmaster.lv","description":"A functional acrylic key holder with holes for inserting keys \u2014 a stylish solution for neat storage.","robots":{"index":"index","follow":"follow","max-snippet":"max-snippet:-1","max-image-preview":"max-image-preview:large","max-video-preview":"max-video-preview:-1"},"canonical":"https:\/\/posmaster.lv\/en\/produkts\/key-holder-with-holes\/","og_locale":"en_US","og_type":"article","og_title":"Key Holder House - Posmaster.lv","og_description":"A functional acrylic key holder with holes for inserting keys \u2014 a stylish solution for neat storage.","og_url":"https:\/\/posmaster.lv\/en\/produkts\/key-holder-with-holes\/","og_site_name":"Posmaster.lv","article_modified_time":"2025-12-17T13:18:57+00:00","og_image":[{"width":1731,"height":1731,"url":"https:\/\/posmaster.lv\/wp-content\/uploads\/2025\/11\/KEY_HOUSE_03.png","type":"image\/png"}],"twitter_card":"summary_large_image","twitter_misc":{"Est. reading time":"1 minute"},"schema":{"@context":"https:\/\/schema.org","@graph":[{"@type":"WebPage","@id":"https:\/\/posmaster.lv\/en\/produkts\/key-holder-with-holes\/","url":"https:\/\/posmaster.lv\/en\/produkts\/key-holder-with-holes\/","name":"Key Holder House - Posmaster.lv","isPartOf":{"@id":"https:\/\/posmaster.lv\/en\/#website"},"primaryImageOfPage":{"@id":"https:\/\/posmaster.lv\/en\/produkts\/key-holder-with-holes\/#primaryimage"},"image":{"@id":"https:\/\/posmaster.lv\/en\/produkts\/key-holder-with-holes\/#primaryimage"},"thumbnailUrl":"https:\/\/posmaster.lv\/wp-content\/uploads\/2025\/11\/KEY_HOUSE_03.png","datePublished":"2025-11-13T13:52:20+00:00","dateModified":"2025-12-17T13:18:57+00:00","description":"A functional acrylic key holder with holes for inserting keys \u2014 a stylish solution for neat storage.","breadcrumb":{"@id":"https:\/\/posmaster.lv\/en\/produkts\/key-holder-with-holes\/#breadcrumb"},"inLanguage":"en-US","potentialAction":[{"@type":"ReadAction","target":["https:\/\/posmaster.lv\/en\/produkts\/key-holder-with-holes\/"]}]},{"@type":"ImageObject","inLanguage":"en-US","@id":"https:\/\/posmaster.lv\/en\/produkts\/key-holder-with-holes\/#primaryimage","url":"https:\/\/posmaster.lv\/wp-content\/uploads\/2025\/11\/KEY_HOUSE_03.png","contentUrl":"https:\/\/posmaster.lv\/wp-content\/uploads\/2025\/11\/KEY_HOUSE_03.png","width":1731,"height":1731},{"@type":"BreadcrumbList","@id":"https:\/\/posmaster.lv\/en\/produkts\/key-holder-with-holes\/#breadcrumb","itemListElement":[{"@type":"ListItem","position":1,"name":"S\u0101kums","item":"https:\/\/posmaster.lv\/en\/"},{"@type":"ListItem","position":2,"name":"Shop","item":"https:\/\/posmaster.lv\/en\/shop-eng\/"},{"@type":"ListItem","position":3,"name":"Key Holder House"}]},{"@type":"WebSite","@id":"https:\/\/posmaster.lv\/en\/#website","url":"https:\/\/posmaster.lv\/en\/","name":"Posmaster.lv","description":"CNC grie\u0161ana, l\u0101zergrie\u0161ana, plastmasas izstr\u0101djumi u.c.","publisher":{"@id":"https:\/\/posmaster.lv\/en\/#organization"},"potentialAction":[{"@type":"SearchAction","target":{"@type":"EntryPoint","urlTemplate":"https:\/\/posmaster.lv\/en\/?s={search_term_string}"},"query-input":{"@type":"PropertyValueSpecification","valueRequired":true,"valueName":"search_term_string"}}],"inLanguage":"en-US"},{"@type":"Organization","@id":"https:\/\/posmaster.lv\/en\/#organization","name":"Posmaster.lv","url":"https:\/\/posmaster.lv\/en\/","logo":{"@type":"ImageObject","inLanguage":"en-US","@id":"https:\/\/posmaster.lv\/en\/#\/schema\/logo\/image\/","url":"https:\/\/posmaster.lv\/wp-content\/uploads\/2025\/05\/Vector.svg","contentUrl":"https:\/\/posmaster.lv\/wp-content\/uploads\/2025\/05\/Vector.svg","width":1,"height":1,"caption":"Posmaster.lv"},"image":{"@id":"https:\/\/posmaster.lv\/en\/#\/schema\/logo\/image\/"}}]}},"_links":{"self":[{"href":"https:\/\/posmaster.lv\/en\/wp-json\/wp\/v2\/product\/6884","targetHints":{"allow":["GET"]}}],"collection":[{"href":"https:\/\/posmaster.lv\/en\/wp-json\/wp\/v2\/product"}],"about":[{"href":"https:\/\/posmaster.lv\/en\/wp-json\/wp\/v2\/types\/product"}],"replies":[{"embeddable":true,"href":"https:\/\/posmaster.lv\/en\/wp-json\/wp\/v2\/comments?post=6884"}],"wp:featuredmedia":[{"embeddable":true,"href":"https:\/\/posmaster.lv\/en\/wp-json\/wp\/v2\/media\/6848"}],"wp:attachment":[{"href":"https:\/\/posmaster.lv\/en\/wp-json\/wp\/v2\/media?parent=6884"}],"wp:term":[{"taxonomy":"product_brand","embeddable":true,"href":"https:\/\/posmaster.lv\/en\/wp-json\/wp\/v2\/product_brand?post=6884"},{"taxonomy":"product_cat","embeddable":true,"href":"https:\/\/posmaster.lv\/en\/wp-json\/wp\/v2\/product_cat?post=6884"},{"taxonomy":"product_tag","embeddable":true,"href":"https:\/\/posmaster.lv\/en\/wp-json\/wp\/v2\/product_tag?post=6884"}],"curies":[{"name":"wp","href":"https:\/\/api.w.org\/{rel}","templated":true}]}}