{"id":6869,"date":"2025-11-13T16:50:44","date_gmt":"2025-11-13T14:50:44","guid":{"rendered":"https:\/\/posmaster.lv\/?post_type=product&#038;p=6869"},"modified":"2026-03-05T11:06:15","modified_gmt":"2026-03-05T09:06:15","slug":"dekorativs-akrila-plauktins","status":"publish","type":"product","link":"https:\/\/posmaster.lv\/en\/produkts\/dekorativs-akrila-plauktins\/","title":{"rendered":"Dekorat\u012bvs akrila plaukti\u0146\u0161"},"content":{"rendered":"<p>Elegants caursp\u012bd\u012bgs akrila plaukti\u0146\u0161 ar dekorat\u012bvu aizmugures paneli un izliekt\u0101m s\u0101nu mal\u0101m. Paredz\u0113ts nelielu priek\u0161metu izvieto\u0161anai \u2014 piem\u0113ram, kosm\u0113tikai, aksesu\u0101riem, suven\u012briem vai dekoriem. Piestiprin\u0101ms pie sienas, tas apvieno praktiskumu ar est\u0113tisku dizainu, padarot to par lielisku papildin\u0101jumu m\u0101jas interjeram, salonam vai tirdzniec\u012bbas telpai.<\/p>\n<ul>\n<li>Izm\u0113rs 700x65x151 mm<\/li>\n<li>Ograniskais stikls 4 mm<\/li>\n<\/ul>\n","protected":false},"excerpt":{"rendered":"<p>Stil\u012bgs sienas plaukti\u0146\u0161 no caursp\u012bd\u012bga akrila ar dekorat\u012bvu aizmuguri un izliekt\u0101m mal\u0101m.<\/p>\n","protected":false},"featured_media":6870,"comment_status":"open","ping_status":"closed","template":"","meta":{"_acf_changed":false},"product_brand":[],"product_cat":[136,131,130],"product_tag":[],"class_list":{"0":"post-6869","1":"product","2":"type-product","3":"status-publish","4":"has-post-thumbnail","6":"product_cat-produktu-stendi","7":"product_cat-reklamas-stendi","8":"product_cat-stendi-2","10":"first","11":"onbackorder","12":"taxable","13":"shipping-taxable","14":"purchasable","15":"product-type-variable"},"acf":[],"yoast_head":"<!-- This site is optimized with the Yoast SEO plugin v25.8 - https:\/\/yoast.com\/wordpress\/plugins\/seo\/ -->\n<title>Dekorat\u012bvs akrila plaukti\u0146\u0161 - Posmaster.lv<\/title>\n<meta name=\"description\" content=\"Caursp\u012bd\u012bgs dekorat\u012bvs akrila plaukti\u0146\u0161 ar elegantu dizainu \u2014 ide\u0101ls risin\u0101jums priek\u0161metu izvieto\u0161anai un interjera papildin\u0101\u0161anai.\" \/>\n<meta name=\"robots\" content=\"index, follow, max-snippet:-1, max-image-preview:large, max-video-preview:-1\" \/>\n<link rel=\"canonical\" href=\"https:\/\/posmaster.lv\/en\/produkts\/dekorativs-akrila-plauktins\/\" \/>\n<meta property=\"og:locale\" content=\"en_US\" \/>\n<meta property=\"og:type\" content=\"article\" \/>\n<meta property=\"og:title\" content=\"Dekorat\u012bvs akrila plaukti\u0146\u0161 - Posmaster.lv\" \/>\n<meta property=\"og:description\" content=\"Caursp\u012bd\u012bgs dekorat\u012bvs akrila plaukti\u0146\u0161 ar elegantu dizainu \u2014 ide\u0101ls risin\u0101jums priek\u0161metu izvieto\u0161anai un interjera papildin\u0101\u0161anai.\" \/>\n<meta property=\"og:url\" content=\"https:\/\/posmaster.lv\/en\/produkts\/dekorativs-akrila-plauktins\/\" \/>\n<meta property=\"og:site_name\" content=\"Posmaster.lv\" \/>\n<meta property=\"article:modified_time\" content=\"2026-03-05T09:06:15+00:00\" \/>\n<meta property=\"og:image\" content=\"https:\/\/posmaster.lv\/wp-content\/uploads\/2025\/11\/SMALL_SHELF_03.png\" \/>\n\t<meta property=\"og:image:width\" content=\"1731\" \/>\n\t<meta property=\"og:image:height\" content=\"1731\" \/>\n\t<meta property=\"og:image:type\" content=\"image\/png\" \/>\n<meta name=\"twitter:card\" content=\"summary_large_image\" \/>\n<meta name=\"twitter:label1\" content=\"Est. reading time\" \/>\n\t<meta name=\"twitter:data1\" content=\"1 minute\" \/>\n<script type=\"application\/ld+json\" class=\"yoast-schema-graph\">{\"@context\":\"https:\/\/schema.org\",\"@graph\":[{\"@type\":\"WebPage\",\"@id\":\"https:\/\/posmaster.lv\/en\/produkts\/dekorativs-akrila-plauktins\/\",\"url\":\"https:\/\/posmaster.lv\/en\/produkts\/dekorativs-akrila-plauktins\/\",\"name\":\"Dekorat\u012bvs akrila plaukti\u0146\u0161 - Posmaster.lv\",\"isPartOf\":{\"@id\":\"https:\/\/posmaster.lv\/en\/#website\"},\"primaryImageOfPage\":{\"@id\":\"https:\/\/posmaster.lv\/en\/produkts\/dekorativs-akrila-plauktins\/#primaryimage\"},\"image\":{\"@id\":\"https:\/\/posmaster.lv\/en\/produkts\/dekorativs-akrila-plauktins\/#primaryimage\"},\"thumbnailUrl\":\"https:\/\/posmaster.lv\/wp-content\/uploads\/2025\/11\/SMALL_SHELF_03.png\",\"datePublished\":\"2025-11-13T14:50:44+00:00\",\"dateModified\":\"2026-03-05T09:06:15+00:00\",\"description\":\"Caursp\u012bd\u012bgs dekorat\u012bvs akrila plaukti\u0146\u0161 ar elegantu dizainu \u2014 ide\u0101ls risin\u0101jums priek\u0161metu izvieto\u0161anai un interjera papildin\u0101\u0161anai.\",\"breadcrumb\":{\"@id\":\"https:\/\/posmaster.lv\/en\/produkts\/dekorativs-akrila-plauktins\/#breadcrumb\"},\"inLanguage\":\"en-US\",\"potentialAction\":[{\"@type\":\"ReadAction\",\"target\":[\"https:\/\/posmaster.lv\/en\/produkts\/dekorativs-akrila-plauktins\/\"]}]},{\"@type\":\"ImageObject\",\"inLanguage\":\"en-US\",\"@id\":\"https:\/\/posmaster.lv\/en\/produkts\/dekorativs-akrila-plauktins\/#primaryimage\",\"url\":\"https:\/\/posmaster.lv\/wp-content\/uploads\/2025\/11\/SMALL_SHELF_03.png\",\"contentUrl\":\"https:\/\/posmaster.lv\/wp-content\/uploads\/2025\/11\/SMALL_SHELF_03.png\",\"width\":1731,\"height\":1731},{\"@type\":\"BreadcrumbList\",\"@id\":\"https:\/\/posmaster.lv\/en\/produkts\/dekorativs-akrila-plauktins\/#breadcrumb\",\"itemListElement\":[{\"@type\":\"ListItem\",\"position\":1,\"name\":\"S\u0101kums\",\"item\":\"https:\/\/posmaster.lv\/en\/\"},{\"@type\":\"ListItem\",\"position\":2,\"name\":\"Shop\",\"item\":\"https:\/\/posmaster.lv\/en\/shop-eng\/\"},{\"@type\":\"ListItem\",\"position\":3,\"name\":\"Dekorat\u012bvs akrila plaukti\u0146\u0161\"}]},{\"@type\":\"WebSite\",\"@id\":\"https:\/\/posmaster.lv\/en\/#website\",\"url\":\"https:\/\/posmaster.lv\/en\/\",\"name\":\"Posmaster.lv\",\"description\":\"CNC grie\u0161ana, l\u0101zergrie\u0161ana, plastmasas izstr\u0101djumi u.c.\",\"publisher\":{\"@id\":\"https:\/\/posmaster.lv\/en\/#organization\"},\"potentialAction\":[{\"@type\":\"SearchAction\",\"target\":{\"@type\":\"EntryPoint\",\"urlTemplate\":\"https:\/\/posmaster.lv\/en\/?s={search_term_string}\"},\"query-input\":{\"@type\":\"PropertyValueSpecification\",\"valueRequired\":true,\"valueName\":\"search_term_string\"}}],\"inLanguage\":\"en-US\"},{\"@type\":\"Organization\",\"@id\":\"https:\/\/posmaster.lv\/en\/#organization\",\"name\":\"Posmaster.lv\",\"url\":\"https:\/\/posmaster.lv\/en\/\",\"logo\":{\"@type\":\"ImageObject\",\"inLanguage\":\"en-US\",\"@id\":\"https:\/\/posmaster.lv\/en\/#\/schema\/logo\/image\/\",\"url\":\"https:\/\/posmaster.lv\/wp-content\/uploads\/2025\/05\/Vector.svg\",\"contentUrl\":\"https:\/\/posmaster.lv\/wp-content\/uploads\/2025\/05\/Vector.svg\",\"width\":1,\"height\":1,\"caption\":\"Posmaster.lv\"},\"image\":{\"@id\":\"https:\/\/posmaster.lv\/en\/#\/schema\/logo\/image\/\"}}]}<\/script>\n<!-- \/ Yoast SEO plugin. -->","yoast_head_json":{"title":"Dekorat\u012bvs akrila plaukti\u0146\u0161 - Posmaster.lv","description":"Caursp\u012bd\u012bgs dekorat\u012bvs akrila plaukti\u0146\u0161 ar elegantu dizainu \u2014 ide\u0101ls risin\u0101jums priek\u0161metu izvieto\u0161anai un interjera papildin\u0101\u0161anai.","robots":{"index":"index","follow":"follow","max-snippet":"max-snippet:-1","max-image-preview":"max-image-preview:large","max-video-preview":"max-video-preview:-1"},"canonical":"https:\/\/posmaster.lv\/en\/produkts\/dekorativs-akrila-plauktins\/","og_locale":"en_US","og_type":"article","og_title":"Dekorat\u012bvs akrila plaukti\u0146\u0161 - Posmaster.lv","og_description":"Caursp\u012bd\u012bgs dekorat\u012bvs akrila plaukti\u0146\u0161 ar elegantu dizainu \u2014 ide\u0101ls risin\u0101jums priek\u0161metu izvieto\u0161anai un interjera papildin\u0101\u0161anai.","og_url":"https:\/\/posmaster.lv\/en\/produkts\/dekorativs-akrila-plauktins\/","og_site_name":"Posmaster.lv","article_modified_time":"2026-03-05T09:06:15+00:00","og_image":[{"width":1731,"height":1731,"url":"https:\/\/posmaster.lv\/wp-content\/uploads\/2025\/11\/SMALL_SHELF_03.png","type":"image\/png"}],"twitter_card":"summary_large_image","twitter_misc":{"Est. reading time":"1 minute"},"schema":{"@context":"https:\/\/schema.org","@graph":[{"@type":"WebPage","@id":"https:\/\/posmaster.lv\/en\/produkts\/dekorativs-akrila-plauktins\/","url":"https:\/\/posmaster.lv\/en\/produkts\/dekorativs-akrila-plauktins\/","name":"Dekorat\u012bvs akrila plaukti\u0146\u0161 - Posmaster.lv","isPartOf":{"@id":"https:\/\/posmaster.lv\/en\/#website"},"primaryImageOfPage":{"@id":"https:\/\/posmaster.lv\/en\/produkts\/dekorativs-akrila-plauktins\/#primaryimage"},"image":{"@id":"https:\/\/posmaster.lv\/en\/produkts\/dekorativs-akrila-plauktins\/#primaryimage"},"thumbnailUrl":"https:\/\/posmaster.lv\/wp-content\/uploads\/2025\/11\/SMALL_SHELF_03.png","datePublished":"2025-11-13T14:50:44+00:00","dateModified":"2026-03-05T09:06:15+00:00","description":"Caursp\u012bd\u012bgs dekorat\u012bvs akrila plaukti\u0146\u0161 ar elegantu dizainu \u2014 ide\u0101ls risin\u0101jums priek\u0161metu izvieto\u0161anai un interjera papildin\u0101\u0161anai.","breadcrumb":{"@id":"https:\/\/posmaster.lv\/en\/produkts\/dekorativs-akrila-plauktins\/#breadcrumb"},"inLanguage":"en-US","potentialAction":[{"@type":"ReadAction","target":["https:\/\/posmaster.lv\/en\/produkts\/dekorativs-akrila-plauktins\/"]}]},{"@type":"ImageObject","inLanguage":"en-US","@id":"https:\/\/posmaster.lv\/en\/produkts\/dekorativs-akrila-plauktins\/#primaryimage","url":"https:\/\/posmaster.lv\/wp-content\/uploads\/2025\/11\/SMALL_SHELF_03.png","contentUrl":"https:\/\/posmaster.lv\/wp-content\/uploads\/2025\/11\/SMALL_SHELF_03.png","width":1731,"height":1731},{"@type":"BreadcrumbList","@id":"https:\/\/posmaster.lv\/en\/produkts\/dekorativs-akrila-plauktins\/#breadcrumb","itemListElement":[{"@type":"ListItem","position":1,"name":"S\u0101kums","item":"https:\/\/posmaster.lv\/en\/"},{"@type":"ListItem","position":2,"name":"Shop","item":"https:\/\/posmaster.lv\/en\/shop-eng\/"},{"@type":"ListItem","position":3,"name":"Dekorat\u012bvs akrila plaukti\u0146\u0161"}]},{"@type":"WebSite","@id":"https:\/\/posmaster.lv\/en\/#website","url":"https:\/\/posmaster.lv\/en\/","name":"Posmaster.lv","description":"CNC grie\u0161ana, l\u0101zergrie\u0161ana, plastmasas izstr\u0101djumi u.c.","publisher":{"@id":"https:\/\/posmaster.lv\/en\/#organization"},"potentialAction":[{"@type":"SearchAction","target":{"@type":"EntryPoint","urlTemplate":"https:\/\/posmaster.lv\/en\/?s={search_term_string}"},"query-input":{"@type":"PropertyValueSpecification","valueRequired":true,"valueName":"search_term_string"}}],"inLanguage":"en-US"},{"@type":"Organization","@id":"https:\/\/posmaster.lv\/en\/#organization","name":"Posmaster.lv","url":"https:\/\/posmaster.lv\/en\/","logo":{"@type":"ImageObject","inLanguage":"en-US","@id":"https:\/\/posmaster.lv\/en\/#\/schema\/logo\/image\/","url":"https:\/\/posmaster.lv\/wp-content\/uploads\/2025\/05\/Vector.svg","contentUrl":"https:\/\/posmaster.lv\/wp-content\/uploads\/2025\/05\/Vector.svg","width":1,"height":1,"caption":"Posmaster.lv"},"image":{"@id":"https:\/\/posmaster.lv\/en\/#\/schema\/logo\/image\/"}}]}},"_links":{"self":[{"href":"https:\/\/posmaster.lv\/en\/wp-json\/wp\/v2\/product\/6869","targetHints":{"allow":["GET"]}}],"collection":[{"href":"https:\/\/posmaster.lv\/en\/wp-json\/wp\/v2\/product"}],"about":[{"href":"https:\/\/posmaster.lv\/en\/wp-json\/wp\/v2\/types\/product"}],"replies":[{"embeddable":true,"href":"https:\/\/posmaster.lv\/en\/wp-json\/wp\/v2\/comments?post=6869"}],"wp:featuredmedia":[{"embeddable":true,"href":"https:\/\/posmaster.lv\/en\/wp-json\/wp\/v2\/media\/6870"}],"wp:attachment":[{"href":"https:\/\/posmaster.lv\/en\/wp-json\/wp\/v2\/media?parent=6869"}],"wp:term":[{"taxonomy":"product_brand","embeddable":true,"href":"https:\/\/posmaster.lv\/en\/wp-json\/wp\/v2\/product_brand?post=6869"},{"taxonomy":"product_cat","embeddable":true,"href":"https:\/\/posmaster.lv\/en\/wp-json\/wp\/v2\/product_cat?post=6869"},{"taxonomy":"product_tag","embeddable":true,"href":"https:\/\/posmaster.lv\/en\/wp-json\/wp\/v2\/product_tag?post=6869"}],"curies":[{"name":"wp","href":"https:\/\/api.w.org\/{rel}","templated":true}]}}