{"id":6633,"date":"2025-06-16T16:56:18","date_gmt":"2025-06-16T13:56:18","guid":{"rendered":"https:\/\/posmaster.lv\/produkts\/salfesu-turejas\/"},"modified":"2026-01-21T14:09:32","modified_gmt":"2026-01-21T12:09:32","slug":"napkin-holder","status":"publish","type":"product","link":"https:\/\/posmaster.lv\/en\/produkts\/napkin-holder\/","title":{"rendered":"Napkin Holder"},"content":{"rendered":"<p>Create order and add a stylish accent to your table with our napkin holder! Elegantly designed, this holder is the perfect solution for storing and organizing napkins, ensuring they\u2019re always accessible and neatly arranged.<\/p>\n<p><strong>Product Features:<\/strong><\/p>\n<ul>\n<li><strong>Functional Design:<\/strong> Designed to comfortably hold standard-size napkins, offering quick access and easy everyday use.<\/li>\n<li><strong>High-Quality Materials:<\/strong> Made from durable, long-lasting materials that ensure stability and preserve shape and functionality over time.<\/li>\n<li><strong>Stylish Appearance:<\/strong> The modern and elegant design makes this napkin holder a great addition to any kitchen, living room, or festive table setting.<\/li>\n<li><strong>Easy to Maintain:<\/strong> The holder is easy to clean, helping you keep it neat and tidy with minimal effort.<\/li>\n<\/ul>\n<div><\/div>\n","protected":false},"excerpt":{"rendered":"<p>Choose our napkin holder to add not only practicality but also style to your table!<\/p>\n","protected":false},"featured_media":4281,"comment_status":"open","ping_status":"closed","template":"","meta":{"_acf_changed":false},"product_brand":[],"product_cat":[192,186],"product_tag":[],"class_list":{"0":"post-6633","1":"product","2":"type-product","3":"status-publish","4":"has-post-thumbnail","6":"product_cat-holders","7":"product_cat-organic-glass-products","8":"pa_nozares-horeca","9":"pa_nozares-petrol-stations","10":"pa_nozares-pharmacies","12":"first","13":"onbackorder","14":"taxable","15":"shipping-taxable","16":"purchasable","17":"product-type-simple"},"acf":[],"yoast_head":"<!-- This site is optimized with the Yoast SEO plugin v25.8 - https:\/\/yoast.com\/wordpress\/plugins\/seo\/ -->\n<title>Napkin Holder - Posmaster.lv<\/title>\n<meta name=\"description\" content=\"Acrylic Napkin Holder \u2013 durable, transparent, and practical. Provides convenient napkin storage and protection against dirt and moisture.\" \/>\n<meta name=\"robots\" content=\"index, follow, max-snippet:-1, max-image-preview:large, max-video-preview:-1\" \/>\n<link rel=\"canonical\" href=\"https:\/\/posmaster.lv\/en\/produkts\/napkin-holder\/\" \/>\n<meta property=\"og:locale\" content=\"en_US\" \/>\n<meta property=\"og:type\" content=\"article\" \/>\n<meta property=\"og:title\" content=\"Napkin Holder - Posmaster.lv\" \/>\n<meta property=\"og:description\" content=\"Acrylic Napkin Holder \u2013 durable, transparent, and practical. Provides convenient napkin storage and protection against dirt and moisture.\" \/>\n<meta property=\"og:url\" content=\"https:\/\/posmaster.lv\/en\/produkts\/napkin-holder\/\" \/>\n<meta property=\"og:site_name\" content=\"Posmaster.lv\" \/>\n<meta property=\"article:modified_time\" content=\"2026-01-21T12:09:32+00:00\" \/>\n<meta property=\"og:image\" content=\"https:\/\/posmaster.lv\/wp-content\/uploads\/2025\/06\/TISSUE_HOLDER_00-1024x1024.png\" \/>\n\t<meta property=\"og:image:width\" content=\"1024\" \/>\n\t<meta property=\"og:image:height\" content=\"1024\" \/>\n\t<meta property=\"og:image:type\" content=\"image\/png\" \/>\n<meta name=\"twitter:card\" content=\"summary_large_image\" \/>\n<meta name=\"twitter:label1\" content=\"Est. reading time\" \/>\n\t<meta name=\"twitter:data1\" content=\"1 minute\" \/>\n<script type=\"application\/ld+json\" class=\"yoast-schema-graph\">{\"@context\":\"https:\/\/schema.org\",\"@graph\":[{\"@type\":\"WebPage\",\"@id\":\"https:\/\/posmaster.lv\/en\/produkts\/napkin-holder\/\",\"url\":\"https:\/\/posmaster.lv\/en\/produkts\/napkin-holder\/\",\"name\":\"Napkin Holder - Posmaster.lv\",\"isPartOf\":{\"@id\":\"https:\/\/posmaster.lv\/en\/#website\"},\"primaryImageOfPage\":{\"@id\":\"https:\/\/posmaster.lv\/en\/produkts\/napkin-holder\/#primaryimage\"},\"image\":{\"@id\":\"https:\/\/posmaster.lv\/en\/produkts\/napkin-holder\/#primaryimage\"},\"thumbnailUrl\":\"https:\/\/posmaster.lv\/wp-content\/uploads\/2025\/06\/TISSUE_HOLDER_00.png\",\"datePublished\":\"2025-06-16T13:56:18+00:00\",\"dateModified\":\"2026-01-21T12:09:32+00:00\",\"description\":\"Acrylic Napkin Holder \u2013 durable, transparent, and practical. Provides convenient napkin storage and protection against dirt and moisture.\",\"breadcrumb\":{\"@id\":\"https:\/\/posmaster.lv\/en\/produkts\/napkin-holder\/#breadcrumb\"},\"inLanguage\":\"en-US\",\"potentialAction\":[{\"@type\":\"ReadAction\",\"target\":[\"https:\/\/posmaster.lv\/en\/produkts\/napkin-holder\/\"]}]},{\"@type\":\"ImageObject\",\"inLanguage\":\"en-US\",\"@id\":\"https:\/\/posmaster.lv\/en\/produkts\/napkin-holder\/#primaryimage\",\"url\":\"https:\/\/posmaster.lv\/wp-content\/uploads\/2025\/06\/TISSUE_HOLDER_00.png\",\"contentUrl\":\"https:\/\/posmaster.lv\/wp-content\/uploads\/2025\/06\/TISSUE_HOLDER_00.png\",\"width\":3484,\"height\":3484},{\"@type\":\"BreadcrumbList\",\"@id\":\"https:\/\/posmaster.lv\/en\/produkts\/napkin-holder\/#breadcrumb\",\"itemListElement\":[{\"@type\":\"ListItem\",\"position\":1,\"name\":\"S\u0101kums\",\"item\":\"https:\/\/posmaster.lv\/en\/\"},{\"@type\":\"ListItem\",\"position\":2,\"name\":\"Shop\",\"item\":\"https:\/\/posmaster.lv\/en\/shop-eng\/\"},{\"@type\":\"ListItem\",\"position\":3,\"name\":\"Napkin Holder\"}]},{\"@type\":\"WebSite\",\"@id\":\"https:\/\/posmaster.lv\/en\/#website\",\"url\":\"https:\/\/posmaster.lv\/en\/\",\"name\":\"Posmaster.lv\",\"description\":\"CNC grie\u0161ana, l\u0101zergrie\u0161ana, plastmasas izstr\u0101djumi u.c.\",\"publisher\":{\"@id\":\"https:\/\/posmaster.lv\/en\/#organization\"},\"potentialAction\":[{\"@type\":\"SearchAction\",\"target\":{\"@type\":\"EntryPoint\",\"urlTemplate\":\"https:\/\/posmaster.lv\/en\/?s={search_term_string}\"},\"query-input\":{\"@type\":\"PropertyValueSpecification\",\"valueRequired\":true,\"valueName\":\"search_term_string\"}}],\"inLanguage\":\"en-US\"},{\"@type\":\"Organization\",\"@id\":\"https:\/\/posmaster.lv\/en\/#organization\",\"name\":\"Posmaster.lv\",\"url\":\"https:\/\/posmaster.lv\/en\/\",\"logo\":{\"@type\":\"ImageObject\",\"inLanguage\":\"en-US\",\"@id\":\"https:\/\/posmaster.lv\/en\/#\/schema\/logo\/image\/\",\"url\":\"https:\/\/posmaster.lv\/wp-content\/uploads\/2025\/05\/Vector.svg\",\"contentUrl\":\"https:\/\/posmaster.lv\/wp-content\/uploads\/2025\/05\/Vector.svg\",\"width\":1,\"height\":1,\"caption\":\"Posmaster.lv\"},\"image\":{\"@id\":\"https:\/\/posmaster.lv\/en\/#\/schema\/logo\/image\/\"}}]}<\/script>\n<!-- \/ Yoast SEO plugin. -->","yoast_head_json":{"title":"Napkin Holder - Posmaster.lv","description":"Acrylic Napkin Holder \u2013 durable, transparent, and practical. Provides convenient napkin storage and protection against dirt and moisture.","robots":{"index":"index","follow":"follow","max-snippet":"max-snippet:-1","max-image-preview":"max-image-preview:large","max-video-preview":"max-video-preview:-1"},"canonical":"https:\/\/posmaster.lv\/en\/produkts\/napkin-holder\/","og_locale":"en_US","og_type":"article","og_title":"Napkin Holder - Posmaster.lv","og_description":"Acrylic Napkin Holder \u2013 durable, transparent, and practical. Provides convenient napkin storage and protection against dirt and moisture.","og_url":"https:\/\/posmaster.lv\/en\/produkts\/napkin-holder\/","og_site_name":"Posmaster.lv","article_modified_time":"2026-01-21T12:09:32+00:00","og_image":[{"width":1024,"height":1024,"url":"https:\/\/posmaster.lv\/wp-content\/uploads\/2025\/06\/TISSUE_HOLDER_00-1024x1024.png","type":"image\/png"}],"twitter_card":"summary_large_image","twitter_misc":{"Est. reading time":"1 minute"},"schema":{"@context":"https:\/\/schema.org","@graph":[{"@type":"WebPage","@id":"https:\/\/posmaster.lv\/en\/produkts\/napkin-holder\/","url":"https:\/\/posmaster.lv\/en\/produkts\/napkin-holder\/","name":"Napkin Holder - Posmaster.lv","isPartOf":{"@id":"https:\/\/posmaster.lv\/en\/#website"},"primaryImageOfPage":{"@id":"https:\/\/posmaster.lv\/en\/produkts\/napkin-holder\/#primaryimage"},"image":{"@id":"https:\/\/posmaster.lv\/en\/produkts\/napkin-holder\/#primaryimage"},"thumbnailUrl":"https:\/\/posmaster.lv\/wp-content\/uploads\/2025\/06\/TISSUE_HOLDER_00.png","datePublished":"2025-06-16T13:56:18+00:00","dateModified":"2026-01-21T12:09:32+00:00","description":"Acrylic Napkin Holder \u2013 durable, transparent, and practical. Provides convenient napkin storage and protection against dirt and moisture.","breadcrumb":{"@id":"https:\/\/posmaster.lv\/en\/produkts\/napkin-holder\/#breadcrumb"},"inLanguage":"en-US","potentialAction":[{"@type":"ReadAction","target":["https:\/\/posmaster.lv\/en\/produkts\/napkin-holder\/"]}]},{"@type":"ImageObject","inLanguage":"en-US","@id":"https:\/\/posmaster.lv\/en\/produkts\/napkin-holder\/#primaryimage","url":"https:\/\/posmaster.lv\/wp-content\/uploads\/2025\/06\/TISSUE_HOLDER_00.png","contentUrl":"https:\/\/posmaster.lv\/wp-content\/uploads\/2025\/06\/TISSUE_HOLDER_00.png","width":3484,"height":3484},{"@type":"BreadcrumbList","@id":"https:\/\/posmaster.lv\/en\/produkts\/napkin-holder\/#breadcrumb","itemListElement":[{"@type":"ListItem","position":1,"name":"S\u0101kums","item":"https:\/\/posmaster.lv\/en\/"},{"@type":"ListItem","position":2,"name":"Shop","item":"https:\/\/posmaster.lv\/en\/shop-eng\/"},{"@type":"ListItem","position":3,"name":"Napkin Holder"}]},{"@type":"WebSite","@id":"https:\/\/posmaster.lv\/en\/#website","url":"https:\/\/posmaster.lv\/en\/","name":"Posmaster.lv","description":"CNC grie\u0161ana, l\u0101zergrie\u0161ana, plastmasas izstr\u0101djumi u.c.","publisher":{"@id":"https:\/\/posmaster.lv\/en\/#organization"},"potentialAction":[{"@type":"SearchAction","target":{"@type":"EntryPoint","urlTemplate":"https:\/\/posmaster.lv\/en\/?s={search_term_string}"},"query-input":{"@type":"PropertyValueSpecification","valueRequired":true,"valueName":"search_term_string"}}],"inLanguage":"en-US"},{"@type":"Organization","@id":"https:\/\/posmaster.lv\/en\/#organization","name":"Posmaster.lv","url":"https:\/\/posmaster.lv\/en\/","logo":{"@type":"ImageObject","inLanguage":"en-US","@id":"https:\/\/posmaster.lv\/en\/#\/schema\/logo\/image\/","url":"https:\/\/posmaster.lv\/wp-content\/uploads\/2025\/05\/Vector.svg","contentUrl":"https:\/\/posmaster.lv\/wp-content\/uploads\/2025\/05\/Vector.svg","width":1,"height":1,"caption":"Posmaster.lv"},"image":{"@id":"https:\/\/posmaster.lv\/en\/#\/schema\/logo\/image\/"}}]}},"_links":{"self":[{"href":"https:\/\/posmaster.lv\/en\/wp-json\/wp\/v2\/product\/6633","targetHints":{"allow":["GET"]}}],"collection":[{"href":"https:\/\/posmaster.lv\/en\/wp-json\/wp\/v2\/product"}],"about":[{"href":"https:\/\/posmaster.lv\/en\/wp-json\/wp\/v2\/types\/product"}],"replies":[{"embeddable":true,"href":"https:\/\/posmaster.lv\/en\/wp-json\/wp\/v2\/comments?post=6633"}],"wp:featuredmedia":[{"embeddable":true,"href":"https:\/\/posmaster.lv\/en\/wp-json\/wp\/v2\/media\/4281"}],"wp:attachment":[{"href":"https:\/\/posmaster.lv\/en\/wp-json\/wp\/v2\/media?parent=6633"}],"wp:term":[{"taxonomy":"product_brand","embeddable":true,"href":"https:\/\/posmaster.lv\/en\/wp-json\/wp\/v2\/product_brand?post=6633"},{"taxonomy":"product_cat","embeddable":true,"href":"https:\/\/posmaster.lv\/en\/wp-json\/wp\/v2\/product_cat?post=6633"},{"taxonomy":"product_tag","embeddable":true,"href":"https:\/\/posmaster.lv\/en\/wp-json\/wp\/v2\/product_tag?post=6633"}],"curies":[{"name":"wp","href":"https:\/\/api.w.org\/{rel}","templated":true}]}}