{"id":6629,"date":"2025-06-17T13:41:17","date_gmt":"2025-06-17T10:41:17","guid":{"rendered":"https:\/\/posmaster.lv\/produkts\/brivi-stavoss-vienpusejs-informacijas-turetajs\/"},"modified":"2025-12-19T15:28:23","modified_gmt":"2025-12-19T13:28:23","slug":"free-standing-single-sided-information-holder","status":"publish","type":"product","link":"https:\/\/posmaster.lv\/en\/produkts\/free-standing-single-sided-information-holder\/","title":{"rendered":"Free-Standing Single-Sided Information Holder \u201cClassic\u201d"},"content":{"rendered":"<p>This classic acrylic holder, made from transparent material, is ideal for displaying product and price information without distracting from your promotional message. The \u201cAcryl-L\u201d stand is also well-suited for use in government institutions or the healthcare sector. With messages like \u201cPlease keep your distance,\u201d it helps highlight important guidelines within your organization.<\/p>\n<p>Thanks to its slight backward tilt, the acrylic sign holder is especially suitable for presentations in shop windows, exhibition stands, or on tables and counters. Inserting paper is simple\u2014just slide it between the dual acrylic panels.<\/p>\n","protected":false},"excerpt":{"rendered":"<p>Free-standing single-sided information holder \u2013 a stable and elegant solution for clear information display.<\/p>\n","protected":false},"featured_media":4324,"comment_status":"open","ping_status":"closed","template":"","meta":{"_acf_changed":false},"product_brand":[],"product_cat":[192,186],"product_tag":[],"class_list":{"0":"post-6629","1":"product","2":"type-product","3":"status-publish","4":"has-post-thumbnail","6":"product_cat-holders","7":"product_cat-organic-glass-products","8":"pa_nozares-bookstores","9":"pa_nozares-event-organization","10":"pa_nozares-exhibitions","11":"pa_nozares-food-stores","12":"pa_nozares-horeca","13":"pa_nozares-petrol-stations","14":"pa_nozares-pharmacies","16":"first","17":"onbackorder","18":"taxable","19":"shipping-taxable","20":"purchasable","21":"product-type-variable"},"acf":[],"yoast_head":"<!-- This site is optimized with the Yoast SEO plugin v25.8 - https:\/\/yoast.com\/wordpress\/plugins\/seo\/ -->\n<title>Free-Standing Single-Sided Information Holder \u201cClassic\u201d - Posmaster.lv<\/title>\n<meta name=\"description\" content=\"Free-standing single-sided information holder \u2013 a stable and elegant solution for clear information display.\" \/>\n<meta name=\"robots\" content=\"index, follow, max-snippet:-1, max-image-preview:large, max-video-preview:-1\" \/>\n<link rel=\"canonical\" href=\"https:\/\/posmaster.lv\/en\/produkts\/free-standing-single-sided-information-holder\/\" \/>\n<meta property=\"og:locale\" content=\"en_US\" \/>\n<meta property=\"og:type\" content=\"article\" \/>\n<meta property=\"og:title\" content=\"Free-Standing Single-Sided Information Holder \u201cClassic\u201d - Posmaster.lv\" \/>\n<meta property=\"og:description\" content=\"Free-standing single-sided information holder \u2013 a stable and elegant solution for clear information display.\" \/>\n<meta property=\"og:url\" content=\"https:\/\/posmaster.lv\/en\/produkts\/free-standing-single-sided-information-holder\/\" \/>\n<meta property=\"og:site_name\" content=\"Posmaster.lv\" \/>\n<meta property=\"article:modified_time\" content=\"2025-12-19T13:28:23+00:00\" \/>\n<meta property=\"og:image\" content=\"https:\/\/posmaster.lv\/wp-content\/uploads\/2025\/06\/A4-A5_INFO_BOOK_HOLDER.png\" \/>\n\t<meta property=\"og:image:width\" content=\"3484\" \/>\n\t<meta property=\"og:image:height\" content=\"3484\" \/>\n\t<meta property=\"og:image:type\" content=\"image\/png\" \/>\n<meta name=\"twitter:card\" content=\"summary_large_image\" \/>\n<meta name=\"twitter:label1\" content=\"Est. reading time\" \/>\n\t<meta name=\"twitter:data1\" content=\"1 minute\" \/>\n<script type=\"application\/ld+json\" class=\"yoast-schema-graph\">{\"@context\":\"https:\/\/schema.org\",\"@graph\":[{\"@type\":\"WebPage\",\"@id\":\"https:\/\/posmaster.lv\/en\/produkts\/free-standing-single-sided-information-holder\/\",\"url\":\"https:\/\/posmaster.lv\/en\/produkts\/free-standing-single-sided-information-holder\/\",\"name\":\"Free-Standing Single-Sided Information Holder \u201cClassic\u201d - Posmaster.lv\",\"isPartOf\":{\"@id\":\"https:\/\/posmaster.lv\/en\/#website\"},\"primaryImageOfPage\":{\"@id\":\"https:\/\/posmaster.lv\/en\/produkts\/free-standing-single-sided-information-holder\/#primaryimage\"},\"image\":{\"@id\":\"https:\/\/posmaster.lv\/en\/produkts\/free-standing-single-sided-information-holder\/#primaryimage\"},\"thumbnailUrl\":\"https:\/\/posmaster.lv\/wp-content\/uploads\/2025\/06\/A4-A5_INFO_BOOK_HOLDER.png\",\"datePublished\":\"2025-06-17T10:41:17+00:00\",\"dateModified\":\"2025-12-19T13:28:23+00:00\",\"description\":\"Free-standing single-sided information holder \u2013 a stable and elegant solution for clear information display.\",\"breadcrumb\":{\"@id\":\"https:\/\/posmaster.lv\/en\/produkts\/free-standing-single-sided-information-holder\/#breadcrumb\"},\"inLanguage\":\"en-US\",\"potentialAction\":[{\"@type\":\"ReadAction\",\"target\":[\"https:\/\/posmaster.lv\/en\/produkts\/free-standing-single-sided-information-holder\/\"]}]},{\"@type\":\"ImageObject\",\"inLanguage\":\"en-US\",\"@id\":\"https:\/\/posmaster.lv\/en\/produkts\/free-standing-single-sided-information-holder\/#primaryimage\",\"url\":\"https:\/\/posmaster.lv\/wp-content\/uploads\/2025\/06\/A4-A5_INFO_BOOK_HOLDER.png\",\"contentUrl\":\"https:\/\/posmaster.lv\/wp-content\/uploads\/2025\/06\/A4-A5_INFO_BOOK_HOLDER.png\",\"width\":3484,\"height\":3484},{\"@type\":\"BreadcrumbList\",\"@id\":\"https:\/\/posmaster.lv\/en\/produkts\/free-standing-single-sided-information-holder\/#breadcrumb\",\"itemListElement\":[{\"@type\":\"ListItem\",\"position\":1,\"name\":\"S\u0101kums\",\"item\":\"https:\/\/posmaster.lv\/en\/\"},{\"@type\":\"ListItem\",\"position\":2,\"name\":\"Shop\",\"item\":\"https:\/\/posmaster.lv\/en\/shop-eng\/\"},{\"@type\":\"ListItem\",\"position\":3,\"name\":\"Free-Standing Single-Sided Information Holder \u201cClassic\u201d\"}]},{\"@type\":\"WebSite\",\"@id\":\"https:\/\/posmaster.lv\/en\/#website\",\"url\":\"https:\/\/posmaster.lv\/en\/\",\"name\":\"Posmaster.lv\",\"description\":\"CNC grie\u0161ana, l\u0101zergrie\u0161ana, plastmasas izstr\u0101djumi u.c.\",\"publisher\":{\"@id\":\"https:\/\/posmaster.lv\/en\/#organization\"},\"potentialAction\":[{\"@type\":\"SearchAction\",\"target\":{\"@type\":\"EntryPoint\",\"urlTemplate\":\"https:\/\/posmaster.lv\/en\/?s={search_term_string}\"},\"query-input\":{\"@type\":\"PropertyValueSpecification\",\"valueRequired\":true,\"valueName\":\"search_term_string\"}}],\"inLanguage\":\"en-US\"},{\"@type\":\"Organization\",\"@id\":\"https:\/\/posmaster.lv\/en\/#organization\",\"name\":\"Posmaster.lv\",\"url\":\"https:\/\/posmaster.lv\/en\/\",\"logo\":{\"@type\":\"ImageObject\",\"inLanguage\":\"en-US\",\"@id\":\"https:\/\/posmaster.lv\/en\/#\/schema\/logo\/image\/\",\"url\":\"https:\/\/posmaster.lv\/wp-content\/uploads\/2025\/05\/Vector.svg\",\"contentUrl\":\"https:\/\/posmaster.lv\/wp-content\/uploads\/2025\/05\/Vector.svg\",\"width\":1,\"height\":1,\"caption\":\"Posmaster.lv\"},\"image\":{\"@id\":\"https:\/\/posmaster.lv\/en\/#\/schema\/logo\/image\/\"}}]}<\/script>\n<!-- \/ Yoast SEO plugin. -->","yoast_head_json":{"title":"Free-Standing Single-Sided Information Holder \u201cClassic\u201d - Posmaster.lv","description":"Free-standing single-sided information holder \u2013 a stable and elegant solution for clear information display.","robots":{"index":"index","follow":"follow","max-snippet":"max-snippet:-1","max-image-preview":"max-image-preview:large","max-video-preview":"max-video-preview:-1"},"canonical":"https:\/\/posmaster.lv\/en\/produkts\/free-standing-single-sided-information-holder\/","og_locale":"en_US","og_type":"article","og_title":"Free-Standing Single-Sided Information Holder \u201cClassic\u201d - Posmaster.lv","og_description":"Free-standing single-sided information holder \u2013 a stable and elegant solution for clear information display.","og_url":"https:\/\/posmaster.lv\/en\/produkts\/free-standing-single-sided-information-holder\/","og_site_name":"Posmaster.lv","article_modified_time":"2025-12-19T13:28:23+00:00","og_image":[{"width":3484,"height":3484,"url":"https:\/\/posmaster.lv\/wp-content\/uploads\/2025\/06\/A4-A5_INFO_BOOK_HOLDER.png","type":"image\/png"}],"twitter_card":"summary_large_image","twitter_misc":{"Est. reading time":"1 minute"},"schema":{"@context":"https:\/\/schema.org","@graph":[{"@type":"WebPage","@id":"https:\/\/posmaster.lv\/en\/produkts\/free-standing-single-sided-information-holder\/","url":"https:\/\/posmaster.lv\/en\/produkts\/free-standing-single-sided-information-holder\/","name":"Free-Standing Single-Sided Information Holder \u201cClassic\u201d - Posmaster.lv","isPartOf":{"@id":"https:\/\/posmaster.lv\/en\/#website"},"primaryImageOfPage":{"@id":"https:\/\/posmaster.lv\/en\/produkts\/free-standing-single-sided-information-holder\/#primaryimage"},"image":{"@id":"https:\/\/posmaster.lv\/en\/produkts\/free-standing-single-sided-information-holder\/#primaryimage"},"thumbnailUrl":"https:\/\/posmaster.lv\/wp-content\/uploads\/2025\/06\/A4-A5_INFO_BOOK_HOLDER.png","datePublished":"2025-06-17T10:41:17+00:00","dateModified":"2025-12-19T13:28:23+00:00","description":"Free-standing single-sided information holder \u2013 a stable and elegant solution for clear information display.","breadcrumb":{"@id":"https:\/\/posmaster.lv\/en\/produkts\/free-standing-single-sided-information-holder\/#breadcrumb"},"inLanguage":"en-US","potentialAction":[{"@type":"ReadAction","target":["https:\/\/posmaster.lv\/en\/produkts\/free-standing-single-sided-information-holder\/"]}]},{"@type":"ImageObject","inLanguage":"en-US","@id":"https:\/\/posmaster.lv\/en\/produkts\/free-standing-single-sided-information-holder\/#primaryimage","url":"https:\/\/posmaster.lv\/wp-content\/uploads\/2025\/06\/A4-A5_INFO_BOOK_HOLDER.png","contentUrl":"https:\/\/posmaster.lv\/wp-content\/uploads\/2025\/06\/A4-A5_INFO_BOOK_HOLDER.png","width":3484,"height":3484},{"@type":"BreadcrumbList","@id":"https:\/\/posmaster.lv\/en\/produkts\/free-standing-single-sided-information-holder\/#breadcrumb","itemListElement":[{"@type":"ListItem","position":1,"name":"S\u0101kums","item":"https:\/\/posmaster.lv\/en\/"},{"@type":"ListItem","position":2,"name":"Shop","item":"https:\/\/posmaster.lv\/en\/shop-eng\/"},{"@type":"ListItem","position":3,"name":"Free-Standing Single-Sided Information Holder \u201cClassic\u201d"}]},{"@type":"WebSite","@id":"https:\/\/posmaster.lv\/en\/#website","url":"https:\/\/posmaster.lv\/en\/","name":"Posmaster.lv","description":"CNC grie\u0161ana, l\u0101zergrie\u0161ana, plastmasas izstr\u0101djumi u.c.","publisher":{"@id":"https:\/\/posmaster.lv\/en\/#organization"},"potentialAction":[{"@type":"SearchAction","target":{"@type":"EntryPoint","urlTemplate":"https:\/\/posmaster.lv\/en\/?s={search_term_string}"},"query-input":{"@type":"PropertyValueSpecification","valueRequired":true,"valueName":"search_term_string"}}],"inLanguage":"en-US"},{"@type":"Organization","@id":"https:\/\/posmaster.lv\/en\/#organization","name":"Posmaster.lv","url":"https:\/\/posmaster.lv\/en\/","logo":{"@type":"ImageObject","inLanguage":"en-US","@id":"https:\/\/posmaster.lv\/en\/#\/schema\/logo\/image\/","url":"https:\/\/posmaster.lv\/wp-content\/uploads\/2025\/05\/Vector.svg","contentUrl":"https:\/\/posmaster.lv\/wp-content\/uploads\/2025\/05\/Vector.svg","width":1,"height":1,"caption":"Posmaster.lv"},"image":{"@id":"https:\/\/posmaster.lv\/en\/#\/schema\/logo\/image\/"}}]}},"_links":{"self":[{"href":"https:\/\/posmaster.lv\/en\/wp-json\/wp\/v2\/product\/6629","targetHints":{"allow":["GET"]}}],"collection":[{"href":"https:\/\/posmaster.lv\/en\/wp-json\/wp\/v2\/product"}],"about":[{"href":"https:\/\/posmaster.lv\/en\/wp-json\/wp\/v2\/types\/product"}],"replies":[{"embeddable":true,"href":"https:\/\/posmaster.lv\/en\/wp-json\/wp\/v2\/comments?post=6629"}],"wp:featuredmedia":[{"embeddable":true,"href":"https:\/\/posmaster.lv\/en\/wp-json\/wp\/v2\/media\/4324"}],"wp:attachment":[{"href":"https:\/\/posmaster.lv\/en\/wp-json\/wp\/v2\/media?parent=6629"}],"wp:term":[{"taxonomy":"product_brand","embeddable":true,"href":"https:\/\/posmaster.lv\/en\/wp-json\/wp\/v2\/product_brand?post=6629"},{"taxonomy":"product_cat","embeddable":true,"href":"https:\/\/posmaster.lv\/en\/wp-json\/wp\/v2\/product_cat?post=6629"},{"taxonomy":"product_tag","embeddable":true,"href":"https:\/\/posmaster.lv\/en\/wp-json\/wp\/v2\/product_tag?post=6629"}],"curies":[{"name":"wp","href":"https:\/\/api.w.org\/{rel}","templated":true}]}}