{"id":6579,"date":"2025-07-29T12:00:07","date_gmt":"2025-07-29T09:00:07","guid":{"rendered":"https:\/\/posmaster.lv\/produkts\/a5-gramatu-turetajs-slatwall\/"},"modified":"2025-12-17T15:38:55","modified_gmt":"2025-12-17T13:38:55","slug":"a5-book-holder-slatwall","status":"publish","type":"product","link":"https:\/\/posmaster.lv\/en\/produkts\/a5-book-holder-slatwall\/","title":{"rendered":"A5 book holder slatwall"},"content":{"rendered":"<ul>\n<li data-list=\"bullet\">Size: Suitable for A5-format books and brochures<\/li>\n<li data-list=\"bullet\">Material: Durable acrylic or plastic<\/li>\n<li data-list=\"bullet\">Color: Transparent or available in other colors<\/li>\n<li data-list=\"bullet\">Mounting: Easily attaches to Slatwall panels without additional fixtures<\/li>\n<li data-list=\"bullet\">Design: Elegant and minimalist, ensuring clear visibility of displayed materialsThis holder is an ideal solution for bookstores, exhibitions, or offices where informational materials need to be neatly and visibly arranged.<\/li>\n<\/ul>\n","protected":false},"excerpt":{"rendered":"<p><strong>This A5-size book holder is perfectly suited for Slatwall wall systems, offering a convenient way to display books, brochures, catalogs, or other smaller-format materials.<\/strong> Its transparent design allows customers to easily view the contents while maintaining a clean and aesthetically pleasing space.<\/p>\n","protected":false},"featured_media":5234,"comment_status":"open","ping_status":"closed","template":"","meta":{"_acf_changed":false},"product_brand":[],"product_cat":[368,186,212],"product_tag":[],"class_list":{"0":"post-6579","1":"product","2":"type-product","3":"status-publish","4":"has-post-thumbnail","6":"product_cat-holders-2","7":"product_cat-organic-glass-products","8":"product_cat-slatwall-eurowall-holders","9":"pa_nozares-bookstores","10":"pa_nozares-exhibitions","12":"first","13":"onbackorder","14":"taxable","15":"shipping-taxable","16":"purchasable","17":"product-type-simple"},"acf":[],"yoast_head":"<!-- This site is optimized with the Yoast SEO plugin v25.8 - https:\/\/yoast.com\/wordpress\/plugins\/seo\/ -->\n<title>A5 book holder slatwall - Posmaster.lv<\/title>\n<meta name=\"description\" content=\"Transparent A5 book holder, perfectly suited for Slatwall wall systems. Its elegant and durable design ensures clear visibility and convenient arrangement of materials in bookstores, offices, or exhibitions.\" \/>\n<meta name=\"robots\" content=\"index, follow, max-snippet:-1, max-image-preview:large, max-video-preview:-1\" \/>\n<link rel=\"canonical\" href=\"https:\/\/posmaster.lv\/en\/produkts\/a5-book-holder-slatwall\/\" \/>\n<meta property=\"og:locale\" content=\"en_US\" \/>\n<meta property=\"og:type\" content=\"article\" \/>\n<meta property=\"og:title\" content=\"A5 book holder slatwall - Posmaster.lv\" \/>\n<meta property=\"og:description\" content=\"Transparent A5 book holder, perfectly suited for Slatwall wall systems. Its elegant and durable design ensures clear visibility and convenient arrangement of materials in bookstores, offices, or exhibitions.\" \/>\n<meta property=\"og:url\" content=\"https:\/\/posmaster.lv\/en\/produkts\/a5-book-holder-slatwall\/\" \/>\n<meta property=\"og:site_name\" content=\"Posmaster.lv\" \/>\n<meta property=\"article:modified_time\" content=\"2025-12-17T13:38:55+00:00\" \/>\n<meta property=\"og:image\" content=\"https:\/\/posmaster.lv\/wp-content\/uploads\/2025\/07\/A5_HOLDER_FOR_SLATWALL_00.png\" \/>\n\t<meta property=\"og:image:width\" content=\"1742\" \/>\n\t<meta property=\"og:image:height\" content=\"1742\" \/>\n\t<meta property=\"og:image:type\" content=\"image\/png\" \/>\n<meta name=\"twitter:card\" content=\"summary_large_image\" \/>\n<meta name=\"twitter:label1\" content=\"Est. reading time\" \/>\n\t<meta name=\"twitter:data1\" content=\"1 minute\" \/>\n<script type=\"application\/ld+json\" class=\"yoast-schema-graph\">{\"@context\":\"https:\/\/schema.org\",\"@graph\":[{\"@type\":\"WebPage\",\"@id\":\"https:\/\/posmaster.lv\/en\/produkts\/a5-book-holder-slatwall\/\",\"url\":\"https:\/\/posmaster.lv\/en\/produkts\/a5-book-holder-slatwall\/\",\"name\":\"A5 book holder slatwall - Posmaster.lv\",\"isPartOf\":{\"@id\":\"https:\/\/posmaster.lv\/en\/#website\"},\"primaryImageOfPage\":{\"@id\":\"https:\/\/posmaster.lv\/en\/produkts\/a5-book-holder-slatwall\/#primaryimage\"},\"image\":{\"@id\":\"https:\/\/posmaster.lv\/en\/produkts\/a5-book-holder-slatwall\/#primaryimage\"},\"thumbnailUrl\":\"https:\/\/posmaster.lv\/wp-content\/uploads\/2025\/07\/A5_HOLDER_FOR_SLATWALL_00.png\",\"datePublished\":\"2025-07-29T09:00:07+00:00\",\"dateModified\":\"2025-12-17T13:38:55+00:00\",\"description\":\"Transparent A5 book holder, perfectly suited for Slatwall wall systems. Its elegant and durable design ensures clear visibility and convenient arrangement of materials in bookstores, offices, or exhibitions.\",\"breadcrumb\":{\"@id\":\"https:\/\/posmaster.lv\/en\/produkts\/a5-book-holder-slatwall\/#breadcrumb\"},\"inLanguage\":\"en-US\",\"potentialAction\":[{\"@type\":\"ReadAction\",\"target\":[\"https:\/\/posmaster.lv\/en\/produkts\/a5-book-holder-slatwall\/\"]}]},{\"@type\":\"ImageObject\",\"inLanguage\":\"en-US\",\"@id\":\"https:\/\/posmaster.lv\/en\/produkts\/a5-book-holder-slatwall\/#primaryimage\",\"url\":\"https:\/\/posmaster.lv\/wp-content\/uploads\/2025\/07\/A5_HOLDER_FOR_SLATWALL_00.png\",\"contentUrl\":\"https:\/\/posmaster.lv\/wp-content\/uploads\/2025\/07\/A5_HOLDER_FOR_SLATWALL_00.png\",\"width\":1742,\"height\":1742},{\"@type\":\"BreadcrumbList\",\"@id\":\"https:\/\/posmaster.lv\/en\/produkts\/a5-book-holder-slatwall\/#breadcrumb\",\"itemListElement\":[{\"@type\":\"ListItem\",\"position\":1,\"name\":\"S\u0101kums\",\"item\":\"https:\/\/posmaster.lv\/en\/\"},{\"@type\":\"ListItem\",\"position\":2,\"name\":\"Shop\",\"item\":\"https:\/\/posmaster.lv\/en\/shop-eng\/\"},{\"@type\":\"ListItem\",\"position\":3,\"name\":\"A5 book holder slatwall\"}]},{\"@type\":\"WebSite\",\"@id\":\"https:\/\/posmaster.lv\/en\/#website\",\"url\":\"https:\/\/posmaster.lv\/en\/\",\"name\":\"Posmaster.lv\",\"description\":\"CNC grie\u0161ana, l\u0101zergrie\u0161ana, plastmasas izstr\u0101djumi u.c.\",\"publisher\":{\"@id\":\"https:\/\/posmaster.lv\/en\/#organization\"},\"potentialAction\":[{\"@type\":\"SearchAction\",\"target\":{\"@type\":\"EntryPoint\",\"urlTemplate\":\"https:\/\/posmaster.lv\/en\/?s={search_term_string}\"},\"query-input\":{\"@type\":\"PropertyValueSpecification\",\"valueRequired\":true,\"valueName\":\"search_term_string\"}}],\"inLanguage\":\"en-US\"},{\"@type\":\"Organization\",\"@id\":\"https:\/\/posmaster.lv\/en\/#organization\",\"name\":\"Posmaster.lv\",\"url\":\"https:\/\/posmaster.lv\/en\/\",\"logo\":{\"@type\":\"ImageObject\",\"inLanguage\":\"en-US\",\"@id\":\"https:\/\/posmaster.lv\/en\/#\/schema\/logo\/image\/\",\"url\":\"https:\/\/posmaster.lv\/wp-content\/uploads\/2025\/05\/Vector.svg\",\"contentUrl\":\"https:\/\/posmaster.lv\/wp-content\/uploads\/2025\/05\/Vector.svg\",\"width\":1,\"height\":1,\"caption\":\"Posmaster.lv\"},\"image\":{\"@id\":\"https:\/\/posmaster.lv\/en\/#\/schema\/logo\/image\/\"}}]}<\/script>\n<!-- \/ Yoast SEO plugin. -->","yoast_head_json":{"title":"A5 book holder slatwall - Posmaster.lv","description":"Transparent A5 book holder, perfectly suited for Slatwall wall systems. Its elegant and durable design ensures clear visibility and convenient arrangement of materials in bookstores, offices, or exhibitions.","robots":{"index":"index","follow":"follow","max-snippet":"max-snippet:-1","max-image-preview":"max-image-preview:large","max-video-preview":"max-video-preview:-1"},"canonical":"https:\/\/posmaster.lv\/en\/produkts\/a5-book-holder-slatwall\/","og_locale":"en_US","og_type":"article","og_title":"A5 book holder slatwall - Posmaster.lv","og_description":"Transparent A5 book holder, perfectly suited for Slatwall wall systems. Its elegant and durable design ensures clear visibility and convenient arrangement of materials in bookstores, offices, or exhibitions.","og_url":"https:\/\/posmaster.lv\/en\/produkts\/a5-book-holder-slatwall\/","og_site_name":"Posmaster.lv","article_modified_time":"2025-12-17T13:38:55+00:00","og_image":[{"width":1742,"height":1742,"url":"https:\/\/posmaster.lv\/wp-content\/uploads\/2025\/07\/A5_HOLDER_FOR_SLATWALL_00.png","type":"image\/png"}],"twitter_card":"summary_large_image","twitter_misc":{"Est. reading time":"1 minute"},"schema":{"@context":"https:\/\/schema.org","@graph":[{"@type":"WebPage","@id":"https:\/\/posmaster.lv\/en\/produkts\/a5-book-holder-slatwall\/","url":"https:\/\/posmaster.lv\/en\/produkts\/a5-book-holder-slatwall\/","name":"A5 book holder slatwall - Posmaster.lv","isPartOf":{"@id":"https:\/\/posmaster.lv\/en\/#website"},"primaryImageOfPage":{"@id":"https:\/\/posmaster.lv\/en\/produkts\/a5-book-holder-slatwall\/#primaryimage"},"image":{"@id":"https:\/\/posmaster.lv\/en\/produkts\/a5-book-holder-slatwall\/#primaryimage"},"thumbnailUrl":"https:\/\/posmaster.lv\/wp-content\/uploads\/2025\/07\/A5_HOLDER_FOR_SLATWALL_00.png","datePublished":"2025-07-29T09:00:07+00:00","dateModified":"2025-12-17T13:38:55+00:00","description":"Transparent A5 book holder, perfectly suited for Slatwall wall systems. Its elegant and durable design ensures clear visibility and convenient arrangement of materials in bookstores, offices, or exhibitions.","breadcrumb":{"@id":"https:\/\/posmaster.lv\/en\/produkts\/a5-book-holder-slatwall\/#breadcrumb"},"inLanguage":"en-US","potentialAction":[{"@type":"ReadAction","target":["https:\/\/posmaster.lv\/en\/produkts\/a5-book-holder-slatwall\/"]}]},{"@type":"ImageObject","inLanguage":"en-US","@id":"https:\/\/posmaster.lv\/en\/produkts\/a5-book-holder-slatwall\/#primaryimage","url":"https:\/\/posmaster.lv\/wp-content\/uploads\/2025\/07\/A5_HOLDER_FOR_SLATWALL_00.png","contentUrl":"https:\/\/posmaster.lv\/wp-content\/uploads\/2025\/07\/A5_HOLDER_FOR_SLATWALL_00.png","width":1742,"height":1742},{"@type":"BreadcrumbList","@id":"https:\/\/posmaster.lv\/en\/produkts\/a5-book-holder-slatwall\/#breadcrumb","itemListElement":[{"@type":"ListItem","position":1,"name":"S\u0101kums","item":"https:\/\/posmaster.lv\/en\/"},{"@type":"ListItem","position":2,"name":"Shop","item":"https:\/\/posmaster.lv\/en\/shop-eng\/"},{"@type":"ListItem","position":3,"name":"A5 book holder slatwall"}]},{"@type":"WebSite","@id":"https:\/\/posmaster.lv\/en\/#website","url":"https:\/\/posmaster.lv\/en\/","name":"Posmaster.lv","description":"CNC grie\u0161ana, l\u0101zergrie\u0161ana, plastmasas izstr\u0101djumi u.c.","publisher":{"@id":"https:\/\/posmaster.lv\/en\/#organization"},"potentialAction":[{"@type":"SearchAction","target":{"@type":"EntryPoint","urlTemplate":"https:\/\/posmaster.lv\/en\/?s={search_term_string}"},"query-input":{"@type":"PropertyValueSpecification","valueRequired":true,"valueName":"search_term_string"}}],"inLanguage":"en-US"},{"@type":"Organization","@id":"https:\/\/posmaster.lv\/en\/#organization","name":"Posmaster.lv","url":"https:\/\/posmaster.lv\/en\/","logo":{"@type":"ImageObject","inLanguage":"en-US","@id":"https:\/\/posmaster.lv\/en\/#\/schema\/logo\/image\/","url":"https:\/\/posmaster.lv\/wp-content\/uploads\/2025\/05\/Vector.svg","contentUrl":"https:\/\/posmaster.lv\/wp-content\/uploads\/2025\/05\/Vector.svg","width":1,"height":1,"caption":"Posmaster.lv"},"image":{"@id":"https:\/\/posmaster.lv\/en\/#\/schema\/logo\/image\/"}}]}},"_links":{"self":[{"href":"https:\/\/posmaster.lv\/en\/wp-json\/wp\/v2\/product\/6579","targetHints":{"allow":["GET"]}}],"collection":[{"href":"https:\/\/posmaster.lv\/en\/wp-json\/wp\/v2\/product"}],"about":[{"href":"https:\/\/posmaster.lv\/en\/wp-json\/wp\/v2\/types\/product"}],"replies":[{"embeddable":true,"href":"https:\/\/posmaster.lv\/en\/wp-json\/wp\/v2\/comments?post=6579"}],"wp:featuredmedia":[{"embeddable":true,"href":"https:\/\/posmaster.lv\/en\/wp-json\/wp\/v2\/media\/5234"}],"wp:attachment":[{"href":"https:\/\/posmaster.lv\/en\/wp-json\/wp\/v2\/media?parent=6579"}],"wp:term":[{"taxonomy":"product_brand","embeddable":true,"href":"https:\/\/posmaster.lv\/en\/wp-json\/wp\/v2\/product_brand?post=6579"},{"taxonomy":"product_cat","embeddable":true,"href":"https:\/\/posmaster.lv\/en\/wp-json\/wp\/v2\/product_cat?post=6579"},{"taxonomy":"product_tag","embeddable":true,"href":"https:\/\/posmaster.lv\/en\/wp-json\/wp\/v2\/product_tag?post=6579"}],"curies":[{"name":"wp","href":"https:\/\/api.w.org\/{rel}","templated":true}]}}