{"id":6908,"date":"2025-03-17T13:51:42","date_gmt":"2025-03-17T11:51:42","guid":{"rendered":"https:\/\/posmaster.lv\/pakalpojumi\/"},"modified":"2025-12-17T14:27:30","modified_gmt":"2025-12-17T12:27:30","slug":"services","status":"publish","type":"page","link":"https:\/\/posmaster.lv\/en\/services\/","title":{"rendered":"Services"},"content":{"rendered":"<section id=\"breadcrumbs-top-block_e629f728a41ecb307109fffe50593f3e\" class=\"block breadcrumbs-top \">\n\t<div class=\"breadcrumbs-main\">\n\t\t<div class=\"grid-container\">\n\t\t\t<a href=\"https:\/\/posmaster.lv\/en\/\">Home<\/a>\n\t\t\t\n\t\t\t\n\t\t\t<p>Services<\/p>\n\t\t<\/div>\n\t<\/div>\n<\/section>\n\n<section id=\"simple-hero-block_210ba80a91ee7956d3f6495554131e90\" class=\" block simple-hero \">\n\t<div class=\"simple-hero__container grid-container\">\n\t\t<div class=\"simple-hero__wrapper\">\n\t\t\t\t\t\t\t<h1 class=\"simple-hero__title\">Services<\/h1>\n\t\t\t\t\t\t\t\t\t\t<div class=\"simple-hero__subtitle\"><p>Our experience allows us to create a product based on various sources \u2013 from a simple drawing on paper, an image from the internet with specified dimensions, or a ready-made sample or template.<\/p>\n<\/div>\n\t\t\t\t\t<\/div>\n\t<\/div>\n<\/section>\n\n<section id=\"services-list-block_c1b04c30fb13e22b2a1acf33d6b7abee\" class=\"block services-list \">\n\t<div class=\"services-list__container grid-container\">\n\t\t<div class=\"services-list__wrapper\">\n\t\t\t\t\t\t\t\t\t\t\t\t\t\t\t\t\t<a href=\"https:\/\/posmaster.lv\/en\/pakalpojumi\/cnc-milling\/\" class=\"services-list__block\">\n\t\t\t\t\t\t<img decoding=\"async\" src=\"https:\/\/posmaster.lv\/wp-content\/uploads\/2025\/05\/72dpi.jpg\" alt=\"image of post\"\n\t\t\t\t\t\t\tclass=\"services-list__block-image\">\n\t\t\t\t\t\t<h4 class=\"services-list__block-title\">CNC milling<\/h4>\n\t\t\t\t\t\t<div class=\"services-list__block-excerpt\"><p>Automated, clean, industrial, flexible<\/p>\n<\/div>\n\t\t\t\t\t<\/a>\n\t\t\t\t\t\t\t\t\t\t\t\t\t\t<a href=\"https:\/\/posmaster.lv\/en\/pakalpojumi\/laser-cutting\/\" class=\"services-list__block\">\n\t\t\t\t\t\t<img decoding=\"async\" src=\"https:\/\/posmaster.lv\/wp-content\/uploads\/2025\/03\/296A3611-scaled.jpg\" alt=\"image of post\"\n\t\t\t\t\t\t\tclass=\"services-list__block-image\">\n\t\t\t\t\t\t<h4 class=\"services-list__block-title\">Laser cutting<\/h4>\n\t\t\t\t\t\t<div class=\"services-list__block-excerpt\"><p>Accurate, fast, versatile, effective.<\/p>\n<\/div>\n\t\t\t\t\t<\/a>\n\t\t\t\t\t\t\t\t\t\t\t\t\t\t<a href=\"https:\/\/posmaster.lv\/en\/pakalpojumi\/cnc-naza-griesana\/\" class=\"services-list__block\">\n\t\t\t\t\t\t<img decoding=\"async\" src=\"https:\/\/posmaster.lv\/wp-content\/uploads\/2025\/05\/296A3533-Copy72.jpg\" alt=\"image of post\"\n\t\t\t\t\t\t\tclass=\"services-list__block-image\">\n\t\t\t\t\t\t<h4 class=\"services-list__block-title\">CNC knife cutting<\/h4>\n\t\t\t\t\t\t<div class=\"services-list__block-excerpt\"><p>Precise, versatile, dust-free, adaptable.<\/p>\n<\/div>\n\t\t\t\t\t<\/a>\n\t\t\t\t\t\t\t\t\t\t\t\t\t\t<a href=\"https:\/\/posmaster.lv\/en\/pakalpojumi\/acrylic-glass-bonding\/\" class=\"services-list__block\">\n\t\t\t\t\t\t<img decoding=\"async\" src=\"https:\/\/posmaster.lv\/wp-content\/uploads\/2025\/05\/1-6-72.jpg\" alt=\"image of post\"\n\t\t\t\t\t\t\tclass=\"services-list__block-image\">\n\t\t\t\t\t\t<h4 class=\"services-list__block-title\">Acrylic glass bonding<\/h4>\n\t\t\t\t\t\t<div class=\"services-list__block-excerpt\"><p>Precise. Reliable. Durable.<\/p>\n<\/div>\n\t\t\t\t\t<\/a>\n\t\t\t\t\t\t\t\t\t\t\t\t\t\t<a href=\"https:\/\/posmaster.lv\/en\/pakalpojumi\/acrylic-edge-polishing\/\" class=\"services-list__block\">\n\t\t\t\t\t\t<img decoding=\"async\" src=\"https:\/\/posmaster.lv\/wp-content\/uploads\/2025\/05\/1-7-72.jpg\" alt=\"image of post\"\n\t\t\t\t\t\t\tclass=\"services-list__block-image\">\n\t\t\t\t\t\t<h4 class=\"services-list__block-title\">Organic glass polishing<\/h4>\n\t\t\t\t\t\t<div class=\"services-list__block-excerpt\"><p>Radiance. Clarity. Renewal.<\/p>\n<\/div>\n\t\t\t\t\t<\/a>\n\t\t\t\t\t\t\t\t\t\t\t\t\t\t<a href=\"https:\/\/posmaster.lv\/en\/pakalpojumi\/acrylic-and-plastic-sheet-bending\/\" class=\"services-list__block\">\n\t\t\t\t\t\t<img decoding=\"async\" src=\"https:\/\/posmaster.lv\/wp-content\/uploads\/2025\/05\/bending-72.jpg\" alt=\"image of post\"\n\t\t\t\t\t\t\tclass=\"services-list__block-image\">\n\t\t\t\t\t\t<h4 class=\"services-list__block-title\">Bending of organic glass and plastic<\/h4>\n\t\t\t\t\t\t<div class=\"services-list__block-excerpt\"><p>high-precision plastic folding<\/p>\n<\/div>\n\t\t\t\t\t<\/a>\n\t\t\t\t\t\t\t\t\t\t\t\t\t\t<a href=\"https:\/\/posmaster.lv\/en\/pakalpojumi\/acrylic-glass-engraving\/\" class=\"services-list__block\">\n\t\t\t\t\t\t<img decoding=\"async\" src=\"https:\/\/posmaster.lv\/wp-content\/uploads\/2025\/05\/Gemini_Generated_Image_76v7on76v7on76v7-e1754038049875.png\" alt=\"image of post\"\n\t\t\t\t\t\t\tclass=\"services-list__block-image\">\n\t\t\t\t\t\t<h4 class=\"services-list__block-title\">Organic glass engraving<\/h4>\n\t\t\t\t\t\t<div class=\"services-list__block-excerpt\"><p>Unique. Precise. Elegant.<\/p>\n<\/div>\n\t\t\t\t\t<\/a>\n\t\t\t\t\t\t\t\t\t\t\t\t\t\t<a href=\"https:\/\/posmaster.lv\/en\/pakalpojumi\/organiska-stikla-dimanta-pulesana\/\" class=\"services-list__block\">\n\t\t\t\t\t\t<img decoding=\"async\" src=\"https:\/\/posmaster.lv\/wp-content\/uploads\/2025\/05\/04_AMI-C_Clamps-1030x695-1.jpg\" alt=\"image of post\"\n\t\t\t\t\t\t\tclass=\"services-list__block-image\">\n\t\t\t\t\t\t<h4 class=\"services-list__block-title\">Organic glass diamond polishing<\/h4>\n\t\t\t\t\t\t<div class=\"services-list__block-excerpt\"><p>Crystal clear, flawless surface<\/p>\n<\/div>\n\t\t\t\t\t<\/a>\n\t\t\t\t\t\t\t\t\t\t\t\t\t\t<a href=\"https:\/\/posmaster.lv\/en\/pakalpojumi\/aluminium-profile-cutting\/\" class=\"services-list__block\">\n\t\t\t\t\t\t<img decoding=\"async\" src=\"https:\/\/posmaster.lv\/wp-content\/uploads\/2025\/05\/1-17-s.jpg\" alt=\"image of post\"\n\t\t\t\t\t\t\tclass=\"services-list__block-image\">\n\t\t\t\t\t\t<h4 class=\"services-list__block-title\">Aluminium profile cutting<\/h4>\n\t\t\t\t\t\t<div class=\"services-list__block-excerpt\"><p>Precision metalworking<\/p>\n<\/div>\n\t\t\t\t\t<\/a>\n\t\t\t\t\t\t\t\t\t\t\t\t\t\t<a href=\"https:\/\/posmaster.lv\/en\/pakalpojumi\/large-format-scanning\/\" class=\"services-list__block\">\n\t\t\t\t\t\t<img decoding=\"async\" src=\"https:\/\/posmaster.lv\/wp-content\/uploads\/2025\/05\/1-12-72.jpg\" alt=\"image of post\"\n\t\t\t\t\t\t\tclass=\"services-list__block-image\">\n\t\t\t\t\t\t<h4 class=\"services-list__block-title\">Large format scanning<\/h4>\n\t\t\t\t\t\t<div class=\"services-list__block-excerpt\"><p>Digitization of large images<\/p>\n<\/div>\n\t\t\t\t\t<\/a>\n\t\t\t\t\t\t\t\t\t\t\t\t\t\t<a href=\"https:\/\/posmaster.lv\/en\/pakalpojumi\/layout-and-design-services\/\" class=\"services-list__block\">\n\t\t\t\t\t\t<img decoding=\"async\" src=\"https:\/\/posmaster.lv\/wp-content\/uploads\/2025\/05\/m-aketGemini_Generated_Image_s78lwds78lwds78l-e1754047203342.png\" alt=\"image of post\"\n\t\t\t\t\t\t\tclass=\"services-list__block-image\">\n\t\t\t\t\t\t<h4 class=\"services-list__block-title\">Layout design<\/h4>\n\t\t\t\t\t\t<div class=\"services-list__block-excerpt\"><p>We turn ideas into reality.<\/p>\n<\/div>\n\t\t\t\t\t<\/a>\n\t\t\t\t\t\t\t\t\t\t\t\t\t\t<a href=\"https:\/\/posmaster.lv\/en\/pakalpojumi\/3d-sticker-production\/\" class=\"services-list__block\">\n\t\t\t\t\t\t<img decoding=\"async\" src=\"https:\/\/posmaster.lv\/wp-content\/uploads\/2025\/05\/3d-uzlimes.jpg\" alt=\"image of post\"\n\t\t\t\t\t\t\tclass=\"services-list__block-image\">\n\t\t\t\t\t\t<h4 class=\"services-list__block-title\">Production of 3D stickers<\/h4>\n\t\t\t\t\t\t<div class=\"services-list__block-excerpt\"><p>Large, noticeable stickers<\/p>\n<\/div>\n\t\t\t\t\t<\/a>\n\t\t\t\t\t\t\t\t\t\t\t\t\t\t<a href=\"https:\/\/posmaster.lv\/en\/pakalpojumi\/lielformata-uv-druka\/\" class=\"services-list__block\">\n\t\t\t\t\t\t<img decoding=\"async\" src=\"https:\/\/posmaster.lv\/wp-content\/uploads\/2025\/05\/shutterstock_1359180644-72.jpg\" alt=\"image of post\"\n\t\t\t\t\t\t\tclass=\"services-list__block-image\">\n\t\t\t\t\t\t<h4 class=\"services-list__block-title\">Large format UV printing<\/h4>\n\t\t\t\t\t\t<div class=\"services-list__block-excerpt\"><p>High-quality printing<\/p>\n<\/div>\n\t\t\t\t\t<\/a>\n\t\t\t\t\t\t\t\t\t\t\t\t\t\t<a href=\"https:\/\/posmaster.lv\/en\/pakalpojumi\/vacuum-service\/\" class=\"services-list__block\">\n\t\t\t\t\t\t<img decoding=\"async\" src=\"https:\/\/posmaster.lv\/wp-content\/uploads\/2025\/05\/Gemini_Generated_Image_43oupw43oupw43ou-e1754032088363.png\" alt=\"image of post\"\n\t\t\t\t\t\t\tclass=\"services-list__block-image\">\n\t\t\t\t\t\t<h4 class=\"services-list__block-title\">Vacuum service<\/h4>\n\t\t\t\t\t\t<div class=\"services-list__block-excerpt\"><p>resins, silicone, epoxy<\/p>\n<\/div>\n\t\t\t\t\t<\/a>\n\t\t\t\t\t\t\t\t\t\t\t\t\t<\/div>\n\t<\/div>\n<\/section>\n\n\t<section id=\"simple-info-block_fe1d2a0504fafc0b27c2145208da2902\" class=\"block simple-info \">\n\t\t<div class=\"simple-info__container grid-container\">\n\t\t\t<div class=\"simple-info__wrapper\">\n\t\t\t\t\t\t\t\t\t\t\t\t\t\t<div class=\"simple-info__block-top\">\n\t\t\t\t\t\t\t\t\t\t\t\t\t<div class=\"simple-info__block-subtitle\"><p>Why Choose Us?<\/p>\n<\/div>\n\t\t\t\t\t\t\t\t\t\t\t\t\t\t\t\t\t\t\t<p class=\"simple-info__block-title\">We have been working in the manufacturing industry since 2006, gaining extensive experience and developing unique technologies.<\/p>\n\t\t\t\t\t\t\t\t\t\t\t<\/div>\n\t\t\t\t\t<div class=\"simple-info__block  \">\n\t\t\t\t\t\t<div class=\"simple-info__block-main\">\n\t\t\t\t\t\t\t\t\t\t\t\t\t\t\t<div class=\"simple-info__block-content\"><ol>\n<li>We strive to offer our clients only the products and services we produce in\u2011house, ensuring full control over quality and eliminating dependence on subcontractors.<\/li>\n<li>We operate two material warehouses, allowing us to start production quickly and maintain a high level of service. Our modern equipment base includes more than 25 production machines.<\/li>\n<li>We have 6 CNC machines, 4 laser\u2011cutting machines, and skilled operators capable of manufacturing products of almost any complexity.<\/li>\n<\/ol>\n<\/div>\n\t\t\t\t\t\t\t\t\t\t\t\t\t\t\t\t\t\t\t\t\t\t<a href=\"https:\/\/posmaster.lv\/en\/about-us\/\"\n\t\t\t\t\t\t\t\t\tclass=\"simple-info__block-btn btn\">Learn more<\/a>\n\t\t\t\t\t\t\t\t\t\t\t\t\t<\/div>\n\t\t\t\t\t\t<div class=\"simple-info__block-media\">\n\t\t\t\t\t\t\t\t\t\t\t\t\t\t\t<img loading=\"lazy\" decoding=\"async\" width=\"1536\" height=\"1024\" src=\"https:\/\/posmaster.lv\/wp-content\/uploads\/2025\/07\/Copilot_1-927x588px.png\" class=\"simple-info__block-img\" alt=\"\" srcset=\"https:\/\/posmaster.lv\/wp-content\/uploads\/2025\/07\/Copilot_1-927x588px.png 1536w, https:\/\/posmaster.lv\/wp-content\/uploads\/2025\/07\/Copilot_1-927x588px-300x200.png 300w, https:\/\/posmaster.lv\/wp-content\/uploads\/2025\/07\/Copilot_1-927x588px-1024x683.png 1024w, https:\/\/posmaster.lv\/wp-content\/uploads\/2025\/07\/Copilot_1-927x588px-768x512.png 768w, https:\/\/posmaster.lv\/wp-content\/uploads\/2025\/07\/Copilot_1-927x588px-488x325.png 488w\" sizes=\"auto, (max-width: 1536px) 100vw, 1536px\" \/>\t\t\t\t\t\t\t\t\t\t\t\t\t\t\t\t\t\t\t\t<\/div>\n\t\t\t\t\t<\/div>\n\t\t\t\t\t\t\t<\/div>\n\t\t<\/div>\n\t<\/section>\n\n\n\t<section id=\"text-block_32e2d85257f6161254606d473b772751\" class=\"block text \">\n\t\t<div class=\"text__conteint grid-container\">\n\t\t\t<div class=\"text__wrapper text__editor\">\n\t\t\t\t<h4><strong>Professional Visual Communication Solutions<\/strong><\/h4>\n<p>Posmaster offers a wide range of services that combine precision, quality, and a creative approach. We specialize in CNC and laser cutting, acrylic processing, large\u2011format printing, 3D sticker production, signage systems, as well as promotional and souvenir manufacturing. Our team works with various materials and technologies to deliver tailored solutions for both businesses and individuals. With modern equipment and extensive experience, we help bring ideas to life \u2014 from a sketch to a finished product.<\/p>\n<h4><strong>Precise CNC Cutting for Your Project<\/strong><\/h4>\n<p>CNC cutting is a high\u2011precision technology that enables the processing of various materials \u2014 metal, plastic, wood, and composites \u2014 using computer\u2011controlled machinery. Posmaster provides advanced CNC machining that ensures consistent quality, repeatability, and efficiency for both custom orders and large\u2011scale production.<\/p>\n<p>Our CNC equipment allows us to create complex shapes, parts, and components with minimal material waste. It is an ideal solution for advertising elements, interior details, technical constructions, and prototypes. We also offer design services, file preparation, and consultations to transform your idea into an accurate and high\u2011quality product.<\/p>\n<h4><strong>Precise Bending of Acrylic and Plastic<\/strong><\/h4>\n<p>Posmaster provides professional acrylic and plastic bending using specialized thermal equipment that ensures precise shape retention and high material quality. This technology enables the production of various display stands, protective panels, showcases, price holders, and other visual communication elements.<\/p>\n<p>We work with acrylic (PMMA), PETG, polycarbonate, and other types of plastic, adjusting bending angles and shapes according to the client\u2019s needs. The processing ensures smooth edges, clean lines, and uniform curves \u2014 essential for both aesthetics and functionality.<\/p>\n<p>Bending is available for single-piece orders as well as serial production, ensuring fast turnaround times and consistent quality. If needed, we also offer design, gluing, and edge polishing to deliver a fully finished product.<\/p>\n<h4><strong>Visual Communication Solutions \u2014 From Idea to Finished Product<\/strong><\/h4>\n<p>Posmaster offers a comprehensive range of professional services that combine precision, quality, and creativity:<\/p>\n<ul>\n<li><strong>CNC cutting<\/strong> \u2013 high\u2011precision material processing with computer control, suitable for advertising elements, parts, and technical constructions.<\/li>\n<li><strong>Laser cutting<\/strong> \u2013 precise and clean cutting of various materials, ideal for intricate shapes and fine designs.<\/li>\n<li><strong>CNC knife cutting<\/strong> \u2013 efficient processing of films, paper, and other sheet materials with high repeatability.<\/li>\n<li><strong>Acrylic bending, gluing, and polishing<\/strong> \u2013 thermal forming of acrylic and plastics, ensuring smooth edges and an aesthetic finish.<\/li>\n<li><strong>Diamond polishing<\/strong> \u2013 premium\u2011quality edge finishing for acrylic, providing a crystal\u2011clear shine.<\/li>\n<li><strong>Large\u2011format scanning and printing<\/strong> \u2013 black\u2011and\u2011white or color document scanning, photo scanning, and large\u2011format technical drawing and poster scanning.<\/li>\n<li><strong>3D stickers<\/strong> \u2013 dimensional advertising elements with a strong visual effect and customizable design.<\/li>\n<li><strong>Signage systems<\/strong> \u2013 information stands, lightboxes, and profile systems for interior and exterior signage.<\/li>\n<\/ul>\n<p>Each service is tailored to the client\u2019s needs, ensuring high quality and professional execution.<\/p>\n<div><\/div>\n\t\t\t<\/div>\n\t\t<\/div>\n\t<\/section>\n","protected":false},"excerpt":{"rendered":"","protected":false},"author":2,"featured_media":0,"parent":0,"menu_order":0,"comment_status":"closed","ping_status":"closed","template":"","meta":{"_acf_changed":false,"footnotes":""},"class_list":["post-6908","page","type-page","status-publish","hentry"],"acf":[],"yoast_head":"<!-- This site is optimized with the Yoast SEO plugin v25.8 - https:\/\/yoast.com\/wordpress\/plugins\/seo\/ -->\n<title>Services - Posmaster.lv<\/title>\n<meta name=\"description\" content=\"Plastic and acrylic processing services that help create high-quality and functional solutions.\" \/>\n<meta name=\"robots\" content=\"index, follow, max-snippet:-1, max-image-preview:large, max-video-preview:-1\" \/>\n<link rel=\"canonical\" href=\"https:\/\/posmaster.lv\/en\/services\/\" \/>\n<meta property=\"og:locale\" content=\"en_US\" \/>\n<meta property=\"og:type\" content=\"article\" \/>\n<meta property=\"og:title\" content=\"Services - Posmaster.lv\" \/>\n<meta property=\"og:description\" content=\"Plastic and acrylic processing services that help create high-quality and functional solutions.\" \/>\n<meta property=\"og:url\" content=\"https:\/\/posmaster.lv\/en\/services\/\" \/>\n<meta property=\"og:site_name\" content=\"Posmaster.lv\" \/>\n<meta property=\"article:modified_time\" content=\"2025-12-17T12:27:30+00:00\" \/>\n<meta name=\"twitter:card\" content=\"summary_large_image\" \/>\n<script type=\"application\/ld+json\" class=\"yoast-schema-graph\">{\"@context\":\"https:\/\/schema.org\",\"@graph\":[{\"@type\":\"WebPage\",\"@id\":\"https:\/\/posmaster.lv\/en\/services\/\",\"url\":\"https:\/\/posmaster.lv\/en\/services\/\",\"name\":\"Services - Posmaster.lv\",\"isPartOf\":{\"@id\":\"https:\/\/posmaster.lv\/en\/#website\"},\"datePublished\":\"2025-03-17T11:51:42+00:00\",\"dateModified\":\"2025-12-17T12:27:30+00:00\",\"description\":\"Plastic and acrylic processing services that help create high-quality and functional solutions.\",\"breadcrumb\":{\"@id\":\"https:\/\/posmaster.lv\/en\/services\/#breadcrumb\"},\"inLanguage\":\"en-US\",\"potentialAction\":[{\"@type\":\"ReadAction\",\"target\":[\"https:\/\/posmaster.lv\/en\/services\/\"]}]},{\"@type\":\"BreadcrumbList\",\"@id\":\"https:\/\/posmaster.lv\/en\/services\/#breadcrumb\",\"itemListElement\":[{\"@type\":\"ListItem\",\"position\":1,\"name\":\"S\u0101kums\",\"item\":\"https:\/\/posmaster.lv\/en\/\"},{\"@type\":\"ListItem\",\"position\":2,\"name\":\"Services\"}]},{\"@type\":\"WebSite\",\"@id\":\"https:\/\/posmaster.lv\/en\/#website\",\"url\":\"https:\/\/posmaster.lv\/en\/\",\"name\":\"Posmaster.lv\",\"description\":\"CNC grie\u0161ana, l\u0101zergrie\u0161ana, plastmasas izstr\u0101djumi u.c.\",\"publisher\":{\"@id\":\"https:\/\/posmaster.lv\/en\/#organization\"},\"potentialAction\":[{\"@type\":\"SearchAction\",\"target\":{\"@type\":\"EntryPoint\",\"urlTemplate\":\"https:\/\/posmaster.lv\/en\/?s={search_term_string}\"},\"query-input\":{\"@type\":\"PropertyValueSpecification\",\"valueRequired\":true,\"valueName\":\"search_term_string\"}}],\"inLanguage\":\"en-US\"},{\"@type\":\"Organization\",\"@id\":\"https:\/\/posmaster.lv\/en\/#organization\",\"name\":\"Posmaster.lv\",\"url\":\"https:\/\/posmaster.lv\/en\/\",\"logo\":{\"@type\":\"ImageObject\",\"inLanguage\":\"en-US\",\"@id\":\"https:\/\/posmaster.lv\/en\/#\/schema\/logo\/image\/\",\"url\":\"https:\/\/posmaster.lv\/wp-content\/uploads\/2025\/05\/Vector.svg\",\"contentUrl\":\"https:\/\/posmaster.lv\/wp-content\/uploads\/2025\/05\/Vector.svg\",\"width\":1,\"height\":1,\"caption\":\"Posmaster.lv\"},\"image\":{\"@id\":\"https:\/\/posmaster.lv\/en\/#\/schema\/logo\/image\/\"}}]}<\/script>\n<!-- \/ Yoast SEO plugin. -->","yoast_head_json":{"title":"Services - Posmaster.lv","description":"Plastic and acrylic processing services that help create high-quality and functional solutions.","robots":{"index":"index","follow":"follow","max-snippet":"max-snippet:-1","max-image-preview":"max-image-preview:large","max-video-preview":"max-video-preview:-1"},"canonical":"https:\/\/posmaster.lv\/en\/services\/","og_locale":"en_US","og_type":"article","og_title":"Services - Posmaster.lv","og_description":"Plastic and acrylic processing services that help create high-quality and functional solutions.","og_url":"https:\/\/posmaster.lv\/en\/services\/","og_site_name":"Posmaster.lv","article_modified_time":"2025-12-17T12:27:30+00:00","twitter_card":"summary_large_image","schema":{"@context":"https:\/\/schema.org","@graph":[{"@type":"WebPage","@id":"https:\/\/posmaster.lv\/en\/services\/","url":"https:\/\/posmaster.lv\/en\/services\/","name":"Services - Posmaster.lv","isPartOf":{"@id":"https:\/\/posmaster.lv\/en\/#website"},"datePublished":"2025-03-17T11:51:42+00:00","dateModified":"2025-12-17T12:27:30+00:00","description":"Plastic and acrylic processing services that help create high-quality and functional solutions.","breadcrumb":{"@id":"https:\/\/posmaster.lv\/en\/services\/#breadcrumb"},"inLanguage":"en-US","potentialAction":[{"@type":"ReadAction","target":["https:\/\/posmaster.lv\/en\/services\/"]}]},{"@type":"BreadcrumbList","@id":"https:\/\/posmaster.lv\/en\/services\/#breadcrumb","itemListElement":[{"@type":"ListItem","position":1,"name":"S\u0101kums","item":"https:\/\/posmaster.lv\/en\/"},{"@type":"ListItem","position":2,"name":"Services"}]},{"@type":"WebSite","@id":"https:\/\/posmaster.lv\/en\/#website","url":"https:\/\/posmaster.lv\/en\/","name":"Posmaster.lv","description":"CNC grie\u0161ana, l\u0101zergrie\u0161ana, plastmasas izstr\u0101djumi u.c.","publisher":{"@id":"https:\/\/posmaster.lv\/en\/#organization"},"potentialAction":[{"@type":"SearchAction","target":{"@type":"EntryPoint","urlTemplate":"https:\/\/posmaster.lv\/en\/?s={search_term_string}"},"query-input":{"@type":"PropertyValueSpecification","valueRequired":true,"valueName":"search_term_string"}}],"inLanguage":"en-US"},{"@type":"Organization","@id":"https:\/\/posmaster.lv\/en\/#organization","name":"Posmaster.lv","url":"https:\/\/posmaster.lv\/en\/","logo":{"@type":"ImageObject","inLanguage":"en-US","@id":"https:\/\/posmaster.lv\/en\/#\/schema\/logo\/image\/","url":"https:\/\/posmaster.lv\/wp-content\/uploads\/2025\/05\/Vector.svg","contentUrl":"https:\/\/posmaster.lv\/wp-content\/uploads\/2025\/05\/Vector.svg","width":1,"height":1,"caption":"Posmaster.lv"},"image":{"@id":"https:\/\/posmaster.lv\/en\/#\/schema\/logo\/image\/"}}]}},"_links":{"self":[{"href":"https:\/\/posmaster.lv\/en\/wp-json\/wp\/v2\/pages\/6908","targetHints":{"allow":["GET"]}}],"collection":[{"href":"https:\/\/posmaster.lv\/en\/wp-json\/wp\/v2\/pages"}],"about":[{"href":"https:\/\/posmaster.lv\/en\/wp-json\/wp\/v2\/types\/page"}],"author":[{"embeddable":true,"href":"https:\/\/posmaster.lv\/en\/wp-json\/wp\/v2\/users\/2"}],"replies":[{"embeddable":true,"href":"https:\/\/posmaster.lv\/en\/wp-json\/wp\/v2\/comments?post=6908"}],"version-history":[{"count":7,"href":"https:\/\/posmaster.lv\/en\/wp-json\/wp\/v2\/pages\/6908\/revisions"}],"predecessor-version":[{"id":7544,"href":"https:\/\/posmaster.lv\/en\/wp-json\/wp\/v2\/pages\/6908\/revisions\/7544"}],"wp:attachment":[{"href":"https:\/\/posmaster.lv\/en\/wp-json\/wp\/v2\/media?parent=6908"}],"curies":[{"name":"wp","href":"https:\/\/api.w.org\/{rel}","templated":true}]}}