{"id":6907,"date":"2025-03-18T13:07:33","date_gmt":"2025-03-18T11:07:33","guid":{"rendered":"https:\/\/posmaster.lv\/par-mums\/"},"modified":"2025-12-17T14:22:52","modified_gmt":"2025-12-17T12:22:52","slug":"about-us","status":"publish","type":"page","link":"https:\/\/posmaster.lv\/en\/about-us\/","title":{"rendered":"About us"},"content":{"rendered":"<section id=\"breadcrumbs-top-block_18b2c306c4b1fe42a84703b845fa4f72\" class=\"block breadcrumbs-top \">\n\t<div class=\"breadcrumbs-main\">\n\t\t<div class=\"grid-container\">\n\t\t\t<a href=\"https:\/\/posmaster.lv\/en\/\">Home<\/a>\n\t\t\t\n\t\t\t\n\t\t\t<p>About us<\/p>\n\t\t<\/div>\n\t<\/div>\n<\/section>\n\n<section id=\"simple-hero-block_b3f3d40214f30cb414086b8655daf0f5\" class=\"border_bottom block simple-hero \">\n\t<div class=\"simple-hero__container grid-container\">\n\t\t<div class=\"simple-hero__wrapper\">\n\t\t\t\t\t\t\t<h1 class=\"simple-hero__title\">About Us<\/h1>\n\t\t\t\t\t\t\t\t\t\t<div class=\"simple-hero__subtitle\"><p>We have been operating in the manufacturing industry since 2006, gaining extensive experience and developing unique technologies while continuously growing and improving.<\/p>\n<\/div>\n\t\t\t\t\t<\/div>\n\t<\/div>\n<\/section>\n\n<section id=\"about-blocks-block_236ddd47ae29ad8262d40d4d59e7a748\" class=\"block about-blocks \">\n\t<div class=\"about-blocks__container grid-container\">\n\t\t<div class=\"about-blocks__wrapper\">\n\t\t\t\t\t\t\t\t\t\t<div class=\"about-blocks__subtitle\"><ul>\n<li>We work with both businesses and private clients and are always open to non\u2011standard, custom solutions.<\/li>\n<li>We operate 6 CNC machines, 4 laser\u2011cutting machines, and employ experienced operators capable of producing products of almost any complexity.<\/li>\n<\/ul>\n<\/div>\n\t\t\t\t\t\t\t\t<\/div>\n\t<\/div>\n<\/section>\n\n\t<section id=\"simple-info-block_fa0ce4f235b563831289c1473c597593\" class=\"block simple-info \">\n\t\t<div class=\"simple-info__container grid-container\">\n\t\t\t<div class=\"simple-info__wrapper\">\n\t\t\t\t\t\t\t\t\t\t\t\t\t\t<div class=\"simple-info__block-top\">\n\t\t\t\t\t\t\t\t\t\t\t\t\t<div class=\"simple-info__block-subtitle\"><p>Why Choose Us?<\/p>\n<\/div>\n\t\t\t\t\t\t\t\t\t\t\t\t\t\t\t\t\t\t\t<p class=\"simple-info__block-title\">We have our own production facilities in Riga and Daugmale, with a total area of over 1000 m\u00b2<\/p>\n\t\t\t\t\t\t\t\t\t\t\t<\/div>\n\t\t\t\t\t<div class=\"simple-info__block reverse \">\n\t\t\t\t\t\t<div class=\"simple-info__block-main\">\n\t\t\t\t\t\t\t\t\t\t\t\t\t\t\t<div class=\"simple-info__block-content\"><ol>\n<li>Our printing department includes 8 large\u2011format printers, a UV printer, a T\u2011shirt printer, and heat\u2011transfer equipment, allowing us to complete the entire production cycle in one place.<\/li>\n<li>Our company employs 20 people, and we have exceptionally low staff turnover \u2014 half of our team has been with us for more than 7 years.<\/li>\n<li>Having all material storage and processing workshops located in the same building allows us to produce a wide variety of products without involving external logistics. This significantly improves production times, quality, and cost efficiency.<\/li>\n<li>For example, we can take an acrylic sheet directly from the shelf, cut it, print on it, mill or laser\u2011cut it, bend it, glue it, polish it, and pack it \u2014 all under one roof.<\/li>\n<li><\/li>\n<\/ol>\n<\/div>\n\t\t\t\t\t\t\t\t\t\t\t\t\t\t\t\t\t\t\t\t\t\t<a href=\"https:\/\/posmaster.lv\/en\/about-us\/\"\n\t\t\t\t\t\t\t\t\tclass=\"simple-info__block-btn btn\">Learn more<\/a>\n\t\t\t\t\t\t\t\t\t\t\t\t\t<\/div>\n\t\t\t\t\t\t<div class=\"simple-info__block-media\">\n\t\t\t\t\t\t\t\t\t\t\t\t\t\t\t<img loading=\"lazy\" decoding=\"async\" width=\"1536\" height=\"1024\" src=\"https:\/\/posmaster.lv\/wp-content\/uploads\/2025\/07\/Copilot_20250701_145021-927x588px.png\" class=\"simple-info__block-img\" alt=\"\" srcset=\"https:\/\/posmaster.lv\/wp-content\/uploads\/2025\/07\/Copilot_20250701_145021-927x588px.png 1536w, https:\/\/posmaster.lv\/wp-content\/uploads\/2025\/07\/Copilot_20250701_145021-927x588px-300x200.png 300w, https:\/\/posmaster.lv\/wp-content\/uploads\/2025\/07\/Copilot_20250701_145021-927x588px-1024x683.png 1024w, https:\/\/posmaster.lv\/wp-content\/uploads\/2025\/07\/Copilot_20250701_145021-927x588px-768x512.png 768w, https:\/\/posmaster.lv\/wp-content\/uploads\/2025\/07\/Copilot_20250701_145021-927x588px-488x325.png 488w\" sizes=\"auto, (max-width: 1536px) 100vw, 1536px\" \/>\t\t\t\t\t\t\t\t\t\t\t\t\t\t\t\t\t\t\t\t<\/div>\n\t\t\t\t\t<\/div>\n\t\t\t\t\t\t\t<\/div>\n\t\t<\/div>\n\t<\/section>\n\n\n\t<section id=\"simple-info-block_b0acffeb52af0e4c7648e50c568024a6\" class=\"block simple-info \">\n\t\t<div class=\"simple-info__container grid-container\">\n\t\t\t<div class=\"simple-info__wrapper\">\n\t\t\t\t\t\t\t\t\t\t\t\t\t\t<div class=\"simple-info__block-top\">\n\t\t\t\t\t\t\t\t\t\t\t\t\t<div class=\"simple-info__block-subtitle\"><p>Why Choose Us?<\/p>\n<\/div>\n\t\t\t\t\t\t\t\t\t\t\t\t\t\t\t\t\t\t\t<p class=\"simple-info__block-title\">We work with both businesses and private clients and are always open to non\u2011standard, custom solutions.<\/p>\n\t\t\t\t\t\t\t\t\t\t\t<\/div>\n\t\t\t\t\t<div class=\"simple-info__block  \">\n\t\t\t\t\t\t<div class=\"simple-info__block-main\">\n\t\t\t\t\t\t\t\t\t\t\t\t\t\t\t<div class=\"simple-info__block-content\"><p>Our experienced specialists and consultants will always recommend the most suitable materials and processing technologies to bring your project to life. Even if certain materials or technologies are not part of our in\u2011house services, we will gladly direct you to trusted partners who can provide them.<\/p>\n<p>We use a modern automated management system that allows us to quickly access any client\u2019s order history, pricing, and production files.<\/p>\n<p>We ensure high\u2011quality packaging for all our products \u2014 especially those intended for export. We treat packaging with the same level of care as the production process itself, ensuring that even the most delicate items reach our clients safely.<\/p>\n<p>&nbsp;<\/p>\n<\/div>\n\t\t\t\t\t\t\t\t\t\t\t\t\t\t\t\t\t\t\t\t\t\t<a href=\"https:\/\/posmaster.lv\/en\/about-us\/\"\n\t\t\t\t\t\t\t\t\tclass=\"simple-info__block-btn btn\">Learn more<\/a>\n\t\t\t\t\t\t\t\t\t\t\t\t\t<\/div>\n\t\t\t\t\t\t<div class=\"simple-info__block-media\">\n\t\t\t\t\t\t\t\t\t\t\t\t\t\t\t<img loading=\"lazy\" decoding=\"async\" width=\"1536\" height=\"1024\" src=\"https:\/\/posmaster.lv\/wp-content\/uploads\/2025\/07\/Copilot_1-927x588px.png\" class=\"simple-info__block-img\" alt=\"\" srcset=\"https:\/\/posmaster.lv\/wp-content\/uploads\/2025\/07\/Copilot_1-927x588px.png 1536w, https:\/\/posmaster.lv\/wp-content\/uploads\/2025\/07\/Copilot_1-927x588px-300x200.png 300w, https:\/\/posmaster.lv\/wp-content\/uploads\/2025\/07\/Copilot_1-927x588px-1024x683.png 1024w, https:\/\/posmaster.lv\/wp-content\/uploads\/2025\/07\/Copilot_1-927x588px-768x512.png 768w, https:\/\/posmaster.lv\/wp-content\/uploads\/2025\/07\/Copilot_1-927x588px-488x325.png 488w\" sizes=\"auto, (max-width: 1536px) 100vw, 1536px\" \/>\t\t\t\t\t\t\t\t\t\t\t\t\t\t\t\t\t\t\t\t<\/div>\n\t\t\t\t\t<\/div>\n\t\t\t\t\t\t\t<\/div>\n\t\t<\/div>\n\t<\/section>\n\n\n\n<blockquote class=\"wp-block-quote is-layout-flow wp-block-quote-is-layout-flow\">\n<p><\/p>\n<\/blockquote>\n\n\n<section id=\"gallery-block_9542b9aa221c6552e8761dff6929d188\" class=\"block gallery \">\n    <div class=\"grid-container\">\n                                <div class=\"galery__wrap\">\n            <div class=\"galery__images-box\">\n                <a href=\"https:\/\/posmaster.lv\/wp-content\/uploads\/2025\/07\/POS_WEB_CNC_GRIESANA.png\" data-fancybox=\"gallery\">\n                    <img decoding=\"async\" src=\"https:\/\/posmaster.lv\/wp-content\/uploads\/2025\/07\/POS_WEB_CNC_GRIESANA.png\"\n                        alt=\"\">\n                <\/a>\n                <div class=\"galery__preview\">\n\n                                                                                                                        <a href=\"https:\/\/posmaster.lv\/wp-content\/uploads\/2025\/07\/IMG_9710-scaled.jpg\" data-fancybox=\"gallery\">\n                                <img decoding=\"async\" src=\"https:\/\/posmaster.lv\/wp-content\/uploads\/2025\/07\/IMG_9710-scaled.jpg\" alt=\"\">\n                            <\/a>\n                                                                                                                        <a href=\"https:\/\/posmaster.lv\/wp-content\/uploads\/2025\/07\/20210305_160114-scaled.jpg\" data-fancybox=\"gallery\">\n                                <img decoding=\"async\" src=\"https:\/\/posmaster.lv\/wp-content\/uploads\/2025\/07\/20210305_160114-scaled.jpg\" alt=\"\">\n                            <\/a>\n                                                                                                                        <a href=\"https:\/\/posmaster.lv\/wp-content\/uploads\/2025\/07\/frezerovka.jpg\" data-fancybox=\"gallery\">\n                                <img decoding=\"async\" src=\"https:\/\/posmaster.lv\/wp-content\/uploads\/2025\/07\/frezerovka.jpg\" alt=\"\">\n                            <\/a>\n                                                                                                                        <div class=\"galery__add-preview\">\n                                <span>+1 images<\/span>\n                                <a href=\"https:\/\/posmaster.lv\/wp-content\/uploads\/2025\/07\/IMG_20230830_105738-scaled.jpg\" data-fancybox=\"gallery\">\n                                    <img decoding=\"async\" src=\"https:\/\/posmaster.lv\/wp-content\/uploads\/2025\/07\/IMG_20230830_105738-scaled.jpg\"\n                                        alt=\"\">\n                                <\/a>\n                            <\/div>\n                                                            <\/div>\n            <\/div>\n                            <div class=\"galery__preview-show\">\n                                            <a href=\"https:\/\/posmaster.lv\/wp-content\/uploads\/2025\/07\/IMG_20230905_094134-scaled.jpg\" data-fancybox=\"gallery\">\n                            <img decoding=\"async\" src=\"https:\/\/posmaster.lv\/wp-content\/uploads\/2025\/07\/IMG_20230905_094134-scaled.jpg\" alt=\"\">\n                        <\/a>\n                                    <\/div>\n                    <\/div>\n            <\/div>\n<\/section>\n\n<section id=\"services-slider-block_ab2bdafd3aaefa532c054b2888296e62\" class=\"block services-slider  categories-home\">\n\t<div class=\"categories-home__container grid-container\">\n\t\t<div class=\"categories-home__wrapper\">\n\t\t\t\t\t\t\t<div class=\"categories-home__title\"><h3>Our Services<\/h3>\n<\/div>\n\t\t\t\t\t\t<div class=\"categories-home__text\">\n\t\t\t\t\t\t\t\t\t<div class=\"categories-home__subtitle\"><p>Every day we work diligently to make our clients\u2019 lives better and more efficient.<\/p>\n<\/div>\n\t\t\t\t\t\t\t\t<div class=\"categories-home__text-bottom\">\n\t\t\t\t\t\t\t\t\t\t\t<a href=\"https:\/\/posmaster.lv\/en\/services\/\"\n\t\t\t\t\t\t\tclass=\"categories-home__button btn\">View all<\/a>\n\t\t\t\t\t\t\t\t\t\t<div class=\"categories__buttons\">\n\t\t\t\t\t\t<div class=\"swiper-button-next next\">\n\t\t\t\t\t\t\t<svg width=\"20\" height=\"20\" viewBox=\"0 0 20 20\" fill=\"none\"\n\t\t\t\t\t\t\t\txmlns=\"http:\/\/www.w3.org\/2000\/svg\">\n\t\t\t\t\t\t\t\t<path\n\t\t\t\t\t\t\t\t\td=\"M12.8542 10.875H3.83333V9.125H12.8542L8.77083 5.0625L10 3.83333L16.1667 10L10 16.1667L8.77083 14.9375L12.8542 10.875Z\"\n\t\t\t\t\t\t\t\t\tfill=\"#1F1F1F\" \/>\n\t\t\t\t\t\t\t<\/svg>\n\t\t\t\t\t\t<\/div>\n\t\t\t\t\t\t<div class=\"swiper-button-prev prev\">\n\t\t\t\t\t\t\t<svg width=\"20\" height=\"20\" viewBox=\"0 0 20 20\" fill=\"none\"\n\t\t\t\t\t\t\t\txmlns=\"http:\/\/www.w3.org\/2000\/svg\">\n\t\t\t\t\t\t\t\t<path\n\t\t\t\t\t\t\t\t\td=\"M7.14583 10.875L11.2292 14.9375L10 16.1667L3.83333 10L10 3.83333L11.2292 5.0625L7.14583 9.125H16.1667V10.875H7.14583Z\"\n\t\t\t\t\t\t\t\t\tfill=\"#1F1F1F\" \/>\n\t\t\t\t\t\t\t<\/svg>\n\t\t\t\t\t\t<\/div>\n\t\t\t\t\t<\/div>\n\t\t\t\t<\/div>\n\t\t\t<\/div>\n\t\t\t\t\t\t\t<div class=\"categories-home__blocks swiper\">\n\t\t\t\t\t<div class=\"swiper-wrapper\">\n\t\t\t\t\t\t\t\t\t\t\t\t\t\t\t\t\t\t\t\t<a href=\"https:\/\/posmaster.lv\/en\/pakalpojumi\/laser-cutting\/\" class=\"categories-home__link swiper-slide\">\n\t\t\t\t\t\t\t\t<div class=\"image__wrapper\">\n\t\t\t\t\t\t\t\t\t<img decoding=\"async\" src=\"https:\/\/posmaster.lv\/wp-content\/uploads\/2025\/03\/296A3611-scaled.jpg\" alt=\"services image\"\n\t\t\t\t\t\t\t\t\t\tclass=\"category-image\">\n\t\t\t\t\t\t\t\t<\/div>\n\t\t\t\t\t\t\t\t<h3 class=\"category-title\">Laser cutting<\/h3>\n\t\t\t\t\t\t\t\t<div class=\"category-excerpt\"><p>Accurate, fast, versatile, effective.<\/p>\n<\/div>\n\t\t\t\t\t\t\t<\/a>\n\t\t\t\t\t\t\t\t\t\t\t\t\t\t\t\t\t\t\t\t<a href=\"https:\/\/posmaster.lv\/en\/pakalpojumi\/cnc-milling\/\" class=\"categories-home__link swiper-slide\">\n\t\t\t\t\t\t\t\t<div class=\"image__wrapper\">\n\t\t\t\t\t\t\t\t\t<img decoding=\"async\" src=\"https:\/\/posmaster.lv\/wp-content\/uploads\/2025\/05\/72dpi.jpg\" alt=\"services image\"\n\t\t\t\t\t\t\t\t\t\tclass=\"category-image\">\n\t\t\t\t\t\t\t\t<\/div>\n\t\t\t\t\t\t\t\t<h3 class=\"category-title\">CNC milling<\/h3>\n\t\t\t\t\t\t\t\t<div class=\"category-excerpt\"><p>Automated, clean, industrial, flexible<\/p>\n<\/div>\n\t\t\t\t\t\t\t<\/a>\n\t\t\t\t\t\t\t\t\t\t\t\t\t\t\t\t\t\t\t\t<a href=\"https:\/\/posmaster.lv\/en\/pakalpojumi\/3d-sticker-production\/\" class=\"categories-home__link swiper-slide\">\n\t\t\t\t\t\t\t\t<div class=\"image__wrapper\">\n\t\t\t\t\t\t\t\t\t<img decoding=\"async\" src=\"https:\/\/posmaster.lv\/wp-content\/uploads\/2025\/05\/3d-uzlimes.jpg\" alt=\"services image\"\n\t\t\t\t\t\t\t\t\t\tclass=\"category-image\">\n\t\t\t\t\t\t\t\t<\/div>\n\t\t\t\t\t\t\t\t<h3 class=\"category-title\">Production of 3D stickers<\/h3>\n\t\t\t\t\t\t\t\t<div class=\"category-excerpt\"><p>Large, noticeable stickers<\/p>\n<\/div>\n\t\t\t\t\t\t\t<\/a>\n\t\t\t\t\t\t\t\t\t\t\t\t\t\t\t\t\t\t\t\t<a href=\"https:\/\/posmaster.lv\/en\/pakalpojumi\/acrylic-glass-bonding\/\" class=\"categories-home__link swiper-slide\">\n\t\t\t\t\t\t\t\t<div class=\"image__wrapper\">\n\t\t\t\t\t\t\t\t\t<img decoding=\"async\" src=\"https:\/\/posmaster.lv\/wp-content\/uploads\/2025\/05\/1-6-72.jpg\" alt=\"services image\"\n\t\t\t\t\t\t\t\t\t\tclass=\"category-image\">\n\t\t\t\t\t\t\t\t<\/div>\n\t\t\t\t\t\t\t\t<h3 class=\"category-title\">Acrylic glass bonding<\/h3>\n\t\t\t\t\t\t\t\t<div class=\"category-excerpt\"><p>Precise. Reliable. Durable.<\/p>\n<\/div>\n\t\t\t\t\t\t\t<\/a>\n\t\t\t\t\t\t\t\t\t\t\t\t\t\t\t\t\t<\/div>\n\t\t\t\t<\/div>\n\t\t\t\t\t<\/div>\n\t<\/div>\n<\/section>\n\n<section id=\"contact-map-block_b84eac7368419b635ea2ee6957cec716\" class=\"block contact-map \">\n\t<div class=\"contact-map__container grid-container\">\n\t\t<div class=\"contact-map__wrapper\">\n\t\t\t\t\t\t\t<div class=\"contact-map__title\"><h4>How to Find Us<\/h4>\n<\/div>\n\t\t\t\t\t\t\t\t\t\t<div class=\"contact-map__subtitle\"><p>Our production facility and office are located in <strong>Riga, Augusta Deglava Street 166B<\/strong> \u2014 an easily accessible location both by car and public transport.<\/p>\n<ul>\n<li>On\u2011site parking available<\/li>\n<li>Public transport stops nearby<\/li>\n<li>Working hours: Monday\u2013Friday, 9:00\u201317:00<\/li>\n<\/ul>\n<div><\/div>\n<\/div>\n\t\t\t\t\t\t\t\t\t\t<iframe src=\"https:\/\/www.google.com\/maps\/embed?pb=!1m18!1m12!1m3!1d2176.3931177206996!2d24.229418077472232!3d56.94206577354756!2m3!1f0!2f0!3f0!3m2!1i1024!2i768!4f13.1!3m3!1m2!1s0x46eecdc1f637fd4d%3A0xc4a22ecfbd82e79c!2sPOSMASTER%20SIA!5e0!3m2!1sen!2slv!4v1748523903767!5m2!1sen!2slv\" width=\"600\" height=\"450\" style=\"border:0;\" allowfullscreen=\"\" loading=\"lazy\" referrerpolicy=\"no-referrer-when-downgrade\"><\/iframe>\t\t\t\t\t<\/div>\n\t<\/div>\n<\/section>","protected":false},"excerpt":{"rendered":"","protected":false},"author":2,"featured_media":0,"parent":0,"menu_order":0,"comment_status":"closed","ping_status":"closed","template":"","meta":{"_acf_changed":false,"footnotes":""},"class_list":["post-6907","page","type-page","status-publish","hentry"],"acf":[],"yoast_head":"<!-- This site is optimized with the Yoast SEO plugin v25.8 - https:\/\/yoast.com\/wordpress\/plugins\/seo\/ -->\n<title>About us - Posmaster.lv<\/title>\n<meta name=\"description\" content=\"Posmaster.lv \u2013 an experienced manufacturing company in the field of visual advertising since 2006. We offer custom solutions, CNC and laser processing, large-format printing, and a complete production cycle all in one place.\" \/>\n<meta name=\"robots\" content=\"index, follow, max-snippet:-1, max-image-preview:large, max-video-preview:-1\" \/>\n<link rel=\"canonical\" href=\"https:\/\/posmaster.lv\/en\/about-us\/\" \/>\n<meta property=\"og:locale\" content=\"en_US\" \/>\n<meta property=\"og:type\" content=\"article\" \/>\n<meta property=\"og:title\" content=\"About us - Posmaster.lv\" \/>\n<meta property=\"og:description\" content=\"Posmaster.lv \u2013 an experienced manufacturing company in the field of visual advertising since 2006. We offer custom solutions, CNC and laser processing, large-format printing, and a complete production cycle all in one place.\" \/>\n<meta property=\"og:url\" content=\"https:\/\/posmaster.lv\/en\/about-us\/\" \/>\n<meta property=\"og:site_name\" content=\"Posmaster.lv\" \/>\n<meta property=\"article:modified_time\" content=\"2025-12-17T12:22:52+00:00\" \/>\n<meta name=\"twitter:card\" content=\"summary_large_image\" \/>\n<script type=\"application\/ld+json\" class=\"yoast-schema-graph\">{\"@context\":\"https:\/\/schema.org\",\"@graph\":[{\"@type\":\"WebPage\",\"@id\":\"https:\/\/posmaster.lv\/en\/about-us\/\",\"url\":\"https:\/\/posmaster.lv\/en\/about-us\/\",\"name\":\"About us - Posmaster.lv\",\"isPartOf\":{\"@id\":\"https:\/\/posmaster.lv\/en\/#website\"},\"datePublished\":\"2025-03-18T11:07:33+00:00\",\"dateModified\":\"2025-12-17T12:22:52+00:00\",\"description\":\"Posmaster.lv \u2013 an experienced manufacturing company in the field of visual advertising since 2006. We offer custom solutions, CNC and laser processing, large-format printing, and a complete production cycle all in one place.\",\"breadcrumb\":{\"@id\":\"https:\/\/posmaster.lv\/en\/about-us\/#breadcrumb\"},\"inLanguage\":\"en-US\",\"potentialAction\":[{\"@type\":\"ReadAction\",\"target\":[\"https:\/\/posmaster.lv\/en\/about-us\/\"]}]},{\"@type\":\"BreadcrumbList\",\"@id\":\"https:\/\/posmaster.lv\/en\/about-us\/#breadcrumb\",\"itemListElement\":[{\"@type\":\"ListItem\",\"position\":1,\"name\":\"S\u0101kums\",\"item\":\"https:\/\/posmaster.lv\/en\/\"},{\"@type\":\"ListItem\",\"position\":2,\"name\":\"About us\"}]},{\"@type\":\"WebSite\",\"@id\":\"https:\/\/posmaster.lv\/en\/#website\",\"url\":\"https:\/\/posmaster.lv\/en\/\",\"name\":\"Posmaster.lv\",\"description\":\"CNC grie\u0161ana, l\u0101zergrie\u0161ana, plastmasas izstr\u0101djumi u.c.\",\"publisher\":{\"@id\":\"https:\/\/posmaster.lv\/en\/#organization\"},\"potentialAction\":[{\"@type\":\"SearchAction\",\"target\":{\"@type\":\"EntryPoint\",\"urlTemplate\":\"https:\/\/posmaster.lv\/en\/?s={search_term_string}\"},\"query-input\":{\"@type\":\"PropertyValueSpecification\",\"valueRequired\":true,\"valueName\":\"search_term_string\"}}],\"inLanguage\":\"en-US\"},{\"@type\":\"Organization\",\"@id\":\"https:\/\/posmaster.lv\/en\/#organization\",\"name\":\"Posmaster.lv\",\"url\":\"https:\/\/posmaster.lv\/en\/\",\"logo\":{\"@type\":\"ImageObject\",\"inLanguage\":\"en-US\",\"@id\":\"https:\/\/posmaster.lv\/en\/#\/schema\/logo\/image\/\",\"url\":\"https:\/\/posmaster.lv\/wp-content\/uploads\/2025\/05\/Vector.svg\",\"contentUrl\":\"https:\/\/posmaster.lv\/wp-content\/uploads\/2025\/05\/Vector.svg\",\"width\":1,\"height\":1,\"caption\":\"Posmaster.lv\"},\"image\":{\"@id\":\"https:\/\/posmaster.lv\/en\/#\/schema\/logo\/image\/\"}}]}<\/script>\n<!-- \/ Yoast SEO plugin. -->","yoast_head_json":{"title":"About us - Posmaster.lv","description":"Posmaster.lv \u2013 an experienced manufacturing company in the field of visual advertising since 2006. We offer custom solutions, CNC and laser processing, large-format printing, and a complete production cycle all in one place.","robots":{"index":"index","follow":"follow","max-snippet":"max-snippet:-1","max-image-preview":"max-image-preview:large","max-video-preview":"max-video-preview:-1"},"canonical":"https:\/\/posmaster.lv\/en\/about-us\/","og_locale":"en_US","og_type":"article","og_title":"About us - Posmaster.lv","og_description":"Posmaster.lv \u2013 an experienced manufacturing company in the field of visual advertising since 2006. We offer custom solutions, CNC and laser processing, large-format printing, and a complete production cycle all in one place.","og_url":"https:\/\/posmaster.lv\/en\/about-us\/","og_site_name":"Posmaster.lv","article_modified_time":"2025-12-17T12:22:52+00:00","twitter_card":"summary_large_image","schema":{"@context":"https:\/\/schema.org","@graph":[{"@type":"WebPage","@id":"https:\/\/posmaster.lv\/en\/about-us\/","url":"https:\/\/posmaster.lv\/en\/about-us\/","name":"About us - Posmaster.lv","isPartOf":{"@id":"https:\/\/posmaster.lv\/en\/#website"},"datePublished":"2025-03-18T11:07:33+00:00","dateModified":"2025-12-17T12:22:52+00:00","description":"Posmaster.lv \u2013 an experienced manufacturing company in the field of visual advertising since 2006. We offer custom solutions, CNC and laser processing, large-format printing, and a complete production cycle all in one place.","breadcrumb":{"@id":"https:\/\/posmaster.lv\/en\/about-us\/#breadcrumb"},"inLanguage":"en-US","potentialAction":[{"@type":"ReadAction","target":["https:\/\/posmaster.lv\/en\/about-us\/"]}]},{"@type":"BreadcrumbList","@id":"https:\/\/posmaster.lv\/en\/about-us\/#breadcrumb","itemListElement":[{"@type":"ListItem","position":1,"name":"S\u0101kums","item":"https:\/\/posmaster.lv\/en\/"},{"@type":"ListItem","position":2,"name":"About us"}]},{"@type":"WebSite","@id":"https:\/\/posmaster.lv\/en\/#website","url":"https:\/\/posmaster.lv\/en\/","name":"Posmaster.lv","description":"CNC grie\u0161ana, l\u0101zergrie\u0161ana, plastmasas izstr\u0101djumi u.c.","publisher":{"@id":"https:\/\/posmaster.lv\/en\/#organization"},"potentialAction":[{"@type":"SearchAction","target":{"@type":"EntryPoint","urlTemplate":"https:\/\/posmaster.lv\/en\/?s={search_term_string}"},"query-input":{"@type":"PropertyValueSpecification","valueRequired":true,"valueName":"search_term_string"}}],"inLanguage":"en-US"},{"@type":"Organization","@id":"https:\/\/posmaster.lv\/en\/#organization","name":"Posmaster.lv","url":"https:\/\/posmaster.lv\/en\/","logo":{"@type":"ImageObject","inLanguage":"en-US","@id":"https:\/\/posmaster.lv\/en\/#\/schema\/logo\/image\/","url":"https:\/\/posmaster.lv\/wp-content\/uploads\/2025\/05\/Vector.svg","contentUrl":"https:\/\/posmaster.lv\/wp-content\/uploads\/2025\/05\/Vector.svg","width":1,"height":1,"caption":"Posmaster.lv"},"image":{"@id":"https:\/\/posmaster.lv\/en\/#\/schema\/logo\/image\/"}}]}},"_links":{"self":[{"href":"https:\/\/posmaster.lv\/en\/wp-json\/wp\/v2\/pages\/6907","targetHints":{"allow":["GET"]}}],"collection":[{"href":"https:\/\/posmaster.lv\/en\/wp-json\/wp\/v2\/pages"}],"about":[{"href":"https:\/\/posmaster.lv\/en\/wp-json\/wp\/v2\/types\/page"}],"author":[{"embeddable":true,"href":"https:\/\/posmaster.lv\/en\/wp-json\/wp\/v2\/users\/2"}],"replies":[{"embeddable":true,"href":"https:\/\/posmaster.lv\/en\/wp-json\/wp\/v2\/comments?post=6907"}],"version-history":[{"count":17,"href":"https:\/\/posmaster.lv\/en\/wp-json\/wp\/v2\/pages\/6907\/revisions"}],"predecessor-version":[{"id":7541,"href":"https:\/\/posmaster.lv\/en\/wp-json\/wp\/v2\/pages\/6907\/revisions\/7541"}],"wp:attachment":[{"href":"https:\/\/posmaster.lv\/en\/wp-json\/wp\/v2\/media?parent=6907"}],"curies":[{"name":"wp","href":"https:\/\/api.w.org\/{rel}","templated":true}]}}