{"id":6445,"date":"2025-09-03T11:59:56","date_gmt":"2025-09-03T08:59:56","guid":{"rendered":"https:\/\/posmaster.lv\/nozares\/"},"modified":"2025-09-22T09:43:00","modified_gmt":"2025-09-22T06:43:00","slug":"industries","status":"publish","type":"page","link":"https:\/\/posmaster.lv\/en\/industries\/","title":{"rendered":"Industries"},"content":{"rendered":"\n<section id=\"categories-home-block_2672b87910cdef0361da7ffcff71d493\" class=\"block categories-home \">\n\t<div class=\"categories-home__container grid-container\">\n\t\t<div class=\"categories-home__wrapper\">\n\t\t\t\t\t\t\t<div class=\"categories-home__title\"><h1>Industries<\/h1>\n<\/div>\n\t\t\t\t\t\t<div class=\"categories-home__text\">\n\t\t\t\t\t\t\t\t\t<div class=\"categories-home__subtitle\"><p>Transparent, convenient, and effective solutions<\/p>\n<\/div>\n\t\t\t\t\t\t\t\t<div class=\"categories-home__text-bottom\">\n\t\t\t\t\t\t\t\t\t\t<div class=\"categories__buttons\">\n\t\t\t\t\t\t<div class=\"swiper-button-next next\">\n\t\t\t\t\t\t\t<svg width=\"20\" height=\"20\" viewBox=\"0 0 20 20\" fill=\"none\"\n\t\t\t\t\t\t\t\txmlns=\"http:\/\/www.w3.org\/2000\/svg\">\n\t\t\t\t\t\t\t\t<path\n\t\t\t\t\t\t\t\t\td=\"M12.8542 10.875H3.83333V9.125H12.8542L8.77083 5.0625L10 3.83333L16.1667 10L10 16.1667L8.77083 14.9375L12.8542 10.875Z\"\n\t\t\t\t\t\t\t\t\tfill=\"#1F1F1F\" \/>\n\t\t\t\t\t\t\t<\/svg>\n\t\t\t\t\t\t<\/div>\n\t\t\t\t\t\t<div class=\"swiper-button-prev prev\">\n\t\t\t\t\t\t\t<svg width=\"20\" height=\"20\" viewBox=\"0 0 20 20\" fill=\"none\"\n\t\t\t\t\t\t\t\txmlns=\"http:\/\/www.w3.org\/2000\/svg\">\n\t\t\t\t\t\t\t\t<path\n\t\t\t\t\t\t\t\t\td=\"M7.14583 10.875L11.2292 14.9375L10 16.1667L3.83333 10L10 3.83333L11.2292 5.0625L7.14583 9.125H16.1667V10.875H7.14583Z\"\n\t\t\t\t\t\t\t\t\tfill=\"#1F1F1F\" \/>\n\t\t\t\t\t\t\t<\/svg>\n\t\t\t\t\t\t<\/div>\n\t\t\t\t\t<\/div>\n\t\t\t\t<\/div>\n\t\t\t<\/div>\n\t\t\t<div class=\"categories-home__blocks swiper\">\n\t\t\t\t<div class=\"swiper-wrapper\">\n\t\t\t\t\t\t\t\t\t\t\t\t<a href=\"https:\/\/posmaster.lv\/en\/nozares\/vizuala-reklama\/\" class=\"categories-home__link swiper-slide\">\n\t\t\t\t\t\t\t\t<div class=\"image__wrapper\">\n\t\t\t\t\t\t\t\t\t<img decoding=\"async\" src=\"https:\/\/posmaster.lv\/wp-content\/uploads\/2025\/09\/Gemini_Generated_Image_b9jl13b9jl13b9jl.png\" alt=\"Vizu\u0101l\u0101 rekl\u0101ma\"\n\t\t\t\t\t\t\t\t\t\tclass=\"category-image\">\n\t\t\t\t\t\t\t\t<\/div>\n\t\t\t\t\t\t\t\t<h3 class=\"category-title\">Vizu\u0101l\u0101 rekl\u0101ma<\/h3>\n\t\t\t\t\t\t\t\t<div class=\"category-excerpt\"> izk\u0101rtnes, gaismas kastes un rekl\u0101mas risin\u0101jumi<\/div>\n\t\t\t\t\t\t\t<\/a>\n\t\t\t\t\t\t\t\t\t\t\t\t\t\t<a href=\"https:\/\/posmaster.lv\/en\/nozares\/dus\/\" class=\"categories-home__link swiper-slide\">\n\t\t\t\t\t\t\t\t<div class=\"image__wrapper\">\n\t\t\t\t\t\t\t\t\t<img decoding=\"async\" src=\"https:\/\/posmaster.lv\/wp-content\/uploads\/2025\/08\/gasoline-8719776_1280.jpg\" alt=\"DUS\"\n\t\t\t\t\t\t\t\t\t\tclass=\"category-image\">\n\t\t\t\t\t\t\t\t<\/div>\n\t\t\t\t\t\t\t\t<h3 class=\"category-title\">DUS<\/h3>\n\t\t\t\t\t\t\t\t<div class=\"category-excerpt\">Akrila produkti uzpildes viet\u0101m<\/div>\n\t\t\t\t\t\t\t<\/a>\n\t\t\t\t\t\t\t\t\t\t\t\t\t\t<a href=\"https:\/\/posmaster.lv\/en\/nozares\/gramatu-veikali\/\" class=\"categories-home__link swiper-slide\">\n\t\t\t\t\t\t\t\t<div class=\"image__wrapper\">\n\t\t\t\t\t\t\t\t\t<img decoding=\"async\" src=\"https:\/\/posmaster.lv\/wp-content\/uploads\/2025\/06\/shop-2964741_1280.jpg\" alt=\"Gr\u0101matu veikali\"\n\t\t\t\t\t\t\t\t\t\tclass=\"category-image\">\n\t\t\t\t\t\t\t\t<\/div>\n\t\t\t\t\t\t\t\t<h3 class=\"category-title\">Gr\u0101matu veikali<\/h3>\n\t\t\t\t\t\t\t\t<div class=\"category-excerpt\">Akrila risin\u0101jumi gr\u0101matn\u012bc\u0101m<\/div>\n\t\t\t\t\t\t\t<\/a>\n\t\t\t\t\t\t\t\t\t\t\t\t\t\t<a href=\"https:\/\/posmaster.lv\/en\/nozares\/horeca\/\" class=\"categories-home__link swiper-slide\">\n\t\t\t\t\t\t\t\t<div class=\"image__wrapper\">\n\t\t\t\t\t\t\t\t\t<img decoding=\"async\" src=\"https:\/\/posmaster.lv\/wp-content\/uploads\/2025\/08\/Gemini_Generated_Image_q104lfq104lfq104-e1754553199761.png\" alt=\"HORECA\"\n\t\t\t\t\t\t\t\t\t\tclass=\"category-image\">\n\t\t\t\t\t\t\t\t<\/div>\n\t\t\t\t\t\t\t\t<h3 class=\"category-title\">HORECA<\/h3>\n\t\t\t\t\t\t\t\t<div class=\"category-excerpt\">Viesm\u012bl\u012bba, serviss, kvalit\u0101te, dizains.<\/div>\n\t\t\t\t\t\t\t<\/a>\n\t\t\t\t\t\t\t\t\t\t\t\t\t\t<a href=\"https:\/\/posmaster.lv\/en\/nozares\/kafijas-stacijas\/\" class=\"categories-home__link swiper-slide\">\n\t\t\t\t\t\t\t\t<div class=\"image__wrapper\">\n\t\t\t\t\t\t\t\t\t<img decoding=\"async\" src=\"https:\/\/posmaster.lv\/wp-content\/uploads\/2025\/08\/Gemini_Generated_Image_b2sen9b2sen9b2se-e1754554629284.png\" alt=\"Kafijas stacijas\"\n\t\t\t\t\t\t\t\t\t\tclass=\"category-image\">\n\t\t\t\t\t\t\t\t<\/div>\n\t\t\t\t\t\t\t\t<h3 class=\"category-title\">Kafijas stacijas<\/h3>\n\t\t\t\t\t\t\t\t<div class=\"category-excerpt\">Est\u0113tiski kafijas staciju risin\u0101jumi<\/div>\n\t\t\t\t\t\t\t<\/a>\n\t\t\t\t\t\t\t\t\t\t\t\t\t\t<a href=\"https:\/\/posmaster.lv\/en\/nozares\/partikas-veikali\/\" class=\"categories-home__link swiper-slide\">\n\t\t\t\t\t\t\t\t<div class=\"image__wrapper\">\n\t\t\t\t\t\t\t\t\t<img decoding=\"async\" src=\"https:\/\/posmaster.lv\/wp-content\/uploads\/2025\/08\/Gemini_Generated_Image_hqsjgahqsjgahqsj-e1754550035204.png\" alt=\"P\u0101rtikas veikali\"\n\t\t\t\t\t\t\t\t\t\tclass=\"category-image\">\n\t\t\t\t\t\t\t\t<\/div>\n\t\t\t\t\t\t\t\t<h3 class=\"category-title\">P\u0101rtikas veikali<\/h3>\n\t\t\t\t\t\t\t\t<div class=\"category-excerpt\">Prezent\u0101cija, k\u0101rt\u012bba, funkcionalit\u0101te<\/div>\n\t\t\t\t\t\t\t<\/a>\n\t\t\t\t\t\t\t\t\t\t\t\t\t\t<a href=\"https:\/\/posmaster.lv\/en\/nozares\/pasakumu-organizesana\/\" class=\"categories-home__link swiper-slide\">\n\t\t\t\t\t\t\t\t<div class=\"image__wrapper\">\n\t\t\t\t\t\t\t\t\t<img decoding=\"async\" src=\"https:\/\/posmaster.lv\/wp-content\/uploads\/2025\/08\/Gemini_Generated_Image_vkmdr4vkmdr4vkmd-e1754556378763.png\" alt=\"Pas\u0101kumu organiz\u0113\u0161ana\"\n\t\t\t\t\t\t\t\t\t\tclass=\"category-image\">\n\t\t\t\t\t\t\t\t<\/div>\n\t\t\t\t\t\t\t\t<h3 class=\"category-title\">Pas\u0101kumu organiz\u0113\u0161ana<\/h3>\n\t\t\t\t\t\t\t\t<div class=\"category-excerpt\">Est\u0113tika un funkcionalit\u0101te<\/div>\n\t\t\t\t\t\t\t<\/a>\n\t\t\t\t\t\t\t\t\t\t\t\t\t\t<a href=\"https:\/\/posmaster.lv\/en\/nozares\/vending-aparati\/\" class=\"categories-home__link swiper-slide\">\n\t\t\t\t\t\t\t\t<div class=\"image__wrapper\">\n\t\t\t\t\t\t\t\t\t<img decoding=\"async\" src=\"https:\/\/posmaster.lv\/wp-content\/uploads\/2025\/08\/vending-machine-6856915_1280.jpg\" alt=\"Vending apar\u0101ti\"\n\t\t\t\t\t\t\t\t\t\tclass=\"category-image\">\n\t\t\t\t\t\t\t\t<\/div>\n\t\t\t\t\t\t\t\t<h3 class=\"category-title\">Vending apar\u0101ti<\/h3>\n\t\t\t\t\t\t\t\t<div class=\"category-excerpt\">Autom\u0101tisk\u0101s tirdzniec\u012bbas risin\u0101jumi<\/div>\n\t\t\t\t\t\t\t<\/a>\n\t\t\t\t\t\t\t\t\t\t\t\t\t\t<a href=\"https:\/\/posmaster.lv\/en\/nozares\/muzeji\/\" class=\"categories-home__link swiper-slide\">\n\t\t\t\t\t\t\t\t<div class=\"image__wrapper\">\n\t\t\t\t\t\t\t\t\t<img decoding=\"async\" src=\"https:\/\/posmaster.lv\/wp-content\/uploads\/2025\/08\/man-2590655_1280.jpg\" alt=\"Muzeji\"\n\t\t\t\t\t\t\t\t\t\tclass=\"category-image\">\n\t\t\t\t\t\t\t\t<\/div>\n\t\t\t\t\t\t\t\t<h3 class=\"category-title\">Muzeji<\/h3>\n\t\t\t\t\t\t\t\t<div class=\"category-excerpt\">Ekspoz\u012bciju risin\u0101jumi un dizains<\/div>\n\t\t\t\t\t\t\t<\/a>\n\t\t\t\t\t\t\t\t\t\t\t\t\t\t<a href=\"https:\/\/posmaster.lv\/en\/nozares\/aptiekas\/\" class=\"categories-home__link swiper-slide\">\n\t\t\t\t\t\t\t\t<div class=\"image__wrapper\">\n\t\t\t\t\t\t\t\t\t<img decoding=\"async\" src=\"https:\/\/posmaster.lv\/wp-content\/uploads\/2025\/08\/pharmacists-2309353-scaled.jpg\" alt=\"Aptiekas\"\n\t\t\t\t\t\t\t\t\t\tclass=\"category-image\">\n\t\t\t\t\t\t\t\t<\/div>\n\t\t\t\t\t\t\t\t<h3 class=\"category-title\">Aptiekas<\/h3>\n\t\t\t\t\t\t\t\t<div class=\"category-excerpt\">Aptieku preces \u2013 higi\u0113na, k\u0101rt\u012bba, funkcionalit\u0101te.<\/div>\n\t\t\t\t\t\t\t<\/a>\n\t\t\t\t\t\t\t\t\t\t\t\t\t\t<a href=\"https:\/\/posmaster.lv\/en\/nozares\/auto-saloni\/\" class=\"categories-home__link swiper-slide\">\n\t\t\t\t\t\t\t\t<div class=\"image__wrapper\">\n\t\t\t\t\t\t\t\t\t<img decoding=\"async\" src=\"https:\/\/posmaster.lv\/wp-content\/uploads\/2025\/08\/Gemini_Generated_Image_zcmupazcmupazcmu-e1754552511755.png\" alt=\"Auto saloni\"\n\t\t\t\t\t\t\t\t\t\tclass=\"category-image\">\n\t\t\t\t\t\t\t\t<\/div>\n\t\t\t\t\t\t\t\t<h3 class=\"category-title\">Auto saloni<\/h3>\n\t\t\t\t\t\t\t\t<div class=\"category-excerpt\">Inovat\u012bva auto prezent\u0101cija<\/div>\n\t\t\t\t\t\t\t<\/a>\n\t\t\t\t\t\t\t\t\t\t\t\t\t\t<a href=\"https:\/\/posmaster.lv\/en\/nozares\/dekoracijas\/\" class=\"categories-home__link swiper-slide\">\n\t\t\t\t\t\t\t\t<div class=\"image__wrapper\">\n\t\t\t\t\t\t\t\t\t<img decoding=\"async\" src=\"https:\/\/posmaster.lv\/wp-content\/uploads\/2025\/09\/Gemini_Generated_Image_56ljmn56ljmn56lj-1.png\" alt=\"Dekor\u0101cijas\"\n\t\t\t\t\t\t\t\t\t\tclass=\"category-image\">\n\t\t\t\t\t\t\t\t<\/div>\n\t\t\t\t\t\t\t\t<h3 class=\"category-title\">Dekor\u0101cijas<\/h3>\n\t\t\t\t\t\t\t\t<div class=\"category-excerpt\">Plastmasas dekori vizu\u0101lai komunik\u0101cijai<\/div>\n\t\t\t\t\t\t\t<\/a>\n\t\t\t\t\t\t\t\t\t\t\t\t\t\t<a href=\"https:\/\/posmaster.lv\/en\/nozares\/izstades\/\" class=\"categories-home__link swiper-slide\">\n\t\t\t\t\t\t\t\t<div class=\"image__wrapper\">\n\t\t\t\t\t\t\t\t\t<img decoding=\"async\" src=\"https:\/\/posmaster.lv\/wp-content\/uploads\/2025\/08\/Gemini_Generated_Image_bzf4wsbzf4wsbzf4-e1754553327920.png\" alt=\"Izst\u0101des\"\n\t\t\t\t\t\t\t\t\t\tclass=\"category-image\">\n\t\t\t\t\t\t\t\t<\/div>\n\t\t\t\t\t\t\t\t<h3 class=\"category-title\">Izst\u0101des<\/h3>\n\t\t\t\t\t\t\t\t<div class=\"category-excerpt\">Prezent\u0101cija, sadarb\u012bba, inov\u0101cijas, pieredze<\/div>\n\t\t\t\t\t\t\t<\/a>\n\t\t\t\t\t\t\t\t\t\t\t\t\t\t<a href=\"https:\/\/posmaster.lv\/en\/nozares\/majai-un-hobijiem\/\" class=\"categories-home__link swiper-slide\">\n\t\t\t\t\t\t\t\t<div class=\"image__wrapper\">\n\t\t\t\t\t\t\t\t\t<img decoding=\"async\" src=\"https:\/\/posmaster.lv\/wp-content\/uploads\/2025\/09\/sienas-uzlimes.jpg\" alt=\"M\u0101jai un hobijiem\"\n\t\t\t\t\t\t\t\t\t\tclass=\"category-image\">\n\t\t\t\t\t\t\t\t<\/div>\n\t\t\t\t\t\t\t\t<h3 class=\"category-title\">M\u0101jai un hobijiem<\/h3>\n\t\t\t\t\t\t\t\t<div class=\"category-excerpt\">Dz\u012bvesstils un br\u012bv\u0101 laika aktivit\u0101tes<\/div>\n\t\t\t\t\t\t\t<\/a>\n\t\t\t\t\t\t\t\t\t\t\t\t\t\t<a href=\"https:\/\/posmaster.lv\/en\/nozares\/masinbuve\/\" class=\"categories-home__link swiper-slide\">\n\t\t\t\t\t\t\t\t<div class=\"image__wrapper\">\n\t\t\t\t\t\t\t\t\t<img decoding=\"async\" src=\"https:\/\/posmaster.lv\/wp-content\/uploads\/2025\/08\/Gemini_Generated_Image_ej5yksej5yksej5y-e1754557032449.png\" alt=\"Ma\u0161\u012bnb\u016bve\"\n\t\t\t\t\t\t\t\t\t\tclass=\"category-image\">\n\t\t\t\t\t\t\t\t<\/div>\n\t\t\t\t\t\t\t\t<h3 class=\"category-title\">Ma\u0161\u012bnb\u016bve<\/h3>\n\t\t\t\t\t\t\t\t<div class=\"category-excerpt\">Ma\u0161\u012bnb\u016bves risin\u0101jumi un deta\u013cas<\/div>\n\t\t\t\t\t\t\t<\/a>\n\t\t\t\t\t\t\t\t\t\t\t\t\t\t<a href=\"https:\/\/posmaster.lv\/en\/nozares\/mebeles\/\" class=\"categories-home__link swiper-slide\">\n\t\t\t\t\t\t\t\t<div class=\"image__wrapper\">\n\t\t\t\t\t\t\t\t\t<img decoding=\"async\" src=\"https:\/\/posmaster.lv\/wp-content\/uploads\/2025\/08\/Gemini_Generated_Image_72yc4j72yc4j72yc-e1754555864802.png\" alt=\"M\u0113beles\"\n\t\t\t\t\t\t\t\t\t\tclass=\"category-image\">\n\t\t\t\t\t\t\t\t<\/div>\n\t\t\t\t\t\t\t\t<h3 class=\"category-title\">M\u0113beles<\/h3>\n\t\t\t\t\t\t\t\t<div class=\"category-excerpt\">Dizains, komforts, funkcionalit\u0101te<\/div>\n\t\t\t\t\t\t\t<\/a>\n\t\t\t\t\t\t\t\t\t\t\t<\/div>\n\t\t\t<\/div>\n\t\t<\/div>\n\t<\/div>\n<\/section>","protected":false},"excerpt":{"rendered":"","protected":false},"author":2,"featured_media":0,"parent":0,"menu_order":0,"comment_status":"closed","ping_status":"closed","template":"","meta":{"_acf_changed":false,"footnotes":""},"class_list":["post-6445","page","type-page","status-publish","hentry"],"acf":[],"yoast_head":"<!-- This site is optimized with the Yoast SEO plugin v25.8 - https:\/\/yoast.com\/wordpress\/plugins\/seo\/ -->\n<title>Industries - Posmaster.lv<\/title>\n<meta name=\"description\" content=\"Find out which industries use our visual advertising products \u2013 from retail and catering to real estate and event management. Versatile solutions that adapt to the needs of each industry.\" \/>\n<meta name=\"robots\" content=\"index, follow, max-snippet:-1, max-image-preview:large, max-video-preview:-1\" \/>\n<link rel=\"canonical\" href=\"https:\/\/posmaster.lv\/en\/industries\/\" \/>\n<meta property=\"og:locale\" content=\"en_US\" \/>\n<meta property=\"og:type\" content=\"article\" \/>\n<meta property=\"og:title\" content=\"Industries - Posmaster.lv\" \/>\n<meta property=\"og:description\" content=\"Find out which industries use our visual advertising products \u2013 from retail and catering to real estate and event management. Versatile solutions that adapt to the needs of each industry.\" \/>\n<meta property=\"og:url\" content=\"https:\/\/posmaster.lv\/en\/industries\/\" \/>\n<meta property=\"og:site_name\" content=\"Posmaster.lv\" \/>\n<meta property=\"article:modified_time\" content=\"2025-09-22T06:43:00+00:00\" \/>\n<meta name=\"twitter:card\" content=\"summary_large_image\" \/>\n<script type=\"application\/ld+json\" class=\"yoast-schema-graph\">{\"@context\":\"https:\/\/schema.org\",\"@graph\":[{\"@type\":\"WebPage\",\"@id\":\"https:\/\/posmaster.lv\/en\/industries\/\",\"url\":\"https:\/\/posmaster.lv\/en\/industries\/\",\"name\":\"Industries - Posmaster.lv\",\"isPartOf\":{\"@id\":\"https:\/\/posmaster.lv\/en\/#website\"},\"datePublished\":\"2025-09-03T08:59:56+00:00\",\"dateModified\":\"2025-09-22T06:43:00+00:00\",\"description\":\"Find out which industries use our visual advertising products \u2013 from retail and catering to real estate and event management. Versatile solutions that adapt to the needs of each industry.\",\"breadcrumb\":{\"@id\":\"https:\/\/posmaster.lv\/en\/industries\/#breadcrumb\"},\"inLanguage\":\"en-US\",\"potentialAction\":[{\"@type\":\"ReadAction\",\"target\":[\"https:\/\/posmaster.lv\/en\/industries\/\"]}]},{\"@type\":\"BreadcrumbList\",\"@id\":\"https:\/\/posmaster.lv\/en\/industries\/#breadcrumb\",\"itemListElement\":[{\"@type\":\"ListItem\",\"position\":1,\"name\":\"S\u0101kums\",\"item\":\"https:\/\/posmaster.lv\/en\/\"},{\"@type\":\"ListItem\",\"position\":2,\"name\":\"Industries\"}]},{\"@type\":\"WebSite\",\"@id\":\"https:\/\/posmaster.lv\/en\/#website\",\"url\":\"https:\/\/posmaster.lv\/en\/\",\"name\":\"Posmaster.lv\",\"description\":\"CNC grie\u0161ana, l\u0101zergrie\u0161ana, plastmasas izstr\u0101djumi u.c.\",\"publisher\":{\"@id\":\"https:\/\/posmaster.lv\/en\/#organization\"},\"potentialAction\":[{\"@type\":\"SearchAction\",\"target\":{\"@type\":\"EntryPoint\",\"urlTemplate\":\"https:\/\/posmaster.lv\/en\/?s={search_term_string}\"},\"query-input\":{\"@type\":\"PropertyValueSpecification\",\"valueRequired\":true,\"valueName\":\"search_term_string\"}}],\"inLanguage\":\"en-US\"},{\"@type\":\"Organization\",\"@id\":\"https:\/\/posmaster.lv\/en\/#organization\",\"name\":\"Posmaster.lv\",\"url\":\"https:\/\/posmaster.lv\/en\/\",\"logo\":{\"@type\":\"ImageObject\",\"inLanguage\":\"en-US\",\"@id\":\"https:\/\/posmaster.lv\/en\/#\/schema\/logo\/image\/\",\"url\":\"https:\/\/posmaster.lv\/wp-content\/uploads\/2025\/05\/Vector.svg\",\"contentUrl\":\"https:\/\/posmaster.lv\/wp-content\/uploads\/2025\/05\/Vector.svg\",\"width\":1,\"height\":1,\"caption\":\"Posmaster.lv\"},\"image\":{\"@id\":\"https:\/\/posmaster.lv\/en\/#\/schema\/logo\/image\/\"}}]}<\/script>\n<!-- \/ Yoast SEO plugin. -->","yoast_head_json":{"title":"Industries - Posmaster.lv","description":"Find out which industries use our visual advertising products \u2013 from retail and catering to real estate and event management. Versatile solutions that adapt to the needs of each industry.","robots":{"index":"index","follow":"follow","max-snippet":"max-snippet:-1","max-image-preview":"max-image-preview:large","max-video-preview":"max-video-preview:-1"},"canonical":"https:\/\/posmaster.lv\/en\/industries\/","og_locale":"en_US","og_type":"article","og_title":"Industries - Posmaster.lv","og_description":"Find out which industries use our visual advertising products \u2013 from retail and catering to real estate and event management. Versatile solutions that adapt to the needs of each industry.","og_url":"https:\/\/posmaster.lv\/en\/industries\/","og_site_name":"Posmaster.lv","article_modified_time":"2025-09-22T06:43:00+00:00","twitter_card":"summary_large_image","schema":{"@context":"https:\/\/schema.org","@graph":[{"@type":"WebPage","@id":"https:\/\/posmaster.lv\/en\/industries\/","url":"https:\/\/posmaster.lv\/en\/industries\/","name":"Industries - Posmaster.lv","isPartOf":{"@id":"https:\/\/posmaster.lv\/en\/#website"},"datePublished":"2025-09-03T08:59:56+00:00","dateModified":"2025-09-22T06:43:00+00:00","description":"Find out which industries use our visual advertising products \u2013 from retail and catering to real estate and event management. Versatile solutions that adapt to the needs of each industry.","breadcrumb":{"@id":"https:\/\/posmaster.lv\/en\/industries\/#breadcrumb"},"inLanguage":"en-US","potentialAction":[{"@type":"ReadAction","target":["https:\/\/posmaster.lv\/en\/industries\/"]}]},{"@type":"BreadcrumbList","@id":"https:\/\/posmaster.lv\/en\/industries\/#breadcrumb","itemListElement":[{"@type":"ListItem","position":1,"name":"S\u0101kums","item":"https:\/\/posmaster.lv\/en\/"},{"@type":"ListItem","position":2,"name":"Industries"}]},{"@type":"WebSite","@id":"https:\/\/posmaster.lv\/en\/#website","url":"https:\/\/posmaster.lv\/en\/","name":"Posmaster.lv","description":"CNC grie\u0161ana, l\u0101zergrie\u0161ana, plastmasas izstr\u0101djumi u.c.","publisher":{"@id":"https:\/\/posmaster.lv\/en\/#organization"},"potentialAction":[{"@type":"SearchAction","target":{"@type":"EntryPoint","urlTemplate":"https:\/\/posmaster.lv\/en\/?s={search_term_string}"},"query-input":{"@type":"PropertyValueSpecification","valueRequired":true,"valueName":"search_term_string"}}],"inLanguage":"en-US"},{"@type":"Organization","@id":"https:\/\/posmaster.lv\/en\/#organization","name":"Posmaster.lv","url":"https:\/\/posmaster.lv\/en\/","logo":{"@type":"ImageObject","inLanguage":"en-US","@id":"https:\/\/posmaster.lv\/en\/#\/schema\/logo\/image\/","url":"https:\/\/posmaster.lv\/wp-content\/uploads\/2025\/05\/Vector.svg","contentUrl":"https:\/\/posmaster.lv\/wp-content\/uploads\/2025\/05\/Vector.svg","width":1,"height":1,"caption":"Posmaster.lv"},"image":{"@id":"https:\/\/posmaster.lv\/en\/#\/schema\/logo\/image\/"}}]}},"_links":{"self":[{"href":"https:\/\/posmaster.lv\/en\/wp-json\/wp\/v2\/pages\/6445","targetHints":{"allow":["GET"]}}],"collection":[{"href":"https:\/\/posmaster.lv\/en\/wp-json\/wp\/v2\/pages"}],"about":[{"href":"https:\/\/posmaster.lv\/en\/wp-json\/wp\/v2\/types\/page"}],"author":[{"embeddable":true,"href":"https:\/\/posmaster.lv\/en\/wp-json\/wp\/v2\/users\/2"}],"replies":[{"embeddable":true,"href":"https:\/\/posmaster.lv\/en\/wp-json\/wp\/v2\/comments?post=6445"}],"version-history":[{"count":2,"href":"https:\/\/posmaster.lv\/en\/wp-json\/wp\/v2\/pages\/6445\/revisions"}],"predecessor-version":[{"id":6448,"href":"https:\/\/posmaster.lv\/en\/wp-json\/wp\/v2\/pages\/6445\/revisions\/6448"}],"wp:attachment":[{"href":"https:\/\/posmaster.lv\/en\/wp-json\/wp\/v2\/media?parent=6445"}],"curies":[{"name":"wp","href":"https:\/\/api.w.org\/{rel}","templated":true}]}}