{"id":386,"date":"2024-12-20T18:29:40","date_gmt":"2024-12-20T16:29:40","guid":{"rendered":"https:\/\/posmaster.ecomstrive.dev\/sample-page\/"},"modified":"2025-02-21T13:36:37","modified_gmt":"2025-02-21T11:36:37","slug":"sample-page","status":"publish","type":"page","link":"https:\/\/posmaster.lv\/en\/sample-page\/","title":{"rendered":"CMS"},"content":{"rendered":"<section id=\"category-title-header-block_a206e4af20d51579d689b6ce8068479c\" class=\"block category-title-header \">\n\t<div class=\"grid-container\">\n\t\t<div class=\"grid-x grid-padding-x\">\n\t\t\t<div class=\"cell\">\n\t\t\t\t<div class=\"category-title-header__holder\">\n\t\t\t\t\t<div class=\"grid-x grid-padding-x align-justify\">\n\t\t\t\t\t\t<div class=\"cell medium-5 medium-order-2\">\n\t\t\t\t\t\t\t<svg xmlns=\"http:\/\/www.w3.org\/2000\/svg\" viewBox=\"0 0 330 120\" xmlns:xlink=\"http:\/\/www.w3.org\/1999\/xlink\" style=\"width: 100%; height: auto;\">   \n\t\t\t\t\t\t\t\t<defs>\n\t\t\t\t\t\t\t\t\t<clipPath id=\"clip-shape2\">\n\t\t\t\t\t\t\t\t\t\t<path fill-rule=\"evenodd\" clip-rule=\"evenodd\" d=\"M35.9721 64.416C38.5806 61.9366 38.5949 57.7431 36.0034 55.2459C21.8735 41.6304 10.1169 25.772 1.37372 8.28108C-0.556703 4.41922 2.33382 -3.06807e-05 6.65128 -3.06807e-05H321.349C325.667 -3.06807e-05 328.557 4.41924 326.627 8.28111C317.703 26.1326 305.641 42.2836 291.12 56.0851C288.512 58.5645 288.497 62.758 291.089 65.2551C304.643 78.3165 316.014 93.4417 324.636 110.092C326.637 113.957 323.748 118.442 319.396 118.442H6.78795C2.43546 118.442 -0.453241 113.957 1.54809 110.092C10.355 93.0839 22.0304 77.6671 35.9721 64.416Z\"\/>\n\t\t\t\t\t\t\t\t\t<\/clipPath>\n\t\t\t\t\t\t\t\t<\/defs>\n\t\t\t\t\t\t\t\t<image xlink:href=\"31\" width=\"330\" height=\"120\" clip-path=\"url(#clip-shape2)\" preserveAspectRatio=\"xMidYMid slice\"\/>\n\t\t\t\t\t\t\t<\/svg>\n\t\t\t\t\t\t<\/div>\n\t\t\t\t\t\t<div class=\"cell medium-6 align-self-middle\">\n\t\t\t\t\t\t\t<h1>Jaunas preces<\/h1>\n                                                            \u0160aj\u0101 sada\u013ca atrad\u012bsiet Montessori materi\u0101lus, kuri veicina b\u0113rnos zin\u0101tk\u0101ri un v\u0113lmi m\u0101c\u012bties, izprast un atkl\u0101t.                            \t\t\t\t\t\t<\/div>\n\t\t\t\t\t<\/div>\n\t\t\t\t<\/div>\n\t\t\t<\/div>\n\t\t<\/div>\n\t<\/div>\n<\/section>\n\n\n\n    <div class=\"grid-container\">\n        <div class=\"grid-x grid-padding-x align-center\">\n            <div class=\"cell small-12 medium-8 \">\n\n\n\n\n\n\n\n<h1 class=\"wp-block-heading\">Heading text<\/h1>\n\n\n\n<p>Mi tincidunt elit, id quisque ligula ac diam, amet. <a href=\"#\">Vel etiam suspendisse<\/a> morbi eleifend faucibus eget vestibulum felis. Dictum quis montes, sit sit. Tellus aliquam enim urna, etiam. Mauris posuere vulputate arcu amet, vitae nisi, tellus tincidunt. At feugiat sapien varius id.<\/p>\n\n\n\n<p>Eget quis mi enim, leo lacinia pharetra, semper. Eget in volutpat mollis at volutpat lectus velit, sed auctor. Porttitor fames arcu quis fusce augue enim. Quis at habitant diam at. Suscipit tristique risus, at donec. In turpis vel et quam imperdiet. Ipsum molestie aliquet sodales id est ac volutpat.<\/p>\n\n\n\n<figure class=\"wp-block-image size-full is-resized\"><img decoding=\"async\" src=\"https:\/\/posmaster.lv\/wp-content\/uploads\/2024\/12\/img.jpg\" alt=\"\" class=\"wp-image-31\" style=\"width:840px;height:auto\"\/><figcaption class=\"wp-element-caption\">Image courtesy of Alex Loup via Unsplash<\/figcaption><\/figure>\n\n\n\n<h3 class=\"wp-block-heading\">Heading text<\/h3>\n\n\n\n<p>Ipsum sit mattis nulla quam nulla. Gravida id gravida ac enim mauris id. Non pellentesque congue eget consectetur turpis. Sapien, dictum molestie sem tempor. Diam elit, orci, tincidunt aenean tempus. Quis velit eget ut tortor tellus. Sed vel, congue felis elit erat nam nibh orci.<\/p>\n\n\n\n<blockquote class=\"wp-block-quote is-layout-flow wp-block-quote-is-layout-flow\">\n<p>\u201cIn a world older and more complete than ours they move finished and complete, gifted with extensions of the senses we have lost or never attained, living by voices we shall never hear.\u201d<\/p>\n<cite>Olivia Rhye, Product Designer<\/cite><\/blockquote>\n\n\n\n        <\/div>\n    <\/div>\n<\/div>\n\n\n\n\n\n    <div class=\"grid-container\">\n        <div class=\"grid-x grid-padding-x align-center\">\n            <div class=\"cell small-12 medium-8 \">\n\n\n\n\n\n\n\n<p>Dolor enim eu tortor urna sed duis nulla. Aliquam vestibulum, nulla odio nisl vitae. In aliquet pellentesque aenean hac vestibulum turpis mi bibendum diam. Tempor integer aliquam in vitae malesuada fringilla.<\/p>\n\n\n\n<p>Elit nisi in eleifend sed nisi. Pulvinar at orci, proin imperdiet commodo consectetur convallis risus. Sed condimentum enim dignissim adipiscing faucibus consequat, urna. Viverra purus et erat auctor aliquam. Risus, volutpat vulputate posuere purus sit congue convallis aliquet. Arcu id augue ut feugiat donec porttitor neque. Mauris, neque ultricies eu vestibulum, bibendum quam lorem id. Dolor lacus, eget nunc lectus in tellus, pharetra, porttitor.<\/p>\n\n\n\n<p>Ipsum sit mattis nulla quam nulla. Gravida id gravida ac enim mauris id. Non pellentesque congue eget consectetur turpis. Sapien, dictum molestie sem tempor. Diam elit, orci, tincidunt aenean tempus. Quis velit eget ut tortor tellus. Sed vel, congue felis elit erat nam nibh orci.<\/p>\n\n\n\n\n\n        <\/div>\n    <\/div>\n<\/div>\n\n\n\n\n\n    <div class=\"grid-container\">\n        <div class=\"grid-x grid-padding-x align-center\">\n            <div class=\"cell small-12 medium-8 \">\n\n\n\n\n\n\n\n<h4 class=\"wp-block-heading\">Software and tools<\/h4>\n\n\n\n<p>Mi tincidunt elit, id quisque ligula ac diam, amet. Vel etiam suspendisse morbi eleifend faucibus eget vestibulum felis. Dictum quis montes, sit sit. Tellus aliquam enim urna, etiam. Mauris posuere vulputate arcu amet, vitae nisi, tellus tincidunt. At feugiat sapien varius id.<br>Eget quis mi enim, leo lacinia pharetra, semper. Eget in volutpat mollis at volutpat lectus velit, sed auctor. Porttitor fames arcu quis fusce augue enim. Quis at habitant diam at. Suscipit tristique risus, at donec. In turpis vel et quam imperdiet. Ipsum molestie aliquet sodales id est ac volutpat.<\/p>\n\n\n\n        <\/div>\n    <\/div>\n<\/div>\n\n\n\n<div class=\"grid-container\">\n    <div class=\"grid-x grid-padding-x\">\n        <div class=\"cell\">\n\n\n\n\n\n\n\n<div class=\"custom-table\">\n\n\n<figure class=\"wp-block-table\"><table class=\"has-fixed-layout\"><tbody><tr><td>Produkta veids<\/td><td>Safari fig\u016bra<\/td><\/tr><tr><td>Pre\u010du iepakojumu skaits<\/td><td>1 gab.<\/td><\/tr><tr><td>Iepakojuma izm\u0113ri un svars<\/td><td>0,03 x 0,07 x 0,04 m, 0,02 kg<\/td><\/tr><tr><td>Izcelsmes valsts<\/td><td>\u0136\u012bna<\/td><\/tr><\/tbody><\/table><\/figure>\n\n\n\n<\/div>\n\n\n<h4 class=\"wp-block-heading\">Software and tools<\/h4>\n\n\n\n<p>Sagittis et eu at elementum, quis in. Proin praesent volutpat egestas sociis sit lorem nunc nunc sit. Eget diam curabitur mi ac. Auctor rutrum lacus malesuada massa ornare et. Vulputate consectetur ac ultrices at diam dui eget fringilla tincidunt. Arcu sit dignissim massa erat cursus vulputate gravida id. Sed quis auctor vulputate hac elementum gravida cursus dis.<\/p>\n\n\n\n<ol class=\"wp-block-list\">\n<li>Lectus id duis vitae porttitor enim gravida morbi.<\/li>\n\n\n\n<li>Eu turpis posuere semper feugiat volutpat elit, ultrices suspendisse. Auctor vel in vitae placerat.<\/li>\n\n\n\n<li>Suspendisse maecenas ac donec scelerisque diam sed est duis purus.\u2028<\/li>\n<\/ol>\n\n\n\n<ul class=\"wp-block-list\">\n<li>Lectus id duis vitae porttitor enim gravida morbi.<\/li>\n\n\n\n<li>Eu turpis posuere semper feugiat volutpat elit, ultrices suspendisse. Auctor vel in vitae placerat.<\/li>\n\n\n\n<li>Suspendisse maecenas ac donec scelerisque diam sed est duis purus.<\/li>\n<\/ul>\n\n\n\n<div class=\"custom-table\">\n\n\n<figure class=\"wp-block-table\"><table class=\"has-fixed-layout\"><tbody><tr><td>Produkta veids<\/td><td>Safari fig\u016bra<\/td><\/tr><tr><td>Pre\u010du iepakojumu skaits<\/td><td>1 gab.<\/td><\/tr><tr><td>Iepakojuma izm\u0113ri un svars<\/td><td>0,03 x 0,07 x 0,04 m, 0,02 kg<\/td><\/tr><tr><td>Izcelsmes valsts<\/td><td>\u0136\u012bna<\/td><\/tr><\/tbody><\/table><\/figure>\n\n\n\n<figure class=\"wp-block-table\"><table class=\"has-fixed-layout\"><tbody><tr><td>Pre\u010du z\u012bme<\/td><td>Collecta<\/td><\/tr><tr><td>Ieteicamais vecums no<\/td><td>3 gadi<\/td><\/tr><tr><td>Tips<\/td><td>Dz\u012bvnieki<\/td><\/tr><tr><td>Izcelsmes valsts<\/td><td>\u0136\u012bna<\/td><\/tr><\/tbody><\/table><\/figure>\n\n\n\n<\/div>\n\n\n        <\/div>\n    <\/div>\n<\/div>\n\n<section id=\"video-block_3d578e347f95caaa4f08a902f295f2e1\" class=\"block video \">\n  <div class=\"grid-container\">\n    <div class=\"grid-x grid-padding-x align-center\">\n      <div class=\"cell small-12\">\n        <div class=\"video__wrapper\">\n          <img decoding=\"async\" src=\"\" alt=\"\"\n            class=\"video__poster\">\n\n          <div id=\"video__player\"><\/div>\n          <button class=\"video__play\">\n            <svg width=\"64\" height=\"64\" fill=\"none\" xmlns=\"http:\/\/www.w3.org\/2000\/svg\"><path d=\"M28.467 41.933l12.8-8.2c.622-.4.933-.977.933-1.733 0-.756-.311-1.333-.933-1.733l-12.8-8.2c-.667-.445-1.378-.467-2.134-.067-.71.4-1.066 1.022-1.066 1.867v16.266c0 .845.355 1.467 1.066 1.867.756.4 1.467.378 2.134-.067zM32 59.133c-3.733 0-7.267-.71-10.6-2.133-3.289-1.422-6.156-3.356-8.6-5.8S8.422 45.889 7 42.6C5.578 39.267 4.867 35.733 4.867 32c0-3.778.71-7.311 2.133-10.6 1.422-3.289 3.356-6.156 5.8-8.6s5.311-4.378 8.6-5.8c3.333-1.422 6.867-2.133 10.6-2.133 3.778 0 7.311.71 10.6 2.133 3.289 1.422 6.156 3.356 8.6 5.8s4.378 5.311 5.8 8.6c1.422 3.289 2.133 6.822 2.133 10.6 0 3.733-.71 7.267-2.133 10.6-1.422 3.289-3.356 6.156-5.8 8.6s-5.311 4.378-8.6 5.8c-3.289 1.422-6.822 2.133-10.6 2.133z\" fill=\"#fff\"\/><\/svg>          <\/button>\n        <\/div>\n                  <p class=\"caption\">Image courtesy of Pixabay via Pexels<\/p>\n              <\/div>\n    <\/div>\n  <\/div>\n\n<\/section>\n\n\n<script>\n  let player;\n  function onYouTubeIframeAPIReady() {\n    player = new YT.Player('video__player', {\n      videoId: 'SMSD8IRm-PQ',\n      playerVars: {\n        autoplay: 0,\n        controls: 1,\n        rel: 0,\n      },\n      events: {\n        onReady: onPlayerReady,\n      },\n    });\n  }\n\n  function onPlayerReady(event) {\n    const poster = document.querySelector('.video__poster');\n    const playButton = document.querySelector('.video__play');\n\n    function playVideo() {\n      poster.style.display = 'none';\n      playButton.style.display = 'none';\n      document.getElementById('video__player').style.display = 'block';\n      player.playVideo();\n    }\n\n    poster.addEventListener('click', playVideo);\n    playButton.addEventListener('click', playVideo);\n  }\n<\/script>\n\n\n\n    <div class=\"grid-container\">\n        <div class=\"grid-x grid-padding-x align-center\">\n            <div class=\"cell small-12 medium-8 \">\n\n\n\n\n\n\n\n<p>Lectus leo massa amet posuere. Malesuada mattis non convallis quisque. Libero sit et imperdiet bibendum quisque dictum vestibulum in non. Pretium ultricies tempor non est diam. Enim ut enim amet amet integer cursus. Sit ac commodo pretium sed etiam turpis suspendisse at.<\/p>\n\n\n\n<p>Tristique odio senectus nam posuere ornare leo metus, ultricies. Blandit duis ultricies vulputate morbi feugiat cras placerat elit. Aliquam tellus lorem sed ac. Montes, sed mattis pellentesque suscipit accumsan. Cursus viverra aenean magna risus elementum faucibus molestie pellentesque. Arcu ultricies sed mauris vestibulum.<\/p>\n\n\n\n        <\/div>\n    <\/div>\n<\/div>\n\n<section id=\"subscribe-block-block_92e957e0701a171e9e51d271c08a3fec\" class=\"block subscribe-block \">\n\t<div class=\"grid-container\">\n\t\t<div class=\"grid-x grid-padding-x\">\n\t\t\t<div class=\"cell\">\n\t\t\t\t<div class=\"subscribe-block__holder\">\n\t\t\t\t\t<div id=\"subscribe_form_container\" class=\"grid-x grid-padding-x align-justify\">\n\t\t\t\t\t\t<div class=\"cell medium-6 \">\n\t\t\t\t\t\t\t<h2><\/h2>\n                            \t\t\t\t\t\t<\/div>\n\t\t\t\t\t\t<div class=\"cell medium-6 \">\n\t\t\t\t\t\t\t<p class=\"title-form\"><\/p>\n\t\t\t\t\t\t\t<form class=\"newsletter\">\n\t\t\t\t\t\t\t\t<input type=\"email\" name=\"email\" placeholder=\"Enter your email\" required>\t\t\t\t\t\t\t\t\n\t\t\t\t\t\t\t\t<label><input type=\"checkbox\" name=\"agree\" value=\"1\" required> <span class=\"custom-checkbox\"><\/span><p><\/p><\/label>\n\t\t\t\t\t\t\t\t<button type=\"submit\" class=\"btn\">Subscribe<\/button>\n\t\t\t\t\t\t\t<\/form>\n\t\t\t\t\t\t<\/div>\n\t\t\t\t\t<\/div>\n\t\t\t\t\t<div id=\"subscribe_success\" style=\"display: none\" class=\"grid-x grid-padding-x align-center\">\n\t\t\t\t\t\t<div class=\"cell medium-5 text-center\">\n\t\t\t\t\t\t\t<h2><\/h2>\n                            \t\t\t\t\t\t<\/div>\n\t\t\t\t\t<\/div>\n\t\t\t\t<\/div>\n\t\t\t<\/div>\n\t\t<\/div>\n\t<\/div>\n<\/section>","protected":false},"excerpt":{"rendered":"<p>Heading text Mi tincidunt elit, id quisque ligula ac diam, amet. Vel etiam suspendisse morbi eleifend faucibus eget vestibulum felis. Dictum quis montes, sit sit. Tellus aliquam enim urna, etiam. Mauris posuere vulputate arcu amet, vitae nisi, tellus tincidunt. At feugiat sapien varius id. Eget quis mi enim, leo lacinia pharetra, semper. Eget in volutpat&#8230; <a class=\"excerpt-read-more\" href=\"https:\/\/posmaster.lv\/en\/sample-page\/\" title=\"ReadCMS\">Read more &raquo;<\/a><\/p>\n","protected":false},"author":1,"featured_media":0,"parent":0,"menu_order":0,"comment_status":"closed","ping_status":"open","template":"templates\/template-cms.php","meta":{"_acf_changed":false,"footnotes":""},"class_list":["post-386","page","type-page","status-publish","hentry"],"acf":[],"yoast_head":"<!-- This site is optimized with the Yoast SEO plugin v25.8 - https:\/\/yoast.com\/wordpress\/plugins\/seo\/ -->\n<title>CMS - Posmaster.lv<\/title>\n<meta name=\"robots\" content=\"index, follow, max-snippet:-1, max-image-preview:large, max-video-preview:-1\" \/>\n<link rel=\"canonical\" href=\"https:\/\/posmaster.lv\/en\/sample-page\/\" \/>\n<meta property=\"og:locale\" content=\"en_US\" \/>\n<meta property=\"og:type\" content=\"article\" \/>\n<meta property=\"og:title\" content=\"CMS - Posmaster.lv\" \/>\n<meta property=\"og:description\" content=\"Heading text Mi tincidunt elit, id quisque ligula ac diam, amet. Vel etiam suspendisse morbi eleifend faucibus eget vestibulum felis. Dictum quis montes, sit sit. Tellus aliquam enim urna, etiam. Mauris posuere vulputate arcu amet, vitae nisi, tellus tincidunt. At feugiat sapien varius id. Eget quis mi enim, leo lacinia pharetra, semper. Eget in volutpat... Read more &raquo;\" \/>\n<meta property=\"og:url\" content=\"https:\/\/posmaster.lv\/en\/sample-page\/\" \/>\n<meta property=\"og:site_name\" content=\"Posmaster.lv\" \/>\n<meta property=\"article:modified_time\" content=\"2025-02-21T11:36:37+00:00\" \/>\n<meta property=\"og:image\" content=\"https:\/\/posmaster.lv\/wp-content\/uploads\/2024\/12\/img.jpg\" \/>\n<meta name=\"twitter:card\" content=\"summary_large_image\" \/>\n<meta name=\"twitter:label1\" content=\"Est. reading time\" \/>\n\t<meta name=\"twitter:data1\" content=\"4 minutes\" \/>\n<script type=\"application\/ld+json\" class=\"yoast-schema-graph\">{\"@context\":\"https:\/\/schema.org\",\"@graph\":[{\"@type\":\"WebPage\",\"@id\":\"https:\/\/posmaster.lv\/en\/sample-page\/\",\"url\":\"https:\/\/posmaster.lv\/en\/sample-page\/\",\"name\":\"CMS - Posmaster.lv\",\"isPartOf\":{\"@id\":\"https:\/\/posmaster.lv\/en\/#website\"},\"primaryImageOfPage\":{\"@id\":\"https:\/\/posmaster.lv\/en\/sample-page\/#primaryimage\"},\"image\":{\"@id\":\"https:\/\/posmaster.lv\/en\/sample-page\/#primaryimage\"},\"thumbnailUrl\":\"https:\/\/posmaster.lv\/wp-content\/uploads\/2024\/12\/img.jpg\",\"datePublished\":\"2024-12-20T16:29:40+00:00\",\"dateModified\":\"2025-02-21T11:36:37+00:00\",\"breadcrumb\":{\"@id\":\"https:\/\/posmaster.lv\/en\/sample-page\/#breadcrumb\"},\"inLanguage\":\"en-US\",\"potentialAction\":[{\"@type\":\"ReadAction\",\"target\":[\"https:\/\/posmaster.lv\/en\/sample-page\/\"]}]},{\"@type\":\"ImageObject\",\"inLanguage\":\"en-US\",\"@id\":\"https:\/\/posmaster.lv\/en\/sample-page\/#primaryimage\",\"url\":\"https:\/\/posmaster.lv\/wp-content\/uploads\/2024\/12\/img.jpg\",\"contentUrl\":\"https:\/\/posmaster.lv\/wp-content\/uploads\/2024\/12\/img.jpg\"},{\"@type\":\"BreadcrumbList\",\"@id\":\"https:\/\/posmaster.lv\/en\/sample-page\/#breadcrumb\",\"itemListElement\":[{\"@type\":\"ListItem\",\"position\":1,\"name\":\"S\u0101kums\",\"item\":\"https:\/\/posmaster.lv\/en\/\"},{\"@type\":\"ListItem\",\"position\":2,\"name\":\"CMS\"}]},{\"@type\":\"WebSite\",\"@id\":\"https:\/\/posmaster.lv\/en\/#website\",\"url\":\"https:\/\/posmaster.lv\/en\/\",\"name\":\"Posmaster.lv\",\"description\":\"CNC grie\u0161ana, l\u0101zergrie\u0161ana, plastmasas izstr\u0101djumi u.c.\",\"publisher\":{\"@id\":\"https:\/\/posmaster.lv\/en\/#organization\"},\"potentialAction\":[{\"@type\":\"SearchAction\",\"target\":{\"@type\":\"EntryPoint\",\"urlTemplate\":\"https:\/\/posmaster.lv\/en\/?s={search_term_string}\"},\"query-input\":{\"@type\":\"PropertyValueSpecification\",\"valueRequired\":true,\"valueName\":\"search_term_string\"}}],\"inLanguage\":\"en-US\"},{\"@type\":\"Organization\",\"@id\":\"https:\/\/posmaster.lv\/en\/#organization\",\"name\":\"Posmaster.lv\",\"url\":\"https:\/\/posmaster.lv\/en\/\",\"logo\":{\"@type\":\"ImageObject\",\"inLanguage\":\"en-US\",\"@id\":\"https:\/\/posmaster.lv\/en\/#\/schema\/logo\/image\/\",\"url\":\"https:\/\/posmaster.lv\/wp-content\/uploads\/2025\/05\/Vector.svg\",\"contentUrl\":\"https:\/\/posmaster.lv\/wp-content\/uploads\/2025\/05\/Vector.svg\",\"width\":1,\"height\":1,\"caption\":\"Posmaster.lv\"},\"image\":{\"@id\":\"https:\/\/posmaster.lv\/en\/#\/schema\/logo\/image\/\"}}]}<\/script>\n<!-- \/ Yoast SEO plugin. -->","yoast_head_json":{"title":"CMS - Posmaster.lv","robots":{"index":"index","follow":"follow","max-snippet":"max-snippet:-1","max-image-preview":"max-image-preview:large","max-video-preview":"max-video-preview:-1"},"canonical":"https:\/\/posmaster.lv\/en\/sample-page\/","og_locale":"en_US","og_type":"article","og_title":"CMS - Posmaster.lv","og_description":"Heading text Mi tincidunt elit, id quisque ligula ac diam, amet. Vel etiam suspendisse morbi eleifend faucibus eget vestibulum felis. Dictum quis montes, sit sit. Tellus aliquam enim urna, etiam. Mauris posuere vulputate arcu amet, vitae nisi, tellus tincidunt. At feugiat sapien varius id. Eget quis mi enim, leo lacinia pharetra, semper. Eget in volutpat... Read more &raquo;","og_url":"https:\/\/posmaster.lv\/en\/sample-page\/","og_site_name":"Posmaster.lv","article_modified_time":"2025-02-21T11:36:37+00:00","og_image":[{"url":"https:\/\/posmaster.lv\/wp-content\/uploads\/2024\/12\/img.jpg","type":"","width":"","height":""}],"twitter_card":"summary_large_image","twitter_misc":{"Est. reading time":"4 minutes"},"schema":{"@context":"https:\/\/schema.org","@graph":[{"@type":"WebPage","@id":"https:\/\/posmaster.lv\/en\/sample-page\/","url":"https:\/\/posmaster.lv\/en\/sample-page\/","name":"CMS - Posmaster.lv","isPartOf":{"@id":"https:\/\/posmaster.lv\/en\/#website"},"primaryImageOfPage":{"@id":"https:\/\/posmaster.lv\/en\/sample-page\/#primaryimage"},"image":{"@id":"https:\/\/posmaster.lv\/en\/sample-page\/#primaryimage"},"thumbnailUrl":"https:\/\/posmaster.lv\/wp-content\/uploads\/2024\/12\/img.jpg","datePublished":"2024-12-20T16:29:40+00:00","dateModified":"2025-02-21T11:36:37+00:00","breadcrumb":{"@id":"https:\/\/posmaster.lv\/en\/sample-page\/#breadcrumb"},"inLanguage":"en-US","potentialAction":[{"@type":"ReadAction","target":["https:\/\/posmaster.lv\/en\/sample-page\/"]}]},{"@type":"ImageObject","inLanguage":"en-US","@id":"https:\/\/posmaster.lv\/en\/sample-page\/#primaryimage","url":"https:\/\/posmaster.lv\/wp-content\/uploads\/2024\/12\/img.jpg","contentUrl":"https:\/\/posmaster.lv\/wp-content\/uploads\/2024\/12\/img.jpg"},{"@type":"BreadcrumbList","@id":"https:\/\/posmaster.lv\/en\/sample-page\/#breadcrumb","itemListElement":[{"@type":"ListItem","position":1,"name":"S\u0101kums","item":"https:\/\/posmaster.lv\/en\/"},{"@type":"ListItem","position":2,"name":"CMS"}]},{"@type":"WebSite","@id":"https:\/\/posmaster.lv\/en\/#website","url":"https:\/\/posmaster.lv\/en\/","name":"Posmaster.lv","description":"CNC grie\u0161ana, l\u0101zergrie\u0161ana, plastmasas izstr\u0101djumi u.c.","publisher":{"@id":"https:\/\/posmaster.lv\/en\/#organization"},"potentialAction":[{"@type":"SearchAction","target":{"@type":"EntryPoint","urlTemplate":"https:\/\/posmaster.lv\/en\/?s={search_term_string}"},"query-input":{"@type":"PropertyValueSpecification","valueRequired":true,"valueName":"search_term_string"}}],"inLanguage":"en-US"},{"@type":"Organization","@id":"https:\/\/posmaster.lv\/en\/#organization","name":"Posmaster.lv","url":"https:\/\/posmaster.lv\/en\/","logo":{"@type":"ImageObject","inLanguage":"en-US","@id":"https:\/\/posmaster.lv\/en\/#\/schema\/logo\/image\/","url":"https:\/\/posmaster.lv\/wp-content\/uploads\/2025\/05\/Vector.svg","contentUrl":"https:\/\/posmaster.lv\/wp-content\/uploads\/2025\/05\/Vector.svg","width":1,"height":1,"caption":"Posmaster.lv"},"image":{"@id":"https:\/\/posmaster.lv\/en\/#\/schema\/logo\/image\/"}}]}},"_links":{"self":[{"href":"https:\/\/posmaster.lv\/en\/wp-json\/wp\/v2\/pages\/386","targetHints":{"allow":["GET"]}}],"collection":[{"href":"https:\/\/posmaster.lv\/en\/wp-json\/wp\/v2\/pages"}],"about":[{"href":"https:\/\/posmaster.lv\/en\/wp-json\/wp\/v2\/types\/page"}],"author":[{"embeddable":true,"href":"https:\/\/posmaster.lv\/en\/wp-json\/wp\/v2\/users\/1"}],"replies":[{"embeddable":true,"href":"https:\/\/posmaster.lv\/en\/wp-json\/wp\/v2\/comments?post=386"}],"version-history":[{"count":0,"href":"https:\/\/posmaster.lv\/en\/wp-json\/wp\/v2\/pages\/386\/revisions"}],"wp:attachment":[{"href":"https:\/\/posmaster.lv\/en\/wp-json\/wp\/v2\/media?parent=386"}],"curies":[{"name":"wp","href":"https:\/\/api.w.org\/{rel}","templated":true}]}}