{"id":382,"date":"2024-12-30T18:35:49","date_gmt":"2024-12-30T16:35:49","guid":{"rendered":"https:\/\/posmaster.ecomstrive.dev\/kontakti\/"},"modified":"2026-02-09T16:47:08","modified_gmt":"2026-02-09T14:47:08","slug":"kontakti","status":"publish","type":"page","link":"https:\/\/posmaster.lv\/en\/kontakti\/","title":{"rendered":"Contact"},"content":{"rendered":"<section id=\"breadcrumbs-top-block_bac26c3c371f565fc22722d5ce46c5e7\" class=\"block breadcrumbs-top \">\n\t<div class=\"breadcrumbs-main\">\n\t\t<div class=\"grid-container\">\n\t\t\t<a href=\"https:\/\/posmaster.lv\/en\/\">Home<\/a>\n\t\t\t\n\t\t\t\n\t\t\t<p>Contact<\/p>\n\t\t<\/div>\n\t<\/div>\n<\/section>\n\n<section id=\"simple-hero-block_369a6b0f7f4e8f6d3e7ca7a0ee4a1a8f\" class=\"border_bottom block simple-hero \">\n\t<div class=\"simple-hero__container grid-container\">\n\t\t<div class=\"simple-hero__wrapper\">\n\t\t\t\t\t\t\t<h1 class=\"simple-hero__title\">Contact us<\/h1>\n\t\t\t\t\t\t\t\t\t\t<div class=\"simple-hero__subtitle\"><p>Do you have questions, ideas, or would you like to receive a personalized offer? We are always ready to help! Write, call, or use the contact form \u2014 the Posmaster team will respond quickly and accurately. Together we will find the best solution for your project!<\/p>\n<\/div>\n\t\t\t\t\t<\/div>\n\t<\/div>\n<\/section>\n\n<section id=\"contact-us-block_8332a81240582259130d897498d740fb\" class=\"page-contact block contact-us \">\n\t<div class=\"grid-container\">\n\t\t<div class=\"grid-x grid-padding-x wrapper\">\n\t\t\t<div class=\"cell small-12 medium-6\">\n\t\t\t\t<div class=\"grid-x grid-padding-x\">\n\t\t\t\t\t\t\t\t\t\t\t<div class=\"cell small-12 large-6\">\n\t\t\t\t\t\t\t<div class=\"page-contact__desc\">\n\t\t\t\t\t\t\t\t<svg width=\"32\" height=\"32\" fill=\"none\" xmlns=\"http:\/\/www.w3.org\/2000\/svg\"><path d=\"M16 29.567c-1.867 0-3.633-.356-5.3-1.067a13.712 13.712 0 01-4.3-2.9 13.712 13.712 0 01-2.9-4.3c-.711-1.644-1.067-3.411-1.067-5.3 0-1.889.356-3.656 1.067-5.3a13.712 13.712 0 012.9-4.3 13.712 13.712 0 014.3-2.9A13.364 13.364 0 0116 2.433c1.889 0 3.656.356 5.3 1.067a13.712 13.712 0 014.3 2.9 13.712 13.712 0 012.9 4.3c.711 1.644 1.067 3.411 1.067 5.3 0 1.889-.356 3.656-1.067 5.3a13.712 13.712 0 01-2.9 4.3 13.712 13.712 0 01-4.3 2.9c-1.644.711-3.411 1.067-5.3 1.067zM12.1 26.1l1.7-3.967a6.176 6.176 0 01-2.4-1.5A7.08 7.08 0 019.867 18.2L5.9 19.833a10.794 10.794 0 002.467 3.8A10.942 10.942 0 0012.1 26.1zM9.833 13.8a6.844 6.844 0 011.567-2.433 6.528 6.528 0 012.4-1.534L12.167 5.9A10.83 10.83 0 008.3 8.433 10.103 10.103 0 005.9 12.2l3.933 1.6zM16 19.767c1.044 0 1.933-.367 2.667-1.1.733-.734 1.1-1.623 1.1-2.667 0-1.044-.367-1.933-1.1-2.667-.734-.733-1.623-1.1-2.667-1.1-1.044 0-1.933.367-2.667 1.1-.733.734-1.1 1.623-1.1 2.667 0 1.044.367 1.933 1.1 2.667.734.733 1.623 1.1 2.667 1.1zm3.9 6.333a10.754 10.754 0 003.733-2.433 10.795 10.795 0 002.467-3.8L22.133 18.2a6.145 6.145 0 01-1.533 2.433 6.422 6.422 0 01-2.367 1.5L19.9 26.1zm2.233-12.333L26.1 12.1a10.533 10.533 0 00-2.467-3.733A10.532 10.532 0 0019.9 5.9l-1.633 4a5.938 5.938 0 012.333 1.5 6.8 6.8 0 011.533 2.367z\" fill=\"#000\"\/><\/svg>\t\t\t\t\t\t\t\t<h3>Phone<\/h3>\n<p>Monday to Friday 09:00 &#8211; 17:00<\/p>\n<p><a href=\"tel:+37167800825\">+371 67 800 825<\/a><\/p>\n\t\t\t\t\t\t\t<\/div>\n\t\t\t\t\t\t<\/div>\n\t\t\t\t\t\t\t\t\t\t\t\t\t\t\t\t<div class=\"cell small-12 large-6\">\n\t\t\t\t\t\t\t<div class=\"page-contact__desc\">\n\t\t\t\t\t\t\t\t<svg width=\"32\" height=\"32\" fill=\"none\" xmlns=\"http:\/\/www.w3.org\/2000\/svg\"><path d=\"M25.6 30.9l-1.8-1.8 2.133-2.2h-6v-2.567h6l-2.166-2.166 1.833-1.834 5.267 5.3L25.6 30.9zm-20.4-4c-.778 0-1.433-.267-1.967-.8-.533-.533-.8-1.189-.8-1.967V7.867c0-.778.267-1.434.8-1.967.534-.533 1.19-.8 1.967-.8h21.6c.778 0 1.433.267 1.967.8.533.533.8 1.189.8 1.967v10.866a8.3 8.3 0 00-1.9-.766 7.858 7.858 0 00-2.034-.267c-2.266 0-4.2.789-5.8 2.367-1.577 1.577-2.366 3.5-2.366 5.766V26.9H5.2zM16 17.4l10.8-6.867V7.867l-10.8 6.8-10.8-6.8v2.666L16 17.4z\" fill=\"#000\"\/><\/svg>\t\t\t\t\t\t\t\t<p>Email<\/p>\n<p>Write to us by email<\/p>\n<p><a href=\"&#x6d;a&#x69;&#108;&#x74;&#111;:&#x69;n&#x66;&#111;&#x40;&#112;o&#x73;&#109;&#x61;&#115;t&#x65;r&#x2e;&#108;&#x76;\">&#x69;&#110;f&#x6f;&#64;p&#x6f;&#115;m&#x61;&#115;t&#x65;&#114;&#46;&#x6c;&#118;<\/a><\/p>\n\t\t\t\t\t\t\t<\/div>\n\t\t\t\t\t\t<\/div>\n\t\t\t\t\t\t\t\t\t\t\t\t\t\t\t\t<div class=\"cell small-12 large-6\">\n\t\t\t\t\t\t\t<div class=\"page-contact__desc\">\n\t\t\t\t\t\t\t\t<svg width=\"32\" height=\"32\" fill=\"none\" xmlns=\"http:\/\/www.w3.org\/2000\/svg\"><path d=\"M5.2 28.233a2.745 2.745 0 01-1.967-.8 2.746 2.746 0 01-.8-1.966V19.8h9.9v2.433h7.334V19.8h9.9v5.667c0 .755-.278 1.41-.834 1.966a2.63 2.63 0 01-1.933.8H5.2zm9.6-8.433v-2.467h2.433V19.8H14.8zM2.433 17.333v-6.7c0-.755.267-1.4.8-1.933.556-.556 1.211-.833 1.967-.833h5.233v-2.9c0-.756.267-1.4.8-1.934a2.728 2.728 0 012-.833h5.534a2.62 2.62 0 011.966.833c.556.534.834 1.178.834 1.934v2.9H26.8c.756 0 1.4.277 1.933.833.556.533.834 1.178.834 1.933v6.7h-9.9V14.9h-7.334v2.433h-9.9zm10.8-9.466h5.534v-2.9h-5.534v2.9z\" fill=\"#000\"\/><\/svg>\t\t\t\t\t\t\t\t<p><strong>Company Details<\/strong><\/p>\n<p>Registration No.: 40003811041<\/p>\n<p>VAT Registration No.: LV40003811041<\/p>\n<p>Legal and Mailing Address: Augusta Deglava Street 166B, Riga, LV\u20111021, Latvia<\/p>\n\t\t\t\t\t\t\t<\/div>\n\t\t\t\t\t\t<\/div>\n\t\t\t\t\t\t\t\t\t\t\t\t\t\t\t\t<div class=\"cell small-12 large-6\">\n\t\t\t\t\t\t\t<div class=\"page-contact__desc\">\n\t\t\t\t\t\t\t\t<svg width=\"32\" height=\"32\" fill=\"none\" xmlns=\"http:\/\/www.w3.org\/2000\/svg\"><path d=\"M6.567 23.167V13.2h2.666v9.967H6.567zm8.133 0V13.2h2.667v9.967H14.7zm-12.267 5V25.4h27.134v2.767H2.433zm20.334-5V13.2h2.666v9.967h-2.666zm-20.334-12.2V8.2L16 1.1l13.567 7.1v2.767H2.433z\" fill=\"#000\"\/><\/svg>\t\t\t\t\t\t\t\t<h3>Bank account<\/h3>\n<p>LV93HABA0551015098527<\/p>\n<p><span style=\"color: #4f4f4f;\">Bank: Swedbank AS<\/span><\/p>\n<p>&nbsp;<\/p>\n\t\t\t\t\t\t\t<\/div>\n\t\t\t\t\t\t<\/div>\n\t\t\t\t\t\t\t\t\t<\/div>\n\t\t\t<\/div>\n\t\t\t<div class=\"cell small-12 medium-6\">\n\t\t\t\t\t\t\t\t\t\n<div class=\"wpcf7 no-js\" id=\"wpcf7-f7301-o1\" lang=\"en-US\" dir=\"ltr\" data-wpcf7-id=\"7301\">\n<div class=\"screen-reader-response\"><p role=\"status\" aria-live=\"polite\" aria-atomic=\"true\"><\/p> <ul><\/ul><\/div>\n<form action=\"\/en\/wp-json\/wp\/v2\/pages\/382#wpcf7-f7301-o1\" method=\"post\" class=\"wpcf7-form init\" aria-label=\"Contact form\" novalidate=\"novalidate\" data-status=\"init\">\n<fieldset class=\"hidden-fields-container\"><input type=\"hidden\" name=\"_wpcf7\" value=\"7301\" \/><input type=\"hidden\" name=\"_wpcf7_version\" value=\"6.1.1\" \/><input type=\"hidden\" name=\"_wpcf7_locale\" value=\"en_US\" \/><input type=\"hidden\" name=\"_wpcf7_unit_tag\" value=\"wpcf7-f7301-o1\" \/><input type=\"hidden\" name=\"_wpcf7_container_post\" value=\"0\" \/><input type=\"hidden\" name=\"_wpcf7_posted_data_hash\" value=\"\" \/><input type=\"hidden\" name=\"_wpcf7cf_hidden_group_fields\" value=\"[]\" \/><input type=\"hidden\" name=\"_wpcf7cf_hidden_groups\" value=\"[]\" \/><input type=\"hidden\" name=\"_wpcf7cf_visible_groups\" value=\"[]\" \/><input type=\"hidden\" name=\"_wpcf7cf_repeaters\" value=\"[]\" \/><input type=\"hidden\" name=\"_wpcf7cf_steps\" value=\"{}\" \/><input type=\"hidden\" name=\"_wpcf7cf_options\" value=\"{&quot;form_id&quot;:7301,&quot;conditions&quot;:[],&quot;settings&quot;:{&quot;animation&quot;:&quot;yes&quot;,&quot;animation_intime&quot;:200,&quot;animation_outtime&quot;:200,&quot;conditions_ui&quot;:&quot;normal&quot;,&quot;notice_dismissed&quot;:false,&quot;notice_dismissed_update-cf7-6.1.1&quot;:true}}\" \/><input type=\"hidden\" name=\"_wpcf7_recaptcha_response\" value=\"\" \/>\n<\/fieldset>\n<div class=\"grid-container\">\n\t<div class=\"grid-x grid-padding-x\">\n\t\t<div class=\"cell small-12 medium-6\">\n\t\t\t<p><label> First name, Last name *<br \/>\n<span class=\"wpcf7-form-control-wrap\" data-name=\"your-firstname\"><input size=\"40\" maxlength=\"400\" class=\"wpcf7-form-control wpcf7-text wpcf7-validates-as-required\" aria-required=\"true\" aria-invalid=\"false\" value=\"\" type=\"text\" name=\"your-firstname\" \/><\/span> <\/label>\n\t\t\t<\/p>\n\t\t<\/div>\n\t\t<div class=\"cell small-12 medium-6\">\n\t\t\t<p><label>Company name<br \/>\n<span class=\"wpcf7-form-control-wrap\" data-name=\"your-lastname\"><input size=\"40\" maxlength=\"400\" class=\"wpcf7-form-control wpcf7-text\" aria-invalid=\"false\" value=\"\" type=\"text\" name=\"your-lastname\" \/><\/span><\/label>\n\t\t\t<\/p>\n\t\t<\/div>\n\t\t<div class=\"cell small-12 medium-6\">\n\t\t\t<p><label> Email *<br \/>\n<span class=\"wpcf7-form-control-wrap\" data-name=\"your-email\"><input size=\"40\" maxlength=\"400\" class=\"wpcf7-form-control wpcf7-email wpcf7-validates-as-required wpcf7-text wpcf7-validates-as-email\" aria-required=\"true\" aria-invalid=\"false\" value=\"\" type=\"email\" name=\"your-email\" \/><\/span> <\/label>\n\t\t\t<\/p>\n\t\t<\/div>\n\t\t<div class=\"cell small-12 medium-6\">\n\t\t\t<p><label> Phone *<br \/>\n<span class=\"wpcf7-form-control-wrap\" data-name=\"phonetext-643\"><input size=\"40\" class=\"wpcf7-form-control wpcf7-phonetext wpcf7-validates-as-required wpcf7-text wpcf7-validates-as-phonetext country-phone\" aria-required=\"true\" aria-invalid=\"false\" value=\"\" type=\"text\" name=\"phonetext-643\" \/><input type=\"hidden\" name=\"phonetext-643-country-code\" class=\"wpcf7-phonetext-country-code\" \/><\/span><\/label>\n\t\t\t<\/p>\n\t\t<\/div>\n\t\t<div class=\"cell small-12\">\n\t\t\t<p><label> Order notes (optional)<br \/>\n<span class=\"wpcf7-form-control-wrap\" data-name=\"your-message\"><textarea cols=\"40\" rows=\"10\" maxlength=\"2000\" class=\"wpcf7-form-control wpcf7-textarea\" aria-invalid=\"false\" placeholder=\"Your message\" name=\"your-message\"><\/textarea><\/span><\/label>\n\t\t\t<\/p>\n\t\t<\/div>\n\t\t<div class=\"cell small-12\">\n\t\t\t<p><label> Technical data<br \/>\n<span class=\"wpcf7-form-control-wrap\" data-name=\"mfile-459\"><input size=\"40\" class=\"wpcf7-form-control wpcf7-drag-n-drop-file d-none\" aria-invalid=\"false\" type=\"file\" multiple=\"multiple\" data-name=\"mfile-459\" data-type=\"svg|png|jpg|gif|eps|pdf|dxf|cdr\" data-id=\"7301\" data-version=\"free version 1.3.9.3\" accept=\".svg, .png, .jpg, .gif, .eps, .pdf, .dxf, .cdr\" \/><\/span><\/label>\n\t\t\t<\/p>\n\t\t<\/div>\n\t\t<div class=\"cell small-12\">\n\t\t\t<div class=\"holder-checkbox\">\n\t\t\t\t<p><span class=\"wpcf7-form-control-wrap\" data-name=\"agreement\"><span class=\"wpcf7-form-control wpcf7-acceptance\"><span class=\"wpcf7-list-item\"><label><input type=\"checkbox\" name=\"agreement\" value=\"1\" aria-invalid=\"false\" \/><span class=\"wpcf7-list-item-label\"><span class=\"custom-checkbox\"><\/span>I have reviewed the terms and agree to the site\u2019s<a href=\"https:\/\/posmaster.lv\/privatuma-politika\/\"> privacy policy.<\/a>.<\/span><\/label><\/span><\/span><\/span>\n\t\t\t\t<\/p>\n\t\t\t<\/div>\n\t\t<\/div>\n\t\t<div class=\"cell small-12\">\n\t\t\t<p><input class=\"wpcf7-form-control wpcf7-submit has-spinner\" type=\"submit\" value=\"Send a message\" \/>\n\t\t\t<\/p>\n\t\t<\/div>\n\t<\/div>\n<\/div><div class=\"wpcf7-response-output\" aria-hidden=\"true\"><\/div>\n<\/form>\n<\/div>\n\t\t\t\t\t\t\t<\/div>\n\t\t<\/div>\n\t<\/div>\n<\/section>\n\n<section id=\"contact-map-block_600067be7868dd45f3051ae7210941ac\" class=\"block contact-map \">\n\t<div class=\"contact-map__container grid-container\">\n\t\t<div class=\"contact-map__wrapper\">\n\t\t\t\t\t\t\t<div class=\"contact-map__title\"><h2>How to find us<\/h2>\n<\/div>\n\t\t\t\t\t\t\t\t\t\t<div class=\"contact-map__subtitle\"><div class=\"contact-map__subtitle\">\n<p>Our production facility and office are located in Riga, at 166B Augusta Deglava Street \u2014 an easily accessible location by both car and public transport.<\/p>\n<ul>\n<li>Parking is available on site<\/li>\n<li>Public transport runs nearby<\/li>\n<li>Working hours: Monday\u2013Friday, 9:00 a.m.\u20135:00 p.m.<\/li>\n<\/ul>\n<\/div>\n<\/div>\n\t\t\t\t\t\t\t\t\t\t<iframe src=\"https:\/\/www.google.com\/maps\/embed?pb=!1m18!1m12!1m3!1d2176.3931177206996!2d24.229418077472232!3d56.94206577354756!2m3!1f0!2f0!3f0!3m2!1i1024!2i768!4f13.1!3m3!1m2!1s0x46eecdc1f637fd4d%3A0xc4a22ecfbd82e79c!2sPOSMASTER%20SIA!5e0!3m2!1sen!2slv!4v1748523903767!5m2!1sen!2slv\" width=\"600\" height=\"450\" style=\"border:0;\" allowfullscreen=\"\" loading=\"lazy\" referrerpolicy=\"no-referrer-when-downgrade\"><\/iframe>\t\t\t\t\t<\/div>\n\t<\/div>\n<\/section>","protected":false},"excerpt":{"rendered":"","protected":false},"author":3,"featured_media":0,"parent":0,"menu_order":0,"comment_status":"closed","ping_status":"closed","template":"","meta":{"_acf_changed":false,"footnotes":""},"class_list":["post-382","page","type-page","status-publish","hentry"],"acf":[],"yoast_head":"<!-- This site is optimized with the Yoast SEO plugin v25.8 - https:\/\/yoast.com\/wordpress\/plugins\/seo\/ -->\n<title>Contact - Posmaster.lv<\/title>\n<meta name=\"description\" content=\"Get in touch with Posmaster \u2013 find our phone number, email address, and office location in Riga, Latvia. Contact us for product inquiries, orders, or service information.\" \/>\n<meta name=\"robots\" content=\"index, follow, max-snippet:-1, max-image-preview:large, max-video-preview:-1\" \/>\n<link rel=\"canonical\" href=\"https:\/\/posmaster.lv\/en\/kontakti\/\" \/>\n<meta property=\"og:locale\" content=\"en_US\" \/>\n<meta property=\"og:type\" content=\"article\" \/>\n<meta property=\"og:title\" content=\"Contact - Posmaster.lv\" \/>\n<meta property=\"og:description\" content=\"Get in touch with Posmaster \u2013 find our phone number, email address, and office location in Riga, Latvia. Contact us for product inquiries, orders, or service information.\" \/>\n<meta property=\"og:url\" content=\"https:\/\/posmaster.lv\/en\/kontakti\/\" \/>\n<meta property=\"og:site_name\" content=\"Posmaster.lv\" \/>\n<meta property=\"article:modified_time\" content=\"2026-02-09T14:47:08+00:00\" \/>\n<meta name=\"twitter:card\" content=\"summary_large_image\" \/>\n<script type=\"application\/ld+json\" class=\"yoast-schema-graph\">{\"@context\":\"https:\/\/schema.org\",\"@graph\":[{\"@type\":\"WebPage\",\"@id\":\"https:\/\/posmaster.lv\/en\/kontakti\/\",\"url\":\"https:\/\/posmaster.lv\/en\/kontakti\/\",\"name\":\"Contact - Posmaster.lv\",\"isPartOf\":{\"@id\":\"https:\/\/posmaster.lv\/en\/#website\"},\"datePublished\":\"2024-12-30T16:35:49+00:00\",\"dateModified\":\"2026-02-09T14:47:08+00:00\",\"description\":\"Get in touch with Posmaster \u2013 find our phone number, email address, and office location in Riga, Latvia. Contact us for product inquiries, orders, or service information.\",\"breadcrumb\":{\"@id\":\"https:\/\/posmaster.lv\/en\/kontakti\/#breadcrumb\"},\"inLanguage\":\"en-US\",\"potentialAction\":[{\"@type\":\"ReadAction\",\"target\":[\"https:\/\/posmaster.lv\/en\/kontakti\/\"]}]},{\"@type\":\"BreadcrumbList\",\"@id\":\"https:\/\/posmaster.lv\/en\/kontakti\/#breadcrumb\",\"itemListElement\":[{\"@type\":\"ListItem\",\"position\":1,\"name\":\"S\u0101kums\",\"item\":\"https:\/\/posmaster.lv\/en\/\"},{\"@type\":\"ListItem\",\"position\":2,\"name\":\"Contact\"}]},{\"@type\":\"WebSite\",\"@id\":\"https:\/\/posmaster.lv\/en\/#website\",\"url\":\"https:\/\/posmaster.lv\/en\/\",\"name\":\"Posmaster.lv\",\"description\":\"CNC grie\u0161ana, l\u0101zergrie\u0161ana, plastmasas izstr\u0101djumi u.c.\",\"publisher\":{\"@id\":\"https:\/\/posmaster.lv\/en\/#organization\"},\"potentialAction\":[{\"@type\":\"SearchAction\",\"target\":{\"@type\":\"EntryPoint\",\"urlTemplate\":\"https:\/\/posmaster.lv\/en\/?s={search_term_string}\"},\"query-input\":{\"@type\":\"PropertyValueSpecification\",\"valueRequired\":true,\"valueName\":\"search_term_string\"}}],\"inLanguage\":\"en-US\"},{\"@type\":\"Organization\",\"@id\":\"https:\/\/posmaster.lv\/en\/#organization\",\"name\":\"Posmaster.lv\",\"url\":\"https:\/\/posmaster.lv\/en\/\",\"logo\":{\"@type\":\"ImageObject\",\"inLanguage\":\"en-US\",\"@id\":\"https:\/\/posmaster.lv\/en\/#\/schema\/logo\/image\/\",\"url\":\"https:\/\/posmaster.lv\/wp-content\/uploads\/2025\/05\/Vector.svg\",\"contentUrl\":\"https:\/\/posmaster.lv\/wp-content\/uploads\/2025\/05\/Vector.svg\",\"width\":1,\"height\":1,\"caption\":\"Posmaster.lv\"},\"image\":{\"@id\":\"https:\/\/posmaster.lv\/en\/#\/schema\/logo\/image\/\"}}]}<\/script>\n<!-- \/ Yoast SEO plugin. -->","yoast_head_json":{"title":"Contact - Posmaster.lv","description":"Get in touch with Posmaster \u2013 find our phone number, email address, and office location in Riga, Latvia. Contact us for product inquiries, orders, or service information.","robots":{"index":"index","follow":"follow","max-snippet":"max-snippet:-1","max-image-preview":"max-image-preview:large","max-video-preview":"max-video-preview:-1"},"canonical":"https:\/\/posmaster.lv\/en\/kontakti\/","og_locale":"en_US","og_type":"article","og_title":"Contact - Posmaster.lv","og_description":"Get in touch with Posmaster \u2013 find our phone number, email address, and office location in Riga, Latvia. Contact us for product inquiries, orders, or service information.","og_url":"https:\/\/posmaster.lv\/en\/kontakti\/","og_site_name":"Posmaster.lv","article_modified_time":"2026-02-09T14:47:08+00:00","twitter_card":"summary_large_image","schema":{"@context":"https:\/\/schema.org","@graph":[{"@type":"WebPage","@id":"https:\/\/posmaster.lv\/en\/kontakti\/","url":"https:\/\/posmaster.lv\/en\/kontakti\/","name":"Contact - Posmaster.lv","isPartOf":{"@id":"https:\/\/posmaster.lv\/en\/#website"},"datePublished":"2024-12-30T16:35:49+00:00","dateModified":"2026-02-09T14:47:08+00:00","description":"Get in touch with Posmaster \u2013 find our phone number, email address, and office location in Riga, Latvia. Contact us for product inquiries, orders, or service information.","breadcrumb":{"@id":"https:\/\/posmaster.lv\/en\/kontakti\/#breadcrumb"},"inLanguage":"en-US","potentialAction":[{"@type":"ReadAction","target":["https:\/\/posmaster.lv\/en\/kontakti\/"]}]},{"@type":"BreadcrumbList","@id":"https:\/\/posmaster.lv\/en\/kontakti\/#breadcrumb","itemListElement":[{"@type":"ListItem","position":1,"name":"S\u0101kums","item":"https:\/\/posmaster.lv\/en\/"},{"@type":"ListItem","position":2,"name":"Contact"}]},{"@type":"WebSite","@id":"https:\/\/posmaster.lv\/en\/#website","url":"https:\/\/posmaster.lv\/en\/","name":"Posmaster.lv","description":"CNC grie\u0161ana, l\u0101zergrie\u0161ana, plastmasas izstr\u0101djumi u.c.","publisher":{"@id":"https:\/\/posmaster.lv\/en\/#organization"},"potentialAction":[{"@type":"SearchAction","target":{"@type":"EntryPoint","urlTemplate":"https:\/\/posmaster.lv\/en\/?s={search_term_string}"},"query-input":{"@type":"PropertyValueSpecification","valueRequired":true,"valueName":"search_term_string"}}],"inLanguage":"en-US"},{"@type":"Organization","@id":"https:\/\/posmaster.lv\/en\/#organization","name":"Posmaster.lv","url":"https:\/\/posmaster.lv\/en\/","logo":{"@type":"ImageObject","inLanguage":"en-US","@id":"https:\/\/posmaster.lv\/en\/#\/schema\/logo\/image\/","url":"https:\/\/posmaster.lv\/wp-content\/uploads\/2025\/05\/Vector.svg","contentUrl":"https:\/\/posmaster.lv\/wp-content\/uploads\/2025\/05\/Vector.svg","width":1,"height":1,"caption":"Posmaster.lv"},"image":{"@id":"https:\/\/posmaster.lv\/en\/#\/schema\/logo\/image\/"}}]}},"_links":{"self":[{"href":"https:\/\/posmaster.lv\/en\/wp-json\/wp\/v2\/pages\/382","targetHints":{"allow":["GET"]}}],"collection":[{"href":"https:\/\/posmaster.lv\/en\/wp-json\/wp\/v2\/pages"}],"about":[{"href":"https:\/\/posmaster.lv\/en\/wp-json\/wp\/v2\/types\/page"}],"author":[{"embeddable":true,"href":"https:\/\/posmaster.lv\/en\/wp-json\/wp\/v2\/users\/3"}],"replies":[{"embeddable":true,"href":"https:\/\/posmaster.lv\/en\/wp-json\/wp\/v2\/comments?post=382"}],"version-history":[{"count":4,"href":"https:\/\/posmaster.lv\/en\/wp-json\/wp\/v2\/pages\/382\/revisions"}],"predecessor-version":[{"id":7677,"href":"https:\/\/posmaster.lv\/en\/wp-json\/wp\/v2\/pages\/382\/revisions\/7677"}],"wp:attachment":[{"href":"https:\/\/posmaster.lv\/en\/wp-json\/wp\/v2\/media?parent=382"}],"curies":[{"name":"wp","href":"https:\/\/api.w.org\/{rel}","templated":true}]}}